{"id":1665,"date":"2020-11-10T09:21:29","date_gmt":"2020-11-10T01:21:29","guid":{"rendered":"https:\/\/aolait.com\/?post_type=product&#038;p=1665"},"modified":"2025-10-21T19:03:58","modified_gmt":"2025-10-21T11:03:58","slug":"200w-led-profile","status":"publish","type":"product","link":"https:\/\/aolait.com\/pt\/produto\/perfil-de-led-200w\/","title":{"rendered":"Perfil Led 200W"},"content":{"rendered":"<p>Tens\u00e3o: AC100~240V 50-60Hz<\/p>\n<p>Entrada \/ sa\u00edda de sinal: Entrada\/sa\u00edda 3P-XLR, sinal DMX512<\/p>\n<p>Consumo de energia: 220W m\u00e1ximo<\/p>\n<p>Fonte de luz LED: luz branca 200W LED<\/p>\n<p>Canal DMX: Canal 3DMX<\/p>\n<p>Controlo: podem ser selecionadas 4 curvas de regula\u00e7\u00e3o; sincroniza\u00e7\u00e3o mestre-escravo; programa autopropulsor separado.<\/p>\n<p>\u00c2ngulo de feixe: 19, 26, 36\u00b0<\/p>\n<p>Classifica\u00e7\u00e3o \u00e0 prova de \u00e1gua: IP20<\/p>\n<p>Material da caixa: alum\u00ednio fundido sob press\u00e3o<\/p>\n<p>Entrada de alimenta\u00e7\u00e3o: Alimenta\u00e7\u00e3o PowerCON<\/p>\n<p>Temperatura ambiente de trabalho: -20\u00b0-40\u00b0<\/p>\n<p>Tamanho: 340*270*650mm<\/p>\n<p>N.W: 10kgs<\/p>","protected":false},"excerpt":{"rendered":"<p>Perfil de LED com zoom AL200LP 200w, \u00e2ngulo de feixe: 19, 26, 36\u00b0 (opcional)<\/p>\n<p>A caixa de alum\u00ednio branco quente ou branco frio \u00e9 opcional.<\/p>","protected":false},"featured_media":11887,"comment_status":"open","ping_status":"closed","template":"","meta":{"_acf_changed":false,"_seopress_robots_primary_cat":"none","_seopress_titles_title":"","_seopress_titles_desc":"","_seopress_robots_index":""},"product_brand":[],"product_cat":[41,403],"product_tag":[191,194,192],"class_list":{"0":"post-1665","1":"product","2":"type-product","3":"status-publish","4":"has-post-thumbnail","6":"product_cat-led-studio-light","7":"product_cat-product","8":"product_tag-200w-led-profile-light","9":"product_tag-300w-led-profile","10":"product_tag-led-leko-ellipsoidal","12":"first","13":"instock","14":"shipping-taxable","15":"product-type-simple"},"acf":[],"_links":{"self":[{"href":"https:\/\/aolait.com\/pt\/wp-json\/wp\/v2\/product\/1665","targetHints":{"allow":["GET"]}}],"collection":[{"href":"https:\/\/aolait.com\/pt\/wp-json\/wp\/v2\/product"}],"about":[{"href":"https:\/\/aolait.com\/pt\/wp-json\/wp\/v2\/types\/product"}],"replies":[{"embeddable":true,"href":"https:\/\/aolait.com\/pt\/wp-json\/wp\/v2\/comments?post=1665"}],"wp:featuredmedia":[{"embeddable":true,"href":"https:\/\/aolait.com\/pt\/wp-json\/wp\/v2\/media\/11887"}],"wp:attachment":[{"href":"https:\/\/aolait.com\/pt\/wp-json\/wp\/v2\/media?parent=1665"}],"wp:term":[{"taxonomy":"product_brand","embeddable":true,"href":"https:\/\/aolait.com\/pt\/wp-json\/wp\/v2\/product_brand?post=1665"},{"taxonomy":"product_cat","embeddable":true,"href":"https:\/\/aolait.com\/pt\/wp-json\/wp\/v2\/product_cat?post=1665"},{"taxonomy":"product_tag","embeddable":true,"href":"https:\/\/aolait.com\/pt\/wp-json\/wp\/v2\/product_tag?post=1665"}],"curies":[{"name":"wp","href":"https:\/\/api.w.org\/{rel}","templated":true}]}}