{"id":2216,"date":"2021-01-06T10:10:28","date_gmt":"2021-01-06T02:10:28","guid":{"rendered":"https:\/\/aolait.com\/?post_type=product&#038;p=2216"},"modified":"2025-12-08T09:32:43","modified_gmt":"2025-12-08T01:32:43","slug":"4x18w-led-battery-par","status":"publish","type":"product","link":"https:\/\/aolait.com\/pt\/produto\/4x18w-led-bateria-par\/","title":{"rendered":"B4C 4x18W Led Battery Par"},"content":{"rendered":"<p>Tens\u00e3o: AC100-240V,50-60Hz<\/p>\n<p>Pot\u00eancia: 75W<\/p>\n<p>Fonte de luz: 4 *18W Contas de LED de alto brilho (6 em 1)<\/p>\n<p>Cor: 16,7 milh\u00f5es de mudan\u00e7as de cor<\/p>\n<p>Vida \u00fatil: 50000 horas<\/p>\n<p>Canal: 6\/10CH<\/p>\n<p>Controlo: DMX512 \/ 2.4G sem fio DMX512 \/ WIFI Controle de aplicativos \uff08IOS E Andriod\uff09 \/ controle remoto IR \/ masterlave \/ autom\u00e1tico \/ som<\/p>\n<p>\u00c2ngulo da lente: 15\u00b0\/40\u00b0<\/p>\n<p>Dimmer: 0-100% 16Bit linear dimming no jitter flicker<\/p>\n<p>Controlo remoto DMX e IR sem fios<\/p>\n<p>Bateria: bateria de l\u00edtio 18650 importada *12 3 cordas 4 e 4*2400=9600 capacidade<\/p>\n<p>Tempo de carregamento: carga completa em 5 horas<\/p>\n<p>Tempo de descarga: O RGBWAUV \u00e9 totalmente brilhante durante 4,5 horas e monocrom\u00e1tico at\u00e9 20 horas. Modo autopropulsado 9 horas<\/p>\n<p>Estrobosc\u00f3pio: 0-20 vezes\/segundo<\/p>\n<p>Grau IP: IP22<\/p>\n<p>Tamanho: 19,5*19*25,5cm<\/p>\n<p>N.W: 2.4kgs<\/p>\n<p><iframe src=\"https:\/\/www.youtube.com\/embed\/07leEOpFm4I\" width=\"560\" height=\"315\" frameborder=\"0\" allowfullscreen=\"allowfullscreen\"><\/iframe><\/p>","protected":false},"excerpt":{"rendered":"<p>ALB4C \u00e9 um par de leds sem fios de tamanho \u00fanico, equipado com 4PCS 18W RGBWA+UV LEDs.<\/p>\n<p>A bateria com capacidade de implementa\u00e7\u00e3o especial da Aolait pode manter o trabalho durante cerca de 4,5 horas com a fun\u00e7\u00e3o de cor integral e a execu\u00e7\u00e3o autom\u00e1tica durante pelo menos 9 horas.<\/p>","protected":false},"featured_media":14082,"comment_status":"open","ping_status":"closed","template":"","meta":{"_acf_changed":false,"_seopress_robots_primary_cat":"none","_seopress_titles_title":"","_seopress_titles_desc":"","_seopress_robots_index":""},"product_brand":[],"product_cat":[220,403],"product_tag":[210,208,211,209],"class_list":{"0":"post-2216","1":"product","2":"type-product","3":"status-publish","4":"has-post-thumbnail","6":"product_cat-led-battery-uplight","7":"product_cat-product","8":"product_tag-4x18w-wireless-led-battery-par","9":"product_tag-led-battery-par","10":"product_tag-rgbwauv-led-wireless-par","11":"product_tag-wireless-led-par","13":"first","14":"instock","15":"shipping-taxable","16":"product-type-simple"},"acf":[],"_links":{"self":[{"href":"https:\/\/aolait.com\/pt\/wp-json\/wp\/v2\/product\/2216","targetHints":{"allow":["GET"]}}],"collection":[{"href":"https:\/\/aolait.com\/pt\/wp-json\/wp\/v2\/product"}],"about":[{"href":"https:\/\/aolait.com\/pt\/wp-json\/wp\/v2\/types\/product"}],"replies":[{"embeddable":true,"href":"https:\/\/aolait.com\/pt\/wp-json\/wp\/v2\/comments?post=2216"}],"wp:featuredmedia":[{"embeddable":true,"href":"https:\/\/aolait.com\/pt\/wp-json\/wp\/v2\/media\/14082"}],"wp:attachment":[{"href":"https:\/\/aolait.com\/pt\/wp-json\/wp\/v2\/media?parent=2216"}],"wp:term":[{"taxonomy":"product_brand","embeddable":true,"href":"https:\/\/aolait.com\/pt\/wp-json\/wp\/v2\/product_brand?post=2216"},{"taxonomy":"product_cat","embeddable":true,"href":"https:\/\/aolait.com\/pt\/wp-json\/wp\/v2\/product_cat?post=2216"},{"taxonomy":"product_tag","embeddable":true,"href":"https:\/\/aolait.com\/pt\/wp-json\/wp\/v2\/product_tag?post=2216"}],"curies":[{"name":"wp","href":"https:\/\/api.w.org\/{rel}","templated":true}]}}