{"id":2218,"date":"2021-01-08T11:55:19","date_gmt":"2021-01-08T03:55:19","guid":{"rendered":"https:\/\/aolait.com\/?post_type=product&#038;p=2218"},"modified":"2025-12-08T09:04:09","modified_gmt":"2025-12-08T01:04:09","slug":"6x18w-led-battery-par","status":"publish","type":"product","link":"https:\/\/aolait.com\/pt\/produto\/6x18w-bateria-led-par\/","title":{"rendered":"B6C 6x18W Led Bateria Par Uplight"},"content":{"rendered":"<p>Tens\u00e3o: AC100-240V,50-60Hz<\/p>\n<p>Pot\u00eancia: 108W<\/p>\n<p>Fonte de luz: 6 *18W Contas de LED de alto brilho (6 em 1)<\/p>\n<p>Cor: 16,7 milh\u00f5es de mudan\u00e7as de cor<\/p>\n<p>Vida \u00fatil: 50000 horas<\/p>\n<p>Canal: 6\/10CH<\/p>\n<p>Modo de controlo: DMX512 \/ 2.4G sem fio DMX512 \/ WIFI Controle de aplicativos \uff08IOS E Andriod\uff09 \/ controle remoto IR \/ mestre-escravo \/ autom\u00e1tico \/ som<\/p>\n<p>\u00c2ngulo da lente: 15\u00b0\/25\u00b0\/40\u00b0<\/p>\n<p>Bateria: capacidade de 9600<\/p>\n<p>A carga e a descarga podem atingir mais de 500 vezes<\/p>\n<p>Tempo de carregamento: carga completa em 5 horas<\/p>\n<p>Tempo de descarga: O RGBWAUV \u00e9 totalmente brilhante durante 4,5 horas e monocrom\u00e1tico at\u00e9 20 horas. Modo de funcionamento autom\u00e1tico 9 horas<\/p>\n<p>Estrobosc\u00f3pio: 0-20 vezes\/segundo<\/p>\n<p>Grau IP: IP22<\/p>\n<p>Tamanho: 19,5*19*25,5cm<\/p>\n<p>N.W: 3.2kgs<\/p>\n<p><iframe src=\"https:\/\/www.youtube.com\/embed\/07leEOpFm4I\" width=\"560\" height=\"315\" frameborder=\"0\" allowfullscreen=\"allowfullscreen\"><span data-mce-type=\"bookmark\" style=\"display: inline-block; width: 0px; overflow: hidden; line-height: 0;\" class=\"mce_SELRES_start\"><\/span><\/iframe><\/p>","protected":false},"excerpt":{"rendered":"<p>ALB6C \u00e9 apenas um par de led sem fio de tamanho de uma m\u00e3o, suporta controle de aplicativo WIFI \uff08IOS E Andriod), equipa 6PCS 18W RGBWA + UV LEDs.<\/p>\n<p>A bateria com capacidade de implementa\u00e7\u00e3o especial da Aolait pode manter o trabalho durante cerca de 4,5 horas com a fun\u00e7\u00e3o de cor integral e a execu\u00e7\u00e3o autom\u00e1tica durante pelo menos 9 horas.<\/p>","protected":false},"featured_media":14050,"comment_status":"open","ping_status":"closed","template":"","meta":{"_acf_changed":false,"_seopress_robots_primary_cat":"none","_seopress_titles_title":"","_seopress_titles_desc":"","_seopress_robots_index":""},"product_brand":[],"product_cat":[220,403],"product_tag":[212,214,213,211],"class_list":{"0":"post-2218","1":"product","2":"type-product","3":"status-publish","4":"has-post-thumbnail","6":"product_cat-led-battery-uplight","7":"product_cat-product","8":"product_tag-6x18w-led-battery-par","9":"product_tag-led-wireless-battery-par","10":"product_tag-led-wireless-uplight","11":"product_tag-rgbwauv-led-wireless-par","13":"first","14":"instock","15":"shipping-taxable","16":"product-type-simple"},"acf":[],"_links":{"self":[{"href":"https:\/\/aolait.com\/pt\/wp-json\/wp\/v2\/product\/2218","targetHints":{"allow":["GET"]}}],"collection":[{"href":"https:\/\/aolait.com\/pt\/wp-json\/wp\/v2\/product"}],"about":[{"href":"https:\/\/aolait.com\/pt\/wp-json\/wp\/v2\/types\/product"}],"replies":[{"embeddable":true,"href":"https:\/\/aolait.com\/pt\/wp-json\/wp\/v2\/comments?post=2218"}],"wp:featuredmedia":[{"embeddable":true,"href":"https:\/\/aolait.com\/pt\/wp-json\/wp\/v2\/media\/14050"}],"wp:attachment":[{"href":"https:\/\/aolait.com\/pt\/wp-json\/wp\/v2\/media?parent=2218"}],"wp:term":[{"taxonomy":"product_brand","embeddable":true,"href":"https:\/\/aolait.com\/pt\/wp-json\/wp\/v2\/product_brand?post=2218"},{"taxonomy":"product_cat","embeddable":true,"href":"https:\/\/aolait.com\/pt\/wp-json\/wp\/v2\/product_cat?post=2218"},{"taxonomy":"product_tag","embeddable":true,"href":"https:\/\/aolait.com\/pt\/wp-json\/wp\/v2\/product_tag?post=2218"}],"curies":[{"name":"wp","href":"https:\/\/api.w.org\/{rel}","templated":true}]}}