{"id":2487,"date":"2021-04-13T15:44:59","date_gmt":"2021-04-13T07:44:59","guid":{"rendered":"https:\/\/aolait.com\/?post_type=product&#038;p=2487"},"modified":"2025-10-21T19:03:58","modified_gmt":"2025-10-21T11:03:58","slug":"4006b-moving-head-wash","status":"publish","type":"product","link":"https:\/\/aolait.com\/pt\/produto\/4006b-lavagem-de-cabeca-movel\/","title":{"rendered":"Luz de lavagem de cabe\u00e7a m\u00f3vel 6X40W Led Blader"},"content":{"rendered":"<p>Par\u00e2metro<\/p>\n<p>Tens\u00e3o de entrada: AC90-AC240 50-60HZ<br \/>\nFonte de LED: 6X40w de alto brilho RGBW 4 em 1<br \/>\nCada pixel de led controlado<br \/>\n\u00c2ngulo de zoom: Grau do feixe: 5\u00b0-35\u00b0<br \/>\nVida \u00fatil da fonte de luz: 50.000 horas<br \/>\nRegula\u00e7\u00e3o da intensidade luminosa: regula\u00e7\u00e3o linear 0-100%<br \/>\nConsumo de energia: 260W<br \/>\nInclina\u00e7\u00e3o m\u00f3vel: 220\u00b0+16 bits de rota\u00e7\u00e3o suave e de alta precis\u00e3o<br \/>\nEstrobosc\u00f3pio: 1-25 vezes\/segundo<br \/>\nSinal de controlo: DMX512, master-slave, controlo por voz ou auto-propuls\u00e3o<br \/>\nprograma<br \/>\nCanal de controlo: 18\/32CH<br \/>\nTamanho do produto: 51*10*30cm<br \/>\net Peso 9,3 GS<\/p>","protected":false},"excerpt":{"rendered":"<p>A Blader \u00e9 uma avan\u00e7ada barra de LED m\u00f3vel com carater\u00edsticas que a transformam numa nova luz de efeito multi-feixe. Inclui seis novos e potentes LEDs OSRAM Ostar RGBW com uma pot\u00eancia nominal de 40W.<br \/>\nEst\u00e1 equipado com um zoom \u00f3tico motorizado capaz de um \u00e2ngulo de feixe m\u00ednimo de apenas 5\u00b0. Gra\u00e7as \u00e0s suas lentes extraordin\u00e1rias, o Blader \u00e9 capaz de produzir seis feixes de luz muito estreitos e densos, disparando raios de luz paralelos no ar. Nenhuma barra LED compar\u00e1vel \u00e9 capaz de produzir um efeito semelhante.<br \/>\nO \u00e2ngulo de zoom \u00e9 de 5-35 graus, com 7 vezes de efeito de zoom, produz tamb\u00e9m uma fun\u00e7\u00e3o de lavagem muito boa.<\/p>","protected":false},"featured_media":12161,"comment_status":"open","ping_status":"closed","template":"","meta":{"_acf_changed":false,"_seopress_robots_primary_cat":"none","_seopress_titles_title":"","_seopress_titles_desc":"","_seopress_robots_index":""},"product_brand":[],"product_cat":[28,403],"product_tag":[241,239,240,38],"class_list":{"0":"post-2487","1":"product","2":"type-product","3":"status-publish","4":"has-post-thumbnail","6":"product_cat-led-wash-moving-head","7":"product_cat-product","8":"product_tag-clay-paky-sharbar","9":"product_tag-led-bar-moving-head","10":"product_tag-led-blader","11":"product_tag-led-wash-moving-head","13":"first","14":"instock","15":"shipping-taxable","16":"product-type-simple"},"acf":[],"_links":{"self":[{"href":"https:\/\/aolait.com\/pt\/wp-json\/wp\/v2\/product\/2487","targetHints":{"allow":["GET"]}}],"collection":[{"href":"https:\/\/aolait.com\/pt\/wp-json\/wp\/v2\/product"}],"about":[{"href":"https:\/\/aolait.com\/pt\/wp-json\/wp\/v2\/types\/product"}],"replies":[{"embeddable":true,"href":"https:\/\/aolait.com\/pt\/wp-json\/wp\/v2\/comments?post=2487"}],"wp:featuredmedia":[{"embeddable":true,"href":"https:\/\/aolait.com\/pt\/wp-json\/wp\/v2\/media\/12161"}],"wp:attachment":[{"href":"https:\/\/aolait.com\/pt\/wp-json\/wp\/v2\/media?parent=2487"}],"wp:term":[{"taxonomy":"product_brand","embeddable":true,"href":"https:\/\/aolait.com\/pt\/wp-json\/wp\/v2\/product_brand?post=2487"},{"taxonomy":"product_cat","embeddable":true,"href":"https:\/\/aolait.com\/pt\/wp-json\/wp\/v2\/product_cat?post=2487"},{"taxonomy":"product_tag","embeddable":true,"href":"https:\/\/aolait.com\/pt\/wp-json\/wp\/v2\/product_tag?post=2487"}],"curies":[{"name":"wp","href":"https:\/\/api.w.org\/{rel}","templated":true}]}}