{"id":477,"date":"2020-10-28T15:53:50","date_gmt":"2020-10-28T07:53:50","guid":{"rendered":"https:\/\/aolait.com\/?post_type=product&#038;p=477"},"modified":"2025-10-21T19:04:00","modified_gmt":"2025-10-21T11:04:00","slug":"12x40w-led-moving-head-zoom","status":"publish","type":"product","link":"https:\/\/aolait.com\/pt\/produto\/12x40w-cabeca-movel-com-zoom\/","title":{"rendered":"12X40W Led Moving Head Zoom"},"content":{"rendered":"<p>Tens\u00e3o: AC 100~240V, 50\/60Hz<\/p>\n<p>Consumo de energia: 550W<\/p>\n<p>Fonte de luz: 12x40W Osram RGBW LED RGBW 4 in1<\/p>\n<p>Lux: 84700lm<\/p>\n<p>Zoom: Zoom linear 8\u00b0~60\u00b0<\/p>\n<p>Regulador de intensidade: 0~100% regulador de intensidade suave<\/p>\n<p>Controlado: DMX 512 controlado\/Mestre-escravo<\/p>\n<p>Canais DMX: 8\/17\/21\/55\/61CH<\/p>\n<p>Atualiza\u00e7\u00e3o do software: atrav\u00e9s de liga\u00e7\u00e3o DMX<\/p>\n<p>Panor\u00e2mica 540\u00b0, resolu\u00e7\u00e3o de 16 bits, inclina\u00e7\u00e3o 270\u00b0, resolu\u00e7\u00e3o de 16 bits<\/p>\n<p>Auto-corre\u00e7\u00e3o: Corre\u00e7\u00e3o autom\u00e1tica de panor\u00e2mica e inclina\u00e7\u00e3o quando mal posicionada<\/p>\n<p>Ecr\u00e3: Ecr\u00e3 LCD<\/p>\n<p>Entrada e sa\u00edda de Powercon Entrada e sa\u00edda de sinal para 3 pinos e 5 pinos<\/p>\n<p>Controlo por anel, controlo por pixel, efeito macro gr\u00e1fico incorporado.<\/p>\n<p>O padr\u00e3o de mapeamento livre controlado por pix\u00e9is permite a cria\u00e7\u00e3o de v\u00e1rios efeitos.<\/p>\n<p>Grau IP: IP20<\/p>\n<p><iframe src=\"https:\/\/www.youtube.com\/embed\/cAIggB2k48E\" width=\"560\" height=\"315\" frameborder=\"0\" allowfullscreen=\"allowfullscreen\"><\/iframe><\/p>","protected":false},"excerpt":{"rendered":"<p>12x40w Cabe\u00e7a m\u00f3vel com lava-loi\u00e7a super brilhante<\/p>\n<p>12PCS 40W RGBW LEDs, Lux: 84700lm Mistura de cores infinita<\/p>\n<p>Pixel e efeito gr\u00e1fico macro incorporado<\/p>\n<p>Efeito chocante, fun\u00e7\u00e3o de opera\u00e7\u00e3o poderosa, deixa tudo ser simples<\/p>","protected":false},"featured_media":13357,"comment_status":"open","ping_status":"closed","template":"","meta":{"_acf_changed":true,"_seopress_robots_primary_cat":"none","_seopress_titles_title":"","_seopress_titles_desc":"","_seopress_robots_index":""},"product_brand":[],"product_cat":[28,403],"product_tag":[32,33,23,34],"class_list":{"0":"post-477","1":"product","2":"type-product","3":"status-publish","4":"has-post-thumbnail","6":"product_cat-led-wash-moving-head","7":"product_cat-product","8":"product_tag-12x40w-led-wash-moving-head-with-zoom","9":"product_tag-church-lighting","10":"product_tag-concert-lighting","11":"product_tag-super-wash-zoom","13":"first","14":"instock","15":"downloadable","16":"shipping-taxable","17":"product-type-simple"},"acf":[],"_links":{"self":[{"href":"https:\/\/aolait.com\/pt\/wp-json\/wp\/v2\/product\/477","targetHints":{"allow":["GET"]}}],"collection":[{"href":"https:\/\/aolait.com\/pt\/wp-json\/wp\/v2\/product"}],"about":[{"href":"https:\/\/aolait.com\/pt\/wp-json\/wp\/v2\/types\/product"}],"replies":[{"embeddable":true,"href":"https:\/\/aolait.com\/pt\/wp-json\/wp\/v2\/comments?post=477"}],"wp:featuredmedia":[{"embeddable":true,"href":"https:\/\/aolait.com\/pt\/wp-json\/wp\/v2\/media\/13357"}],"wp:attachment":[{"href":"https:\/\/aolait.com\/pt\/wp-json\/wp\/v2\/media?parent=477"}],"wp:term":[{"taxonomy":"product_brand","embeddable":true,"href":"https:\/\/aolait.com\/pt\/wp-json\/wp\/v2\/product_brand?post=477"},{"taxonomy":"product_cat","embeddable":true,"href":"https:\/\/aolait.com\/pt\/wp-json\/wp\/v2\/product_cat?post=477"},{"taxonomy":"product_tag","embeddable":true,"href":"https:\/\/aolait.com\/pt\/wp-json\/wp\/v2\/product_tag?post=477"}],"curies":[{"name":"wp","href":"https:\/\/api.w.org\/{rel}","templated":true}]}}