{"id":4833,"date":"2023-09-05T17:17:31","date_gmt":"2023-09-05T09:17:31","guid":{"rendered":"https:\/\/aolait.com\/?post_type=product&#038;p=4833"},"modified":"2025-10-21T19:03:58","modified_gmt":"2025-10-21T11:03:58","slug":"230w-beam-movig-head-light-7r-sharpy","status":"publish","type":"product","link":"https:\/\/aolait.com\/pt\/produto\/farol-movel-de-230w-7r-sharpy\/","title":{"rendered":"Cabe\u00e7a m\u00f3vel de mini-feixe de 230W"},"content":{"rendered":"<p>Par\u00e2metros t\u00e9cnicos:<\/p>\n<p>Tens\u00e3o: 110-230V<\/p>\n<p>Pot\u00eancia: 300W<\/p>\n<p>L\u00e2mpada\uff1a L\u00e2mpada de 230w<\/p>\n<p>Balastro: balastro eletr\u00f3nico (entrada 380V)<\/p>\n<p>Roda de cores: 14 cores+aberto, efeito arco-\u00edris, mistura linear de cores<\/p>\n<p>Roda de Gobo: 14 gobos+abertos, efeito de fluxo de gobo, efeito de agita\u00e7\u00e3o de gobo<\/p>\n<p>Prismas: 8+16+24 (8+16 opcional) efeito de prisma, efeito de amplia\u00e7\u00e3o<\/p>\n<p>Estrobosc\u00f3pio: 1-10 vezes\/segundo, fun\u00e7\u00e3o macro incorporada<\/p>\n<p>Regulador de intensidade: Regulador de intensidade linear 0-100<\/p>\n<p>Movimento: Panor\u00e2mica 540\u00b0. Inclina\u00e7\u00e3o 270\u00b0. Solu\u00e7\u00e3o de 8\/16 bits. Corre\u00e7\u00e3o autom\u00e1tica de erros em caso de extravio.<\/p>\n<p>Controlo: Controlo DMX512, 16 canais\/som ativado<\/p>\n<p>Medidas: Tamanho: 50*34*36 Peso l\u00edquido: 11kgs.<\/p>\n<p>&nbsp;<\/p>\n<p><iframe title=\"Cabe\u00e7a m\u00f3vel Aolait Mini Beam 230W\" width=\"800\" height=\"450\" src=\"https:\/\/www.youtube.com\/embed\/SlAl2lnvQZI?feature=oembed\" frameborder=\"0\" allow=\"accelerometer; autoplay; clipboard-write; encrypted-media; gyroscope; picture-in-picture; web-share\" referrerpolicy=\"strict-origin-when-cross-origin\" allowfullscreen><\/iframe><\/p>","protected":false},"excerpt":{"rendered":"<p>Mini Beam 230W Moving Head light, com tamanho ultra-compacto mas potente na sa\u00edda. Com prismas de favo de mel, criou um efeito maravilhoso para o palco.<\/p>","protected":false},"featured_media":13315,"comment_status":"open","ping_status":"closed","template":"","meta":{"_acf_changed":true,"_seopress_robots_primary_cat":"none","_seopress_titles_title":"","_seopress_titles_desc":"Mini Beam 230W Moving Head, with ultra compacted size but powerful in output. With honeycombe prisms, it created wonderful effect to the stage.","_seopress_robots_index":""},"product_brand":[],"product_cat":[26,403],"product_tag":[57,22],"class_list":{"0":"post-4833","1":"product","2":"type-product","3":"status-publish","4":"has-post-thumbnail","6":"product_cat-lamp-moving-head","7":"product_cat-product","8":"product_tag-beam-moving-head","9":"product_tag-lamp-moving-head","11":"first","12":"instock","13":"downloadable","14":"virtual","15":"product-type-simple"},"acf":[],"_links":{"self":[{"href":"https:\/\/aolait.com\/pt\/wp-json\/wp\/v2\/product\/4833","targetHints":{"allow":["GET"]}}],"collection":[{"href":"https:\/\/aolait.com\/pt\/wp-json\/wp\/v2\/product"}],"about":[{"href":"https:\/\/aolait.com\/pt\/wp-json\/wp\/v2\/types\/product"}],"replies":[{"embeddable":true,"href":"https:\/\/aolait.com\/pt\/wp-json\/wp\/v2\/comments?post=4833"}],"wp:featuredmedia":[{"embeddable":true,"href":"https:\/\/aolait.com\/pt\/wp-json\/wp\/v2\/media\/13315"}],"wp:attachment":[{"href":"https:\/\/aolait.com\/pt\/wp-json\/wp\/v2\/media?parent=4833"}],"wp:term":[{"taxonomy":"product_brand","embeddable":true,"href":"https:\/\/aolait.com\/pt\/wp-json\/wp\/v2\/product_brand?post=4833"},{"taxonomy":"product_cat","embeddable":true,"href":"https:\/\/aolait.com\/pt\/wp-json\/wp\/v2\/product_cat?post=4833"},{"taxonomy":"product_tag","embeddable":true,"href":"https:\/\/aolait.com\/pt\/wp-json\/wp\/v2\/product_tag?post=4833"}],"curies":[{"name":"wp","href":"https:\/\/api.w.org\/{rel}","templated":true}]}}