{"id":587,"date":"2020-10-30T14:24:24","date_gmt":"2020-10-30T06:24:24","guid":{"rendered":"https:\/\/aolait.com\/?post_type=product&#038;p=587"},"modified":"2025-10-21T19:04:00","modified_gmt":"2025-10-21T11:04:00","slug":"380w-beam-moving-head","status":"publish","type":"product","link":"https:\/\/aolait.com\/pt\/produto\/cabeca-movel-com-feixe-de-380-w\/","title":{"rendered":"Cabe\u00e7a m\u00f3vel de feixe de 380 W"},"content":{"rendered":"<p>Tens\u00e3o: AC100-240V 50\/60Hz<\/p>\n<p>Pot\u00eancia: 550W<\/p>\n<p>Fonte de luz: L\u00e2mpada YODN de 380W<\/p>\n<p>Placa de cores: 1 roda de cores, 14 cores+ aberto<\/p>\n<p>Placa de gobo: 1 roda de gobo fixa, 17 gobos fixos + abertos<\/p>\n<p>Prisma: Prismas 1: prismas de 16 facetas<\/p>\n<p>Prismas 2: 48 prismas de face<\/p>\n<p>Geada e estrobosc\u00f3pio<\/p>\n<p>Movimento: Panor\u00e2mico: 540\u00b0, Inclina\u00e7\u00e3o: 270\u00b0, Resolu\u00e7\u00e3o de 16 bits<\/p>\n<p>Modo de controlo: Padr\u00e3o DMX512\/master-slave\/auto<\/p>\n<p>Canais DMX: 16 canais<\/p>\n<p>Roda de efeitos: Roda do arco-\u00edris<\/p>\n<p>Ecr\u00e3: Ecr\u00e3 t\u00e1til colorido<\/p>\n<p>Grau IP: IP20<\/p>\n<p>Tamanho: 365*290*590 mm<\/p>\n<p>Peso l\u00edquido: 20 KG<\/p>\n<p><iframe src=\"https:\/\/www.youtube.com\/embed\/cua_nYEsSzY\" width=\"560\" height=\"315\" frameborder=\"0\" allowfullscreen=\"allowfullscreen\"><\/iframe><\/p>","protected":false},"excerpt":{"rendered":"<p>A AL380B Aolait 380w BEAM possui uma nova e fi\u00e1vel l\u00e2mpada YODN de 380W, gra\u00e7as a esta incr\u00edvel pot\u00eancia, certifique-se de que as dist\u00e2ncias em pleno ar.<\/p>\n<p>As vantagens adicionais incluem 14 gogos fixos e 17 cores. Efeito de 2 prismas com Prismas 1: 16 prismas facetados Prismas 2: 48 prismas facetados adicionam efeito arco-\u00edris.<\/p>\n<p>\u00c2ngulo de feixe de 3\u00b0, design de padr\u00e3o moderno, prisma duplo e efeito chocante!<\/p>","protected":false},"featured_media":13347,"comment_status":"open","ping_status":"closed","template":"","meta":{"_acf_changed":true,"_seopress_robots_primary_cat":"none","_seopress_titles_title":"","_seopress_titles_desc":"","_seopress_robots_index":""},"product_brand":[],"product_cat":[26,403],"product_tag":[57,33,23,58,59],"class_list":{"0":"post-587","1":"product","2":"type-product","3":"status-publish","4":"has-post-thumbnail","6":"product_cat-lamp-moving-head","7":"product_cat-product","8":"product_tag-beam-moving-head","9":"product_tag-church-lighting","10":"product_tag-concert-lighting","11":"product_tag-sharpy-beam","12":"product_tag-sharpy-moving-head","14":"first","15":"instock","16":"shipping-taxable","17":"product-type-simple"},"acf":[],"_links":{"self":[{"href":"https:\/\/aolait.com\/pt\/wp-json\/wp\/v2\/product\/587","targetHints":{"allow":["GET"]}}],"collection":[{"href":"https:\/\/aolait.com\/pt\/wp-json\/wp\/v2\/product"}],"about":[{"href":"https:\/\/aolait.com\/pt\/wp-json\/wp\/v2\/types\/product"}],"replies":[{"embeddable":true,"href":"https:\/\/aolait.com\/pt\/wp-json\/wp\/v2\/comments?post=587"}],"wp:featuredmedia":[{"embeddable":true,"href":"https:\/\/aolait.com\/pt\/wp-json\/wp\/v2\/media\/13347"}],"wp:attachment":[{"href":"https:\/\/aolait.com\/pt\/wp-json\/wp\/v2\/media?parent=587"}],"wp:term":[{"taxonomy":"product_brand","embeddable":true,"href":"https:\/\/aolait.com\/pt\/wp-json\/wp\/v2\/product_brand?post=587"},{"taxonomy":"product_cat","embeddable":true,"href":"https:\/\/aolait.com\/pt\/wp-json\/wp\/v2\/product_cat?post=587"},{"taxonomy":"product_tag","embeddable":true,"href":"https:\/\/aolait.com\/pt\/wp-json\/wp\/v2\/product_tag?post=587"}],"curies":[{"name":"wp","href":"https:\/\/api.w.org\/{rel}","templated":true}]}}