{"id":847,"date":"2020-11-03T10:34:11","date_gmt":"2020-11-03T02:34:11","guid":{"rendered":"https:\/\/aolait.com\/?post_type=product&#038;p=847"},"modified":"2025-12-03T17:09:35","modified_gmt":"2025-12-03T09:09:35","slug":"36x12w-led-moving-head-zoom","status":"publish","type":"product","link":"https:\/\/aolait.com\/pt\/produto\/36x12w-led-cabeca-movel-zoom\/","title":{"rendered":"Cabe\u00e7a m\u00f3vel de 36x12W com zoom"},"content":{"rendered":"<p>Tens\u00e3o: AC100-240V 50\/60Hz<\/p>\n<p>Pot\u00eancia: 400W<\/p>\n<p>Fonte de luz: 36pcs 10W alto brilho RGBW 4 em 1 LEDs (5 em 1 ou 6 em 1 est\u00e3o dispon\u00edveis)<\/p>\n<p>Vida \u00fatil: 100000 horas<\/p>\n<p>Cor: RGBW misto (RGBWA ou RGBWA+UV) opcional<\/p>\n<p>Focagem: ajuste ultra-suave da focagem<\/p>\n<p>\u00c2ngulo do feixe: 15\u00b0.<\/p>\n<p>Estrobosc\u00f3pio: 1-10 vezes\/segundo ou aleat\u00f3rio<\/p>\n<p>Regulador de intensidade: 0-100% regula\u00e7\u00e3o linear<\/p>\n<p>Movimento: Panor\u00e2mica 540\u00b0, resolu\u00e7\u00e3o de 16 bits Inclina\u00e7\u00e3o 270\u00b0, resolu\u00e7\u00e3o de 16 bits<\/p>\n<p>Modo de controlo: Padr\u00e3o DMX 512\/master-salve\/som\/auto<\/p>\n<p>Canal DMX: 12\/16 canais<\/p>\n<p>Ecr\u00e3: Ecr\u00e3 LCD, ecr\u00e3 t\u00e1til<\/p>\n<p>Grau IP: IP20<\/p>\n<p>Tamanho: 425*295*390 mm<\/p>\n<p>Peso l\u00edquido: 10 KG<\/p>\n<p><iframe src=\"https:\/\/www.youtube.com\/embed\/qTiSE_3dw2w\" width=\"560\" height=\"315\" frameborder=\"0\" allowfullscreen=\"allowfullscreen\"><\/iframe><\/p>","protected":false},"excerpt":{"rendered":"<p>Cabe\u00e7a m\u00f3vel de lavagem LED 36*12W com zoom<\/p>\n<p>Um equipamento cl\u00e1ssico de ilumina\u00e7\u00e3o de palco<\/p>\n<p>Mistura RGBW para sete cores, cor opcional<\/p>\n<p>Corresponde absolutamente a todas as suas expectativas.<\/p>","protected":false},"featured_media":13917,"comment_status":"open","ping_status":"closed","template":"","meta":{"_acf_changed":true,"_seopress_robots_primary_cat":"none","_seopress_titles_title":"","_seopress_titles_desc":"","_seopress_robots_index":""},"product_brand":[],"product_cat":[28,403],"product_tag":[89,38,90],"class_list":{"0":"post-847","1":"product","2":"type-product","3":"status-publish","4":"has-post-thumbnail","6":"product_cat-led-wash-moving-head","7":"product_cat-product","8":"product_tag-36x12w-led-wash","9":"product_tag-led-wash-moving-head","10":"product_tag-led-wash-zoom","12":"first","13":"instock","14":"downloadable","15":"shipping-taxable","16":"product-type-simple"},"acf":[],"_links":{"self":[{"href":"https:\/\/aolait.com\/pt\/wp-json\/wp\/v2\/product\/847","targetHints":{"allow":["GET"]}}],"collection":[{"href":"https:\/\/aolait.com\/pt\/wp-json\/wp\/v2\/product"}],"about":[{"href":"https:\/\/aolait.com\/pt\/wp-json\/wp\/v2\/types\/product"}],"replies":[{"embeddable":true,"href":"https:\/\/aolait.com\/pt\/wp-json\/wp\/v2\/comments?post=847"}],"wp:featuredmedia":[{"embeddable":true,"href":"https:\/\/aolait.com\/pt\/wp-json\/wp\/v2\/media\/13917"}],"wp:attachment":[{"href":"https:\/\/aolait.com\/pt\/wp-json\/wp\/v2\/media?parent=847"}],"wp:term":[{"taxonomy":"product_brand","embeddable":true,"href":"https:\/\/aolait.com\/pt\/wp-json\/wp\/v2\/product_brand?post=847"},{"taxonomy":"product_cat","embeddable":true,"href":"https:\/\/aolait.com\/pt\/wp-json\/wp\/v2\/product_cat?post=847"},{"taxonomy":"product_tag","embeddable":true,"href":"https:\/\/aolait.com\/pt\/wp-json\/wp\/v2\/product_tag?post=847"}],"curies":[{"name":"wp","href":"https:\/\/api.w.org\/{rel}","templated":true}]}}