{"id":902,"date":"2020-11-03T13:50:01","date_gmt":"2020-11-03T05:50:01","guid":{"rendered":"https:\/\/aolait.com\/?post_type=product&#038;p=902"},"modified":"2026-03-19T15:04:07","modified_gmt":"2026-03-19T07:04:07","slug":"19x15w-led-moving-head-with-lens-rotation","status":"publish","type":"product","link":"https:\/\/aolait.com\/pt\/produto\/cabeca-movel-de-19x15w-com-rotacao-da-lente\/","title":{"rendered":"Cabe\u00e7a m\u00f3vel de 19x15W com rota\u00e7\u00e3o da lente"},"content":{"rendered":"<p>Tens\u00e3o: AC100-240V 50\/60Hz<\/p>\n<p>Pot\u00eancia: 450W<\/p>\n<p>Fonte de luz: 19 PCS 15W de alto brilho RGBW 4 em 1 LEDs<\/p>\n<p>Vida \u00fatil: 50000 horas<\/p>\n<p>Zoom: 4\u00b0-60\u00b0<\/p>\n<p>Estrobosc\u00f3pio: 0-20 vezes\/segundo<\/p>\n<p>Regulador de intensidade: 0-100% regula\u00e7\u00e3o linear<\/p>\n<p>Movimento: Panor\u00e2mica 540\u00b0, resolu\u00e7\u00e3o de 16 bits Inclina\u00e7\u00e3o 270\u00b0, resolu\u00e7\u00e3o de 16 bits<\/p>\n<p>Modelos de controlo: Padr\u00e3o DMX 512\/Master-salve\/Som\/Auto<\/p>\n<p>Canal DMX: 21\/23\/35\/78\/92\/97\/99 Canais<\/p>\n<p>Ecr\u00e3: Ecr\u00e3 LCD<\/p>\n<p>Grau IP: IP20<\/p>\n<p>Tamanho: 415*275*425 mm<\/p>\n<p>N.W: 15 KG<\/p>\n<p><iframe src=\"https:\/\/www.youtube.com\/embed\/lF0vkh6YH_A\" width=\"560\" height=\"315\" frameborder=\"0\" allowfullscreen=\"allowfullscreen\"><\/iframe><\/p>","protected":false},"excerpt":{"rendered":"<p>AL1019WR Cada LED pode ser controlado individualmente, com uma lente de design \u00fanico em forma de favo de mel<\/p>\n<p>A lente frontal pode rodar sem limita\u00e7\u00f5es na dire\u00e7\u00e3o para a frente e para tr\u00e1s para criar efeitos fant\u00e1sticos<\/p>\n<p>O ecr\u00e3 pode ser virado ao contr\u00e1rio com 180\u00b0 automaticamente para se adaptar \u00e0 instala\u00e7\u00e3o em diferentes locais<\/p>\n<p>Pode ser utilizado como feixe, lavagem ou luz de efeito (efeitos Kaleido)<\/p>","protected":false},"featured_media":14276,"comment_status":"open","ping_status":"closed","template":"","meta":{"_acf_changed":true,"_seopress_robots_primary_cat":"none","_seopress_titles_title":"","_seopress_titles_desc":"","_seopress_robots_index":""},"product_brand":[],"product_cat":[28,403],"product_tag":[96,97,38],"class_list":{"0":"post-902","1":"product","2":"type-product","3":"status-publish","4":"has-post-thumbnail","6":"product_cat-led-wash-moving-head","7":"product_cat-product","8":"product_tag-19x15w-led-moving-head","9":"product_tag-bee-eye-effect","10":"product_tag-led-wash-moving-head","12":"first","13":"instock","14":"shipping-taxable","15":"product-type-simple"},"acf":[],"_links":{"self":[{"href":"https:\/\/aolait.com\/pt\/wp-json\/wp\/v2\/product\/902","targetHints":{"allow":["GET"]}}],"collection":[{"href":"https:\/\/aolait.com\/pt\/wp-json\/wp\/v2\/product"}],"about":[{"href":"https:\/\/aolait.com\/pt\/wp-json\/wp\/v2\/types\/product"}],"replies":[{"embeddable":true,"href":"https:\/\/aolait.com\/pt\/wp-json\/wp\/v2\/comments?post=902"}],"wp:featuredmedia":[{"embeddable":true,"href":"https:\/\/aolait.com\/pt\/wp-json\/wp\/v2\/media\/14276"}],"wp:attachment":[{"href":"https:\/\/aolait.com\/pt\/wp-json\/wp\/v2\/media?parent=902"}],"wp:term":[{"taxonomy":"product_brand","embeddable":true,"href":"https:\/\/aolait.com\/pt\/wp-json\/wp\/v2\/product_brand?post=902"},{"taxonomy":"product_cat","embeddable":true,"href":"https:\/\/aolait.com\/pt\/wp-json\/wp\/v2\/product_cat?post=902"},{"taxonomy":"product_tag","embeddable":true,"href":"https:\/\/aolait.com\/pt\/wp-json\/wp\/v2\/product_tag?post=902"}],"curies":[{"name":"wp","href":"https:\/\/api.w.org\/{rel}","templated":true}]}}