{"id":910,"date":"2020-11-03T14:21:45","date_gmt":"2020-11-03T06:21:45","guid":{"rendered":"https:\/\/aolait.com\/?post_type=product&#038;p=910"},"modified":"2025-12-03T17:55:13","modified_gmt":"2025-12-03T09:55:13","slug":"19x15w-led-moving-head-candy","status":"publish","type":"product","link":"https:\/\/aolait.com\/pt\/produto\/19x15w-led-cabeca-movel-para-doces\/","title":{"rendered":"19X15W LED Moving Head Candy"},"content":{"rendered":"<p>Tens\u00e3o: AC100-240V 50\/60Hz<\/p>\n<p>Pot\u00eancia: 250W<\/p>\n<p>Fonte de luz: 19pcs 15W alto brilho RGBW 4 em 1 LEDs<\/p>\n<p>Luz de fundo LED: 30pcs 0.18W RGB 3 em 1<\/p>\n<p>Vida \u00fatil: 100000 horas<\/p>\n<p>Cor: mistura infinita RGBW<\/p>\n<p>Zoom: 8\u00b0-50\u00b0<\/p>\n<p>Estrobosc\u00f3pio: 1-25 vezes\/segundo<\/p>\n<p>Regulador de intensidade: Sistema de regula\u00e7\u00e3o linear 0-100%<\/p>\n<p>Movimento: Panor\u00e2mica 540\u00b0, resolu\u00e7\u00e3o de 16 bits Inclina\u00e7\u00e3o 270\u00b0, resolu\u00e7\u00e3o de 16 bits<\/p>\n<p>Modo de controlo: Padr\u00e3o DMX 512\/master-salve\/som\/auto<\/p>\n<p>Canal DMX: 14\/25 canais<\/p>\n<p>Ecr\u00e3: Ecr\u00e3 LCD<\/p>\n<p>Fun\u00e7\u00e3o: Com obturador LED, mem\u00f3ria de posi\u00e7\u00e3o de varrimento e reposicionamento autom\u00e1tico.<\/p>\n<p>Com LED de retroilumina\u00e7\u00e3o para uma utiliza\u00e7\u00e3o perfeita do efeito \"eye-candy\".<\/p>\n<p>Grau IP: IP20<\/p>\n<p>Tamanho: 260*160*300 mm<\/p>\n<p>Peso l\u00edquido: 7,7 KG<\/p>\n<p><iframe src=\"https:\/\/www.youtube.com\/embed\/8coLHMjlao0\" width=\"560\" height=\"315\" frameborder=\"0\" allowfullscreen=\"allowfullscreen\"><\/iframe><\/p>","protected":false},"excerpt":{"rendered":"<p>AL1019WZ+, uma luz de cabe\u00e7a m\u00f3vel de lavagem com zoom: 8\u00b0-50\u00b0.<\/p>\n<p>Possui efeito de feixe e de lavagem com luz de fundo \u00fanica, produzindo efeitos de rebu\u00e7ado para os olhos.<\/p>\n<p>&nbsp;<\/p>","protected":false},"featured_media":13942,"comment_status":"open","ping_status":"closed","template":"","meta":{"_acf_changed":true,"_seopress_robots_primary_cat":"none","_seopress_titles_title":"","_seopress_titles_desc":"","_seopress_robots_index":""},"product_brand":[],"product_cat":[28,403],"product_tag":[99,38,100,94],"class_list":{"0":"post-910","1":"product","2":"type-product","3":"status-publish","4":"has-post-thumbnail","6":"product_cat-led-wash-moving-head","7":"product_cat-product","8":"product_tag-19x15w-with-back-light","9":"product_tag-led-wash-moving-head","10":"product_tag-rgbw-led-wash-zoom","11":"product_tag-super-zoom-led-wash","13":"first","14":"instock","15":"shipping-taxable","16":"product-type-simple"},"acf":[],"_links":{"self":[{"href":"https:\/\/aolait.com\/pt\/wp-json\/wp\/v2\/product\/910","targetHints":{"allow":["GET"]}}],"collection":[{"href":"https:\/\/aolait.com\/pt\/wp-json\/wp\/v2\/product"}],"about":[{"href":"https:\/\/aolait.com\/pt\/wp-json\/wp\/v2\/types\/product"}],"replies":[{"embeddable":true,"href":"https:\/\/aolait.com\/pt\/wp-json\/wp\/v2\/comments?post=910"}],"wp:featuredmedia":[{"embeddable":true,"href":"https:\/\/aolait.com\/pt\/wp-json\/wp\/v2\/media\/13942"}],"wp:attachment":[{"href":"https:\/\/aolait.com\/pt\/wp-json\/wp\/v2\/media?parent=910"}],"wp:term":[{"taxonomy":"product_brand","embeddable":true,"href":"https:\/\/aolait.com\/pt\/wp-json\/wp\/v2\/product_brand?post=910"},{"taxonomy":"product_cat","embeddable":true,"href":"https:\/\/aolait.com\/pt\/wp-json\/wp\/v2\/product_cat?post=910"},{"taxonomy":"product_tag","embeddable":true,"href":"https:\/\/aolait.com\/pt\/wp-json\/wp\/v2\/product_tag?post=910"}],"curies":[{"name":"wp","href":"https:\/\/api.w.org\/{rel}","templated":true}]}}