{"id":924,"date":"2020-11-03T14:46:46","date_gmt":"2020-11-03T06:46:46","guid":{"rendered":"https:\/\/aolait.com\/?post_type=product&#038;p=924"},"modified":"2025-10-21T19:04:00","modified_gmt":"2025-10-21T11:04:00","slug":"19x15w-led-moving-head-with-zoom","status":"publish","type":"product","link":"https:\/\/aolait.com\/pt\/produto\/cabeca-movel-de-19x15w-com-zoom\/","title":{"rendered":"Cabe\u00e7a m\u00f3vel de 19x15W com zoom"},"content":{"rendered":"<p>Tens\u00e3o: AC100-240V,50\/60HZ<\/p>\n<p>Fonte de luz: 19PCS 15W RGBW 4 em 1 chip de LED<\/p>\n<p>Modo de controlo: DMX 512<\/p>\n<p>Canal: 16 CH<\/p>\n<p>Regulador de intensidade: 0-100%, quatro curvas de regula\u00e7\u00e3o<\/p>\n<p>Estrobosc\u00f3pio: 0-25HZ, aleat\u00f3rio mais fun\u00e7\u00e3o estrobosc\u00f3pica<\/p>\n<p>\u00c2ngulo de zoom: 10\u00b0-60\u00b0<\/p>\n<p>Pan 540\u00b0Tilt240\u00b0, resolu\u00e7\u00e3o 16Bit, corre\u00e7\u00e3o autom\u00e1tica de erros<\/p>\n<p>Ecr\u00e3: LCD chin\u00eas e ingl\u00eas<\/p>\n<p>Grau IP: IP20<\/p>\n<p>Inv\u00f3lucro: Pl\u00e1stico de engenharia retardador<\/p>\n<p>Tamanho: 260*160*300mm<\/p>\n<p>N.W: 9.5kgs<\/p>\n<p><iframe src=\"https:\/\/www.youtube.com\/embed\/DX4EhC10F-o\" width=\"560\" height=\"315\" frameborder=\"0\" allowfullscreen=\"allowfullscreen\"><\/iframe><\/p>","protected":false},"excerpt":{"rendered":"<p>AL1019WZ equipa 19PCS 15W 4-in-1 RGBW LEDs.<\/p>\n<p>As carater\u00edsticas vantajosas incluem controlo de c\u00edrculo, zoom de lavagem grande 10\u00b0-60\u00b0.<\/p>\n<p>Um acess\u00f3rio popular para palcos, concertos, discotecas e actua\u00e7\u00f5es.<\/p>","protected":false},"featured_media":13329,"comment_status":"open","ping_status":"closed","template":"","meta":{"_acf_changed":true,"_seopress_robots_primary_cat":"none","_seopress_titles_title":"","_seopress_titles_desc":"","_seopress_robots_index":""},"product_brand":[],"product_cat":[28,403],"product_tag":[96,38,100,101],"class_list":{"0":"post-924","1":"product","2":"type-product","3":"status-publish","4":"has-post-thumbnail","6":"product_cat-led-wash-moving-head","7":"product_cat-product","8":"product_tag-19x15w-led-moving-head","9":"product_tag-led-wash-moving-head","10":"product_tag-rgbw-led-wash-zoom","11":"product_tag-rgbw-moving-head","13":"first","14":"instock","15":"shipping-taxable","16":"product-type-simple"},"acf":[],"_links":{"self":[{"href":"https:\/\/aolait.com\/pt\/wp-json\/wp\/v2\/product\/924","targetHints":{"allow":["GET"]}}],"collection":[{"href":"https:\/\/aolait.com\/pt\/wp-json\/wp\/v2\/product"}],"about":[{"href":"https:\/\/aolait.com\/pt\/wp-json\/wp\/v2\/types\/product"}],"replies":[{"embeddable":true,"href":"https:\/\/aolait.com\/pt\/wp-json\/wp\/v2\/comments?post=924"}],"wp:featuredmedia":[{"embeddable":true,"href":"https:\/\/aolait.com\/pt\/wp-json\/wp\/v2\/media\/13329"}],"wp:attachment":[{"href":"https:\/\/aolait.com\/pt\/wp-json\/wp\/v2\/media?parent=924"}],"wp:term":[{"taxonomy":"product_brand","embeddable":true,"href":"https:\/\/aolait.com\/pt\/wp-json\/wp\/v2\/product_brand?post=924"},{"taxonomy":"product_cat","embeddable":true,"href":"https:\/\/aolait.com\/pt\/wp-json\/wp\/v2\/product_cat?post=924"},{"taxonomy":"product_tag","embeddable":true,"href":"https:\/\/aolait.com\/pt\/wp-json\/wp\/v2\/product_tag?post=924"}],"curies":[{"name":"wp","href":"https:\/\/api.w.org\/{rel}","templated":true}]}}