{"id":997,"date":"2020-11-04T10:33:06","date_gmt":"2020-11-04T02:33:06","guid":{"rendered":"https:\/\/aolait.com\/?post_type=product&#038;p=997"},"modified":"2025-10-21T19:04:00","modified_gmt":"2025-10-21T11:04:00","slug":"6x40w-led-moving-head-zoom","status":"publish","type":"product","link":"https:\/\/aolait.com\/pt\/produto\/6x40w-led-cabeca-movel-zoom\/","title":{"rendered":"Cabe\u00e7a m\u00f3vel de 6x40W com zoom"},"content":{"rendered":"<p>Tens\u00e3o: AC100-240V 50\/60Hz<\/p>\n<p>Pot\u00eancia: 255W<\/p>\n<p>Fonte de luz: 6 PCS 40W LEDs RGBW 4 em 1 de alto brilho<\/p>\n<p>Vida \u00fatil: 50000 horas<\/p>\n<p>Zoom: 4\u00b0-36\u00b0<\/p>\n<p>Regulador de intensidade: 0-100% regula\u00e7\u00e3o linear<\/p>\n<p>Movimento: Panor\u00e2mica 540\u00b0, Inclina\u00e7\u00e3o 190\u00b0, alta velocidade de movimento panor\u00e2mico\/inclinado, a velocidade do movimento panor\u00e2mico\/inclinado \u00e9 ajust\u00e1vel<\/p>\n<p>Modo de controlo: Padr\u00e3o DMX 512\/master-salve\/som\/auto<\/p>\n<p>Canal DMX: 10\/17 canais<\/p>\n<p>Ecr\u00e3: Ecr\u00e3 LCD<\/p>\n<p>8 programas internos, o modo de som pode ser controlado pelo DXM 512<\/p>\n<p>Grau IP: IP20<\/p>\n<p>Tamanho: 440*360*320 mm<\/p>\n<p>Peso l\u00edquido: 8,5 kg<\/p>\n<p><iframe src=\"https:\/\/www.youtube.com\/embed\/P4yi8_tGACw\" width=\"560\" height=\"315\" frameborder=\"0\" allowfullscreen=\"allowfullscreen\"><\/iframe><\/p>\n\n\n<p><\/p>","protected":false},"excerpt":{"rendered":"<p>AL640WR, uma cabe\u00e7a m\u00f3vel LED de tamanho empresarial com efeito Bee-eye.<\/p>\n<p>A N.W. \u00e9 de apenas 8,5 KG, o \u00e2ngulo de zoom \u00e9 de 4\u00b0-36\u00b0.<\/p>\n<p>Mini corpo, grande fun\u00e7\u00e3o, LEDs de alta pot\u00eancia AL640WR equipam ambos.<\/p>\n<p>&nbsp;<\/p>","protected":false},"featured_media":13395,"comment_status":"open","ping_status":"closed","template":"","meta":{"_acf_changed":true,"_seopress_robots_primary_cat":"none","_seopress_titles_title":"","_seopress_titles_desc":"","_seopress_robots_index":""},"product_brand":[],"product_cat":[28,403],"product_tag":[38,90,84,101],"class_list":{"0":"post-997","1":"product","2":"type-product","3":"status-publish","4":"has-post-thumbnail","6":"product_cat-led-wash-moving-head","7":"product_cat-product","8":"product_tag-led-wash-moving-head","9":"product_tag-led-wash-zoom","10":"product_tag-mini-led-moving-head","11":"product_tag-rgbw-moving-head","13":"first","14":"instock","15":"shipping-taxable","16":"product-type-simple"},"acf":[],"_links":{"self":[{"href":"https:\/\/aolait.com\/pt\/wp-json\/wp\/v2\/product\/997","targetHints":{"allow":["GET"]}}],"collection":[{"href":"https:\/\/aolait.com\/pt\/wp-json\/wp\/v2\/product"}],"about":[{"href":"https:\/\/aolait.com\/pt\/wp-json\/wp\/v2\/types\/product"}],"replies":[{"embeddable":true,"href":"https:\/\/aolait.com\/pt\/wp-json\/wp\/v2\/comments?post=997"}],"wp:featuredmedia":[{"embeddable":true,"href":"https:\/\/aolait.com\/pt\/wp-json\/wp\/v2\/media\/13395"}],"wp:attachment":[{"href":"https:\/\/aolait.com\/pt\/wp-json\/wp\/v2\/media?parent=997"}],"wp:term":[{"taxonomy":"product_brand","embeddable":true,"href":"https:\/\/aolait.com\/pt\/wp-json\/wp\/v2\/product_brand?post=997"},{"taxonomy":"product_cat","embeddable":true,"href":"https:\/\/aolait.com\/pt\/wp-json\/wp\/v2\/product_cat?post=997"},{"taxonomy":"product_tag","embeddable":true,"href":"https:\/\/aolait.com\/pt\/wp-json\/wp\/v2\/product_tag?post=997"}],"curies":[{"name":"wp","href":"https:\/\/api.w.org\/{rel}","templated":true}]}}