{"id":1094,"date":"2020-11-04T15:21:55","date_gmt":"2020-11-04T07:21:55","guid":{"rendered":"https:\/\/aolait.com\/?post_type=product&#038;p=1094"},"modified":"2025-10-21T19:04:00","modified_gmt":"2025-10-21T11:04:00","slug":"19x15w-led-par-zoom-waterproof","status":"publish","type":"product","link":"https:\/\/aolait.com\/tr\/urun\/19x15w-led-par-zoom-su-gecirmez\/","title":{"rendered":"18X15W Led Par Zoom Su Ge\u00e7irmez"},"content":{"rendered":"<p>Gerilim AC100-240V 50\/60Hz<\/p>\n<p>G\u00fc\u00e7: 250W<\/p>\n<p>I\u015f\u0131k Kayna\u011f\u0131: 18 ADET 15W y\u00fcksek parlakl\u0131kta RGBW 4'\u00fc 1 arada LED<\/p>\n<p>Kullan\u0131m \u00d6mr\u00fc: 10000 Saat \uff0c d\u00fc\u015f\u00fck enerji t\u00fcketimi, enerji tasarrufu ve \u00e7evre koruma LED'i<\/p>\n<p>Yak\u0131nla\u015ft\u0131rma: 8\u00b0-60\u00b0, renk kar\u0131\u015ft\u0131rma, karanl\u0131k alan yok<\/p>\n<p>Strobe: 0-25 kez\/saniye, rastgele fla\u015f<\/p>\n<p>Kontrol modu: Standart DMX 512\/master-salve\/sound\/auto<\/p>\n<p>DMX Kanal\u0131: 6\/10\/18 Kanallar<\/p>\n<p>Tek, insanla\u015ft\u0131r\u0131lm\u0131\u015f<\/p>\n<p>IP S\u0131n\u0131f\u0131: IP65<\/p>\n<p>Boyut: 390*300*270 mm<\/p>\n<p>Net a\u011f\u0131rl\u0131k: 10 KG<\/p>\n<p><iframe src=\"https:\/\/www.youtube.com\/embed\/mpIv54PDRgs\" width=\"560\" height=\"315\" frameborder=\"0\" allowfullscreen=\"allowfullscreen\"><\/iframe><\/p>","protected":false},"excerpt":{"rendered":"<p>Al1019WZ<\/p>\n<p>S\u00fcper parlakl\u0131k 18PCS 15W RGBW LED'ler, b\u00fcy\u00fck zoom a\u00e7\u0131s\u0131 ile: 8-60 \u00b0, daire kontrol\u00fc olabilir, led par'da \u00e7ok s\u00fcper i\u015flev.<\/p>\n<p>Kesinlikle kalite kontrol Su ge\u00e7irmez, IP s\u0131n\u0131f\u0131 IP65'tir. herhangi bir ya\u011fmurlu sahne veya plaj kullan\u0131m\u0131 i\u00e7in.<\/p>","protected":false},"featured_media":11958,"comment_status":"open","ping_status":"closed","template":"","meta":{"_acf_changed":false,"_seopress_robots_primary_cat":"none","_seopress_titles_title":"","_seopress_titles_desc":"","_seopress_robots_index":""},"product_brand":[],"product_cat":[35,403],"product_tag":[117,114,115,116],"class_list":{"0":"post-1094","1":"product","2":"type-product","3":"status-publish","4":"has-post-thumbnail","6":"product_cat-led-par-light","7":"product_cat-product","8":"product_tag-19x15w-led-par","9":"product_tag-led-par-light","10":"product_tag-led-par-waterproof","11":"product_tag-led-par-with-zoom","13":"first","14":"instock","15":"downloadable","16":"shipping-taxable","17":"product-type-simple"},"acf":[],"_links":{"self":[{"href":"https:\/\/aolait.com\/tr\/wp-json\/wp\/v2\/product\/1094","targetHints":{"allow":["GET"]}}],"collection":[{"href":"https:\/\/aolait.com\/tr\/wp-json\/wp\/v2\/product"}],"about":[{"href":"https:\/\/aolait.com\/tr\/wp-json\/wp\/v2\/types\/product"}],"replies":[{"embeddable":true,"href":"https:\/\/aolait.com\/tr\/wp-json\/wp\/v2\/comments?post=1094"}],"wp:featuredmedia":[{"embeddable":true,"href":"https:\/\/aolait.com\/tr\/wp-json\/wp\/v2\/media\/11958"}],"wp:attachment":[{"href":"https:\/\/aolait.com\/tr\/wp-json\/wp\/v2\/media?parent=1094"}],"wp:term":[{"taxonomy":"product_brand","embeddable":true,"href":"https:\/\/aolait.com\/tr\/wp-json\/wp\/v2\/product_brand?post=1094"},{"taxonomy":"product_cat","embeddable":true,"href":"https:\/\/aolait.com\/tr\/wp-json\/wp\/v2\/product_cat?post=1094"},{"taxonomy":"product_tag","embeddable":true,"href":"https:\/\/aolait.com\/tr\/wp-json\/wp\/v2\/product_tag?post=1094"}],"curies":[{"name":"wp","href":"https:\/\/api.w.org\/{rel}","templated":true}]}}