{"id":1132,"date":"2020-11-04T15:38:59","date_gmt":"2020-11-04T07:38:59","guid":{"rendered":"https:\/\/aolait.com\/?post_type=product&#038;p=1132"},"modified":"2025-10-21T19:04:00","modified_gmt":"2025-10-21T11:04:00","slug":"7x40w-led-par-zoom-waterproof","status":"publish","type":"product","link":"https:\/\/aolait.com\/tr\/urun\/7x40w-led-par-zoom-su-gecirmez\/","title":{"rendered":"7X40W Led Par Yak\u0131nla\u015ft\u0131rma Su Ge\u00e7irmez"},"content":{"rendered":"<p>Gerilim AC110-220V 50\/60Hz<\/p>\n<p>I\u015f\u0131k kayna\u011f\u0131: 7x40W OSRAM RGBW LED'ler<\/p>\n<p>Kullan\u0131m \u00d6mr\u00fc: 30000 Saat<\/p>\n<p>Kontrol modu: DMX512\/RDM<\/p>\n<p>DMX Kanal\u0131: 13 CH<\/p>\n<p>Yak\u0131nla\u015ft\u0131rma a\u00e7\u0131s\u0131: 5\u00b0-50\u00b0<\/p>\n<p>IP s\u0131n\u0131f\u0131: IP65<\/p>\n<p>Tek tip RGBW renk kar\u0131\u015ft\u0131rma sistemi ve g\u00f6kku\u015fa\u011f\u0131 efekti<\/p>\n<p>Yerle\u015fik \u00e7oklu programlar<\/p>\n<p>Boyut: 328,5*205*287mm<\/p>\n<p>N.W: 8kgs<\/p>\n\n\n<p><\/p>","protected":false},"excerpt":{"rendered":"<p>AL740PW 7 adet Y\u00fcksek g\u00fc\u00e7l\u00fc 40W OSRAM LED, tek tip RGBW renk kar\u0131\u015ft\u0131rma sistemi, b\u00fcy\u00fck yak\u0131nla\u015ft\u0131rma a\u00e7\u0131s\u0131: 5-50 \u00b0, yerle\u015fik \u00e7oklu programlar.<\/p>","protected":false},"featured_media":13322,"comment_status":"open","ping_status":"closed","template":"","meta":{"_acf_changed":true,"_seopress_robots_primary_cat":"none","_seopress_titles_title":"","_seopress_titles_desc":"","_seopress_robots_index":""},"product_brand":[],"product_cat":[35,403],"product_tag":[118,114,115,116],"class_list":{"0":"post-1132","1":"product","2":"type-product","3":"status-publish","4":"has-post-thumbnail","6":"product_cat-led-par-light","7":"product_cat-product","8":"product_tag-7x40w-osram-led-par","9":"product_tag-led-par-light","10":"product_tag-led-par-waterproof","11":"product_tag-led-par-with-zoom","13":"first","14":"instock","15":"shipping-taxable","16":"product-type-simple"},"acf":[],"_links":{"self":[{"href":"https:\/\/aolait.com\/tr\/wp-json\/wp\/v2\/product\/1132","targetHints":{"allow":["GET"]}}],"collection":[{"href":"https:\/\/aolait.com\/tr\/wp-json\/wp\/v2\/product"}],"about":[{"href":"https:\/\/aolait.com\/tr\/wp-json\/wp\/v2\/types\/product"}],"replies":[{"embeddable":true,"href":"https:\/\/aolait.com\/tr\/wp-json\/wp\/v2\/comments?post=1132"}],"wp:featuredmedia":[{"embeddable":true,"href":"https:\/\/aolait.com\/tr\/wp-json\/wp\/v2\/media\/13322"}],"wp:attachment":[{"href":"https:\/\/aolait.com\/tr\/wp-json\/wp\/v2\/media?parent=1132"}],"wp:term":[{"taxonomy":"product_brand","embeddable":true,"href":"https:\/\/aolait.com\/tr\/wp-json\/wp\/v2\/product_brand?post=1132"},{"taxonomy":"product_cat","embeddable":true,"href":"https:\/\/aolait.com\/tr\/wp-json\/wp\/v2\/product_cat?post=1132"},{"taxonomy":"product_tag","embeddable":true,"href":"https:\/\/aolait.com\/tr\/wp-json\/wp\/v2\/product_tag?post=1132"}],"curies":[{"name":"wp","href":"https:\/\/api.w.org\/{rel}","templated":true}]}}