{"id":12214,"date":"2025-04-22T14:19:41","date_gmt":"2025-04-22T06:19:41","guid":{"rendered":"https:\/\/aolait.com\/?post_type=product&#038;p=12214"},"modified":"2025-10-21T19:03:57","modified_gmt":"2025-10-21T11:03:57","slug":"250w-led-beam-spot-moving-head","status":"publish","type":"product","link":"https:\/\/aolait.com\/tr\/urun\/250w-led-isin-spot-hareketli-kafa\/","title":{"rendered":"250W Led I\u015f\u0131n Spot Hareketli Ba\u015f I\u015f\u0131\u011f\u0131"},"content":{"rendered":"<p><\/p>\n\n\n\n<p><\/p>","protected":false},"excerpt":{"rendered":"<p>AL250LS, spot ve \u0131\u015f\u0131n efektleri, canl\u0131 tonlar, enerji tasarrufu sa\u011flayan, sahneler ve etkinlikler i\u00e7in \u00e7ok y\u00f6nl\u00fc 250W LED Beam Spot Hareketli Kafad\u0131r.<\/p>","protected":false},"featured_media":13301,"comment_status":"open","ping_status":"closed","template":"","meta":{"_acf_changed":false,"_seopress_robots_primary_cat":"none","_seopress_titles_title":"250W LED Beam Spot Moving Head Light | Stage & DJ Hybrid Fixture \u2013 Aolait","_seopress_titles_desc":"Explore Aolait\u2019s 250W LED Beam Spot Moving Head Light with motorized zoom, dual gobos, and 3-facet prism. Ideal for concerts, DJ booths, theaters, and event venues. Compact yet powerful.","_seopress_robots_index":""},"product_brand":[],"product_cat":[27,403],"product_tag":[271,23,273,56,270,272],"class_list":{"0":"post-12214","1":"product","2":"type-product","3":"status-publish","4":"has-post-thumbnail","6":"product_cat-led-spot-moving-head","7":"product_cat-product","8":"product_tag-250w-moving-head","9":"product_tag-concert-lighting","10":"product_tag-dmx-stage-light","11":"product_tag-hybrid-moving-head","12":"product_tag-led-beam-spot","13":"product_tag-zoom-led-light","15":"first","16":"instock","17":"shipping-taxable","18":"product-type-simple"},"acf":[],"_links":{"self":[{"href":"https:\/\/aolait.com\/tr\/wp-json\/wp\/v2\/product\/12214","targetHints":{"allow":["GET"]}}],"collection":[{"href":"https:\/\/aolait.com\/tr\/wp-json\/wp\/v2\/product"}],"about":[{"href":"https:\/\/aolait.com\/tr\/wp-json\/wp\/v2\/types\/product"}],"replies":[{"embeddable":true,"href":"https:\/\/aolait.com\/tr\/wp-json\/wp\/v2\/comments?post=12214"}],"wp:featuredmedia":[{"embeddable":true,"href":"https:\/\/aolait.com\/tr\/wp-json\/wp\/v2\/media\/13301"}],"wp:attachment":[{"href":"https:\/\/aolait.com\/tr\/wp-json\/wp\/v2\/media?parent=12214"}],"wp:term":[{"taxonomy":"product_brand","embeddable":true,"href":"https:\/\/aolait.com\/tr\/wp-json\/wp\/v2\/product_brand?post=12214"},{"taxonomy":"product_cat","embeddable":true,"href":"https:\/\/aolait.com\/tr\/wp-json\/wp\/v2\/product_cat?post=12214"},{"taxonomy":"product_tag","embeddable":true,"href":"https:\/\/aolait.com\/tr\/wp-json\/wp\/v2\/product_tag?post=12214"}],"curies":[{"name":"wp","href":"https:\/\/api.w.org\/{rel}","templated":true}]}}