{"id":12259,"date":"2025-05-05T16:18:54","date_gmt":"2025-05-05T08:18:54","guid":{"rendered":"https:\/\/aolait.com\/?post_type=product&#038;p=12259"},"modified":"2025-12-04T09:45:46","modified_gmt":"2025-12-04T01:45:46","slug":"480w-led-beam-spot-wash-moving-head","status":"publish","type":"product","link":"https:\/\/aolait.com\/tr\/urun\/480w-led-isin-spot-yikama-hareketli-kafa\/","title":{"rendered":"480W Led I\u015f\u0131n Spot Y\u0131kama Hareketli Kafa CMY"},"content":{"rendered":"","protected":false},"excerpt":{"rendered":"<p>AL480LS, 480W LED Beam Spot Wash Hareketli Kafa, stadyumlar, festivaller ve s\u00fcr\u00fckleyici prod\u00fcksiyonlar i\u00e7in y\u00fcksek yo\u011funluklu hibrit ayd\u0131nlatmad\u0131r. Geli\u015ftirilmi\u015f CMY kar\u0131\u015ft\u0131rma, 16 bit hareket do\u011frulu\u011fu ve IP dereceli koruma. Turne te\u00e7hizatlar\u0131nda ve a\u00e7\u0131k hava etkinliklerinde a\u015f\u0131r\u0131 parlakl\u0131k talepleri i\u00e7in \u00fcretilmi\u015ftir.<\/p>","protected":false},"featured_media":13960,"comment_status":"open","ping_status":"closed","template":"","meta":{"_acf_changed":false,"_seopress_robots_primary_cat":"none","_seopress_titles_title":"480W LED Beam Spot Wash Moving Head with CMY | Stage Lighting Fixture by Aolait","_seopress_titles_desc":"Explore Aolait's AL480LS-480W LED Beam Spot Wash Moving Head featuring CMY+CTO mixing, dual prisms, sharp optics, and RDM control\u2014ideal for concerts, theaters, churches, and rental events.","_seopress_robots_index":""},"product_brand":[],"product_cat":[27,403],"product_tag":[47,33,299,23,279,298,301,300],"class_list":{"0":"post-12259","1":"product","2":"type-product","3":"status-publish","4":"has-post-thumbnail","6":"product_cat-led-spot-moving-head","7":"product_cat-product","8":"product_tag-beam-spot-wash","9":"product_tag-church-lighting","10":"product_tag-cmy-color-mixing","11":"product_tag-concert-lighting","12":"product_tag-dmx-moving-head","13":"product_tag-led-moving-head","14":"product_tag-rdm-lighting","15":"product_tag-stage-light","17":"first","18":"instock","19":"shipping-taxable","20":"product-type-simple"},"acf":[],"_links":{"self":[{"href":"https:\/\/aolait.com\/tr\/wp-json\/wp\/v2\/product\/12259","targetHints":{"allow":["GET"]}}],"collection":[{"href":"https:\/\/aolait.com\/tr\/wp-json\/wp\/v2\/product"}],"about":[{"href":"https:\/\/aolait.com\/tr\/wp-json\/wp\/v2\/types\/product"}],"replies":[{"embeddable":true,"href":"https:\/\/aolait.com\/tr\/wp-json\/wp\/v2\/comments?post=12259"}],"wp:featuredmedia":[{"embeddable":true,"href":"https:\/\/aolait.com\/tr\/wp-json\/wp\/v2\/media\/13960"}],"wp:attachment":[{"href":"https:\/\/aolait.com\/tr\/wp-json\/wp\/v2\/media?parent=12259"}],"wp:term":[{"taxonomy":"product_brand","embeddable":true,"href":"https:\/\/aolait.com\/tr\/wp-json\/wp\/v2\/product_brand?post=12259"},{"taxonomy":"product_cat","embeddable":true,"href":"https:\/\/aolait.com\/tr\/wp-json\/wp\/v2\/product_cat?post=12259"},{"taxonomy":"product_tag","embeddable":true,"href":"https:\/\/aolait.com\/tr\/wp-json\/wp\/v2\/product_tag?post=12259"}],"curies":[{"name":"wp","href":"https:\/\/api.w.org\/{rel}","templated":true}]}}