{"id":12412,"date":"2025-05-07T15:55:39","date_gmt":"2025-05-07T07:55:39","guid":{"rendered":"https:\/\/aolait.com\/?post_type=product&#038;p=12412"},"modified":"2025-10-21T19:03:57","modified_gmt":"2025-10-21T11:03:57","slug":"100w-led-cob-par-light","status":"publish","type":"product","link":"https:\/\/aolait.com\/tr\/urun\/100w-led-kocan-par-isik\/","title":{"rendered":"100W Led COB Par I\u015f\u0131k"},"content":{"rendered":"<p>I\u015f\u0131k kayna\u011f\u0131: 100W RGBW (iste\u011fe ba\u011fl\u0131 so\u011fuk\/s\u0131cak beyaz)<\/p>\n\n\n\n<p>IP S\u0131n\u0131f\u0131\uff1a IP20<\/p>\n\n\n\n<p>Boyut: 27,5\u00d727\u00d727,5cm <\/p>\n\n\n\n<p>N.W:3.8kg<\/p>\n\n\n\n<p><\/p>","protected":false},"excerpt":{"rendered":"<p>100W LED COB Par I\u015f\u0131k - RGBW renk kar\u0131\u015ft\u0131rma ve titre\u015fimsiz karartma ile g\u00fc\u00e7l\u00fc i\u00e7 mekan ayd\u0131nlatma \u00e7\u00f6z\u00fcm\u00fc. E\u015fit parlakl\u0131k ve DMX kontrol\u00fc i\u00e7in COB teknolojisine sahiptir. Sahneler, d\u00fc\u011f\u00fcnler, st\u00fcdyolar ve kul\u00fcpler i\u00e7in idealdir.<\/p>","protected":false},"featured_media":13182,"comment_status":"open","ping_status":"closed","template":"","meta":{"_acf_changed":false,"_seopress_robots_primary_cat":"none","_seopress_titles_title":"100W Led COB Par Light","_seopress_titles_desc":"100W LED COB Par Light \u2013 Powerful indoor lighting solution with RGBW color mixing and flicker-free dimming. Features COB technology for uniform brightness, and DMX control. Ideal for stages, weddings, studios, and clubs.","_seopress_robots_index":""},"product_brand":[],"product_cat":[35,403],"product_tag":[],"class_list":{"0":"post-12412","1":"product","2":"type-product","3":"status-publish","4":"has-post-thumbnail","6":"product_cat-led-par-light","7":"product_cat-product","9":"first","10":"instock","11":"shipping-taxable","12":"product-type-simple"},"acf":[],"_links":{"self":[{"href":"https:\/\/aolait.com\/tr\/wp-json\/wp\/v2\/product\/12412","targetHints":{"allow":["GET"]}}],"collection":[{"href":"https:\/\/aolait.com\/tr\/wp-json\/wp\/v2\/product"}],"about":[{"href":"https:\/\/aolait.com\/tr\/wp-json\/wp\/v2\/types\/product"}],"replies":[{"embeddable":true,"href":"https:\/\/aolait.com\/tr\/wp-json\/wp\/v2\/comments?post=12412"}],"wp:featuredmedia":[{"embeddable":true,"href":"https:\/\/aolait.com\/tr\/wp-json\/wp\/v2\/media\/13182"}],"wp:attachment":[{"href":"https:\/\/aolait.com\/tr\/wp-json\/wp\/v2\/media?parent=12412"}],"wp:term":[{"taxonomy":"product_brand","embeddable":true,"href":"https:\/\/aolait.com\/tr\/wp-json\/wp\/v2\/product_brand?post=12412"},{"taxonomy":"product_cat","embeddable":true,"href":"https:\/\/aolait.com\/tr\/wp-json\/wp\/v2\/product_cat?post=12412"},{"taxonomy":"product_tag","embeddable":true,"href":"https:\/\/aolait.com\/tr\/wp-json\/wp\/v2\/product_tag?post=12412"}],"curies":[{"name":"wp","href":"https:\/\/api.w.org\/{rel}","templated":true}]}}