{"id":12442,"date":"2025-05-09T12:02:15","date_gmt":"2025-05-09T04:02:15","guid":{"rendered":"https:\/\/aolait.com\/?post_type=product&#038;p=12442"},"modified":"2025-10-21T19:03:56","modified_gmt":"2025-10-21T11:03:56","slug":"4x50w-led-par-waterproof","status":"publish","type":"product","link":"https:\/\/aolait.com\/tr\/urun\/4x50w-led-par-su-gecirmez\/","title":{"rendered":"4x50W Led Par su ge\u00e7irmez"},"content":{"rendered":"<p><\/p>\n\n\n\n<p><\/p>","protected":false},"excerpt":{"rendered":"<p>AL0450PW, \u0131\u015f\u0131n a\u00e7\u0131s\u0131 se\u00e7enekleri, piksel kontrol\u00fc ve so\u011fuk\/s\u0131cak beyaz \u00e7\u0131k\u0131\u015fa sahip 4x50W LED Par IP65 su ge\u00e7irmez bir \u0131\u015f\u0131kt\u0131r. D\u0131\u015f mekan sahne ve etkinlik kullan\u0131m\u0131 i\u00e7in \u00fcretilmi\u015ftir.<\/p>","protected":false},"featured_media":13157,"comment_status":"open","ping_status":"closed","template":"","meta":{"_acf_changed":false,"_seopress_robots_primary_cat":"none","_seopress_titles_title":"4x50W LED Par IP65 Waterproof | AL0450PW Outdoor White Par Light","_seopress_titles_desc":"AL0450PW is a 4x50W LED Par IP65 waterproof light with optional 25\u00b0\/45\u00b0 beam angles, pixel control, and white\/dual-white color options for stage and architectural lighting.","_seopress_robots_index":""},"product_brand":[],"product_cat":[35,403],"product_tag":[],"class_list":{"0":"post-12442","1":"product","2":"type-product","3":"status-publish","4":"has-post-thumbnail","6":"product_cat-led-par-light","7":"product_cat-product","9":"first","10":"instock","11":"shipping-taxable","12":"product-type-simple"},"acf":[],"_links":{"self":[{"href":"https:\/\/aolait.com\/tr\/wp-json\/wp\/v2\/product\/12442","targetHints":{"allow":["GET"]}}],"collection":[{"href":"https:\/\/aolait.com\/tr\/wp-json\/wp\/v2\/product"}],"about":[{"href":"https:\/\/aolait.com\/tr\/wp-json\/wp\/v2\/types\/product"}],"replies":[{"embeddable":true,"href":"https:\/\/aolait.com\/tr\/wp-json\/wp\/v2\/comments?post=12442"}],"wp:featuredmedia":[{"embeddable":true,"href":"https:\/\/aolait.com\/tr\/wp-json\/wp\/v2\/media\/13157"}],"wp:attachment":[{"href":"https:\/\/aolait.com\/tr\/wp-json\/wp\/v2\/media?parent=12442"}],"wp:term":[{"taxonomy":"product_brand","embeddable":true,"href":"https:\/\/aolait.com\/tr\/wp-json\/wp\/v2\/product_brand?post=12442"},{"taxonomy":"product_cat","embeddable":true,"href":"https:\/\/aolait.com\/tr\/wp-json\/wp\/v2\/product_cat?post=12442"},{"taxonomy":"product_tag","embeddable":true,"href":"https:\/\/aolait.com\/tr\/wp-json\/wp\/v2\/product_tag?post=12442"}],"curies":[{"name":"wp","href":"https:\/\/api.w.org\/{rel}","templated":true}]}}