{"id":12449,"date":"2025-05-09T13:58:42","date_gmt":"2025-05-09T05:58:42","guid":{"rendered":"https:\/\/aolait.com\/?post_type=product&#038;p=12449"},"modified":"2025-10-21T19:03:56","modified_gmt":"2025-10-21T11:03:56","slug":"480w-beam-spot-wash-cmy-moving-head","status":"publish","type":"product","link":"https:\/\/aolait.com\/tr\/urun\/480w-isin-spot-yikama-cmy-hareketli-kafa\/","title":{"rendered":"480W I\u015f\u0131n Spot Y\u0131kama CMY Hareketli Kafa"},"content":{"rendered":"<figure class=\"wp-block-embed is-type-video is-provider-youtube wp-block-embed-youtube wp-embed-aspect-16-9 wp-has-aspect-ratio\"><div class=\"wp-block-embed__wrapper\">\n<iframe title=\"AL480RX-480W I\u015f\u0131n Spot Y\u0131kama CMY Hareketli Kafa I\u015f\u0131\u011f\u0131\" width=\"800\" height=\"450\" src=\"https:\/\/www.youtube.com\/embed\/9nPpKzXEIAA?feature=oembed\" frameborder=\"0\" allow=\"accelerometer; autoplay; clipboard-write; encrypted-media; gyroscope; picture-in-picture; web-share\" referrerpolicy=\"strict-origin-when-cross-origin\" allowfullscreen><\/iframe>\n<\/div><\/figure>","protected":false},"excerpt":{"rendered":"<p>AL480RX, Panasonic lamba, geli\u015fmi\u015f gobolar, CMY renk kar\u0131\u015ft\u0131rma, \u00e7ift renk tekerle\u011fi ve \u00e7ift istiflenmi\u015f prizmalara sahip 480W Beam Spot Wash CMY hareketli kafad\u0131r.<\/p>","protected":false},"featured_media":13384,"comment_status":"open","ping_status":"closed","template":"","meta":{"_acf_changed":false,"_seopress_robots_primary_cat":"none","_seopress_titles_title":"480W Beam Spot Wash Moving Head | AL480RX CMY + Dual Color Wheels","_seopress_titles_desc":"Explore the AL480RX 480W Beam Spot Wash CMY Moving Head Light with Panasonic lamp, dual color wheels, stacked prisms, and rotating gobos. Perfect for stage and events.","_seopress_robots_index":""},"product_brand":[],"product_cat":[26,403],"product_tag":[382,383,293,385,384,79],"class_list":{"0":"post-12449","1":"product","2":"type-product","3":"status-publish","4":"has-post-thumbnail","6":"product_cat-lamp-moving-head","7":"product_cat-product","8":"product_tag-480w-moving-head","9":"product_tag-al480rx","10":"product_tag-cmy-spot-wash-light","11":"product_tag-panasonic-lamp-moving-head","12":"product_tag-rotating-gobo-light","13":"product_tag-stage-lighting","15":"first","16":"instock","17":"shipping-taxable","18":"product-type-simple"},"acf":[],"_links":{"self":[{"href":"https:\/\/aolait.com\/tr\/wp-json\/wp\/v2\/product\/12449","targetHints":{"allow":["GET"]}}],"collection":[{"href":"https:\/\/aolait.com\/tr\/wp-json\/wp\/v2\/product"}],"about":[{"href":"https:\/\/aolait.com\/tr\/wp-json\/wp\/v2\/types\/product"}],"replies":[{"embeddable":true,"href":"https:\/\/aolait.com\/tr\/wp-json\/wp\/v2\/comments?post=12449"}],"wp:featuredmedia":[{"embeddable":true,"href":"https:\/\/aolait.com\/tr\/wp-json\/wp\/v2\/media\/13384"}],"wp:attachment":[{"href":"https:\/\/aolait.com\/tr\/wp-json\/wp\/v2\/media?parent=12449"}],"wp:term":[{"taxonomy":"product_brand","embeddable":true,"href":"https:\/\/aolait.com\/tr\/wp-json\/wp\/v2\/product_brand?post=12449"},{"taxonomy":"product_cat","embeddable":true,"href":"https:\/\/aolait.com\/tr\/wp-json\/wp\/v2\/product_cat?post=12449"},{"taxonomy":"product_tag","embeddable":true,"href":"https:\/\/aolait.com\/tr\/wp-json\/wp\/v2\/product_tag?post=12449"}],"curies":[{"name":"wp","href":"https:\/\/api.w.org\/{rel}","templated":true}]}}