{"id":12470,"date":"2025-05-12T09:20:07","date_gmt":"2025-05-12T01:20:07","guid":{"rendered":"https:\/\/aolait.com\/?post_type=product&#038;p=12470"},"modified":"2025-10-21T19:03:56","modified_gmt":"2025-10-21T11:03:56","slug":"6x18w-led-battery-par-light","status":"publish","type":"product","link":"https:\/\/aolait.com\/tr\/urun\/6x18w-led-akulu-par-isik\/","title":{"rendered":"6x18W Led Ak\u00fcl\u00fc Par I\u015f\u0131k"},"content":{"rendered":"<p>Led Kayna\u011f\u0131: 6x18W RGBWA+UV 6's\u0131 1 arada<\/p>\n\n\n\n<p>I\u015f\u0131n a\u00e7\u0131s\u0131: 45\u00b0<\/p>\n\n\n\n<p>IP20<\/p>\n\n\n\n<p>Boyut: 13,5\u00d713,5\u00d720cm NW\uff1a2,7kg<\/p>\n\n\n\n<p><\/p>","protected":false},"excerpt":{"rendered":"<p>Ta\u015f\u0131nabilir ve g\u00fc\u00e7l\u00fc! 6x18W LED Pilli PAR I\u015f\u0131k, sahneler, DJ'ler, etkinlikler ve daha fazlas\u0131 i\u00e7in parlak, kablosuz ayd\u0131nlatma sa\u011flar. \u015earj edilebilir, hafif ve \u00e7ok y\u00f6nl\u00fc - hareket halindeki profesyoneller i\u00e7in m\u00fckemmel<\/p>","protected":false},"featured_media":13388,"comment_status":"open","ping_status":"closed","template":"","meta":{"_acf_changed":false,"_seopress_robots_primary_cat":"none","_seopress_titles_title":"6x18W Led Battery Par Light","_seopress_titles_desc":"Portable & powerful! The 6x18W LED Battery PAR Light delivers bright, cordless lighting for stages, DJs, events, and more. Rechargeable, lightweight, and versatile\u2014perfect for professionals on the go","_seopress_robots_index":""},"product_brand":[],"product_cat":[35,403],"product_tag":[],"class_list":{"0":"post-12470","1":"product","2":"type-product","3":"status-publish","4":"has-post-thumbnail","6":"product_cat-led-par-light","7":"product_cat-product","9":"first","10":"instock","11":"shipping-taxable","12":"product-type-simple"},"acf":[],"_links":{"self":[{"href":"https:\/\/aolait.com\/tr\/wp-json\/wp\/v2\/product\/12470","targetHints":{"allow":["GET"]}}],"collection":[{"href":"https:\/\/aolait.com\/tr\/wp-json\/wp\/v2\/product"}],"about":[{"href":"https:\/\/aolait.com\/tr\/wp-json\/wp\/v2\/types\/product"}],"replies":[{"embeddable":true,"href":"https:\/\/aolait.com\/tr\/wp-json\/wp\/v2\/comments?post=12470"}],"wp:featuredmedia":[{"embeddable":true,"href":"https:\/\/aolait.com\/tr\/wp-json\/wp\/v2\/media\/13388"}],"wp:attachment":[{"href":"https:\/\/aolait.com\/tr\/wp-json\/wp\/v2\/media?parent=12470"}],"wp:term":[{"taxonomy":"product_brand","embeddable":true,"href":"https:\/\/aolait.com\/tr\/wp-json\/wp\/v2\/product_brand?post=12470"},{"taxonomy":"product_cat","embeddable":true,"href":"https:\/\/aolait.com\/tr\/wp-json\/wp\/v2\/product_cat?post=12470"},{"taxonomy":"product_tag","embeddable":true,"href":"https:\/\/aolait.com\/tr\/wp-json\/wp\/v2\/product_tag?post=12470"}],"curies":[{"name":"wp","href":"https:\/\/api.w.org\/{rel}","templated":true}]}}