{"id":12558,"date":"2025-05-15T10:32:48","date_gmt":"2025-05-15T02:32:48","guid":{"rendered":"https:\/\/aolait.com\/?post_type=product&#038;p=12558"},"modified":"2025-10-21T19:03:56","modified_gmt":"2025-10-21T11:03:56","slug":"9x40w-led-moving-bar-infinite-rotation","status":"publish","type":"product","link":"https:\/\/aolait.com\/tr\/urun\/9x40w-led-hareketli-cubuk-sonsuz-donus\/","title":{"rendered":"9x40W Led Hareketli \u00c7ubuk Sonsuz D\u00f6n\u00fc\u015f"},"content":{"rendered":"<p>9x40W Led Hareketli \u00c7ubuk Sonsuz D\u00f6n\u00fc\u015f<\/p>\n\n\n\n<p>Light Source: 9x40W RGBW4 in1+54&#215;0.5W RGB+54x1W CW led+54x1WWw Led<\/p>\n\n\n\n<p>Hareket: Pan Sonsuz d\u00f6n\u00fc\u015f \/ E\u011fim202\u00b0<\/p>\n\n\n\n<p>Yak\u0131nla\u015ft\u0131rma a\u00e7\u0131s\u0131: 2,8-31 derece<\/p>\n\n\n\n<p>Kanal Modu: CH19\/24\/29\/38\/61\/65<\/p>\n\n\n\n<p>Boyut: 60x27x32.8cm\/15.2kgs<\/p>","protected":false},"excerpt":{"rendered":"<p>Ayd\u0131nlatma sisteminizi\u00a0<strong>9x40W LED Hareketli Bar<\/strong>! \u00d6zellikler\u00a0<strong>sonsuz 360\u00b0 d\u00f6n\u00fc\u015f<\/strong> pan, g\u00fc\u00e7l\u00fc parlakl\u0131k ve dinamik efektler - sahneler, kul\u00fcpler, d\u00fc\u011f\u00fcnler ve etkinlikler i\u00e7in m\u00fckemmel. Kompakt bir tasar\u0131mda profesyonel d\u00fczeyde performans.<\/p>","protected":false},"featured_media":12577,"comment_status":"open","ping_status":"closed","template":"","meta":{"_acf_changed":false,"_seopress_robots_primary_cat":"none","_seopress_titles_title":"9x40W Led Moving Bar Infinite Rotation","_seopress_titles_desc":"","_seopress_robots_index":""},"product_brand":[],"product_cat":[28,403],"product_tag":[],"class_list":{"0":"post-12558","1":"product","2":"type-product","3":"status-publish","4":"has-post-thumbnail","6":"product_cat-led-wash-moving-head","7":"product_cat-product","9":"first","10":"instock","11":"shipping-taxable","12":"product-type-simple"},"acf":[],"_links":{"self":[{"href":"https:\/\/aolait.com\/tr\/wp-json\/wp\/v2\/product\/12558","targetHints":{"allow":["GET"]}}],"collection":[{"href":"https:\/\/aolait.com\/tr\/wp-json\/wp\/v2\/product"}],"about":[{"href":"https:\/\/aolait.com\/tr\/wp-json\/wp\/v2\/types\/product"}],"replies":[{"embeddable":true,"href":"https:\/\/aolait.com\/tr\/wp-json\/wp\/v2\/comments?post=12558"}],"wp:featuredmedia":[{"embeddable":true,"href":"https:\/\/aolait.com\/tr\/wp-json\/wp\/v2\/media\/12577"}],"wp:attachment":[{"href":"https:\/\/aolait.com\/tr\/wp-json\/wp\/v2\/media?parent=12558"}],"wp:term":[{"taxonomy":"product_brand","embeddable":true,"href":"https:\/\/aolait.com\/tr\/wp-json\/wp\/v2\/product_brand?post=12558"},{"taxonomy":"product_cat","embeddable":true,"href":"https:\/\/aolait.com\/tr\/wp-json\/wp\/v2\/product_cat?post=12558"},{"taxonomy":"product_tag","embeddable":true,"href":"https:\/\/aolait.com\/tr\/wp-json\/wp\/v2\/product_tag?post=12558"}],"curies":[{"name":"wp","href":"https:\/\/api.w.org\/{rel}","templated":true}]}}