{"id":1258,"date":"2020-11-05T11:36:24","date_gmt":"2020-11-05T03:36:24","guid":{"rendered":"https:\/\/aolait.com\/?post_type=product&#038;p=1258"},"modified":"2025-10-21T19:04:00","modified_gmt":"2025-10-21T11:04:00","slug":"24x12w-led-par-indoor","status":"publish","type":"product","link":"https:\/\/aolait.com\/tr\/urun\/24x12w-led-par-ic-mekan\/","title":{"rendered":"24x12W Led Par \u0130\u00e7 Mekan"},"content":{"rendered":"<p>Gerilim AC100-240V 50\/60Hz<\/p>\n<p>G\u00fc\u00e7: 200W<\/p>\n<p>I\u015f\u0131k Kayna\u011f\u0131: 24PCS 10W LED RGBW 4'\u00fc 1 arada (\u0130ste\u011fe ba\u011fl\u0131 5'i 1 arada 1\/6's\u0131 1 arada)<\/p>\n<p>Kullan\u0131m \u00d6mr\u00fc: 6000-10000 Saat<\/p>\n<p>Renk: RGBW kar\u0131\u015f\u0131k (RGBWA veya RGBWA+UV) iste\u011fe ba\u011fl\u0131<\/p>\n<p>I\u015f\u0131n a\u00e7\u0131s\u0131: 40\u00b0<\/p>\n<p>Kontrol modu: Standart DMX 512\/master-salve\/auto<\/p>\n<p>So\u011futma Fanl\u0131 So\u011futma<\/p>\n<p>Termal koruma<\/p>\n<p>Malzeme: Al\u00fcminyum ala\u015f\u0131m<\/p>\n<p>Ba\u011flant\u0131lar: 3-Pin XLR<\/p>\n<p>\u00c7al\u0131\u015fma s\u0131cakl\u0131\u011f\u0131: -20 \u2103 -40 \u2103<\/p>\n<p>\u00d6zellikler: Y\u00fcksek parlakl\u0131k, uzun \u00f6m\u00fcrl\u00fc \u0131\u015f\u0131k kayna\u011f\u0131, y\u00fcksek g\u00fcvenlik performans\u0131<\/p>\n<p>IP S\u0131n\u0131f\u0131: IP20<\/p>\n<p>Boyut: 330*300*240 mm<\/p>\n<p>Net a\u011f\u0131rl\u0131k: 3,5 KG<\/p>\n<p><iframe src=\"https:\/\/www.youtube.com\/embed\/FT6AiBgAbI0\" width=\"560\" height=\"315\" frameborder=\"0\" allowfullscreen=\"allowfullscreen\"><\/iframe><\/p>","protected":false},"excerpt":{"rendered":"<p>AL1024P Bu, hafif g\u00f6vdeli bir \u0130\u00e7 mekan tipi LED par lambad\u0131r.<\/p>\n<p>T\u00fcm kapal\u0131 alan g\u00f6sterileri, barlar, kul\u00fcpler vb. i\u00e7in uygundur.<\/p>\n<p>4IN1 RGBW, 5IN1 RGBWA, 6IN1 RGBWA+UV iste\u011fe ba\u011fl\u0131<\/p>","protected":false},"featured_media":11965,"comment_status":"open","ping_status":"closed","template":"","meta":{"_acf_changed":false,"_seopress_robots_primary_cat":"none","_seopress_titles_title":"","_seopress_titles_desc":"","_seopress_robots_index":""},"product_brand":[],"product_cat":[35,403],"product_tag":[125,76,128,122],"class_list":{"0":"post-1258","1":"product","2":"type-product","3":"status-publish","4":"has-post-thumbnail","6":"product_cat-led-par-light","7":"product_cat-product","8":"product_tag-24x12w-15w-18w-led-par","9":"product_tag-disco-lighting","10":"product_tag-led-par-indoor","11":"product_tag-rgbw-led-par","13":"first","14":"instock","15":"shipping-taxable","16":"product-type-simple"},"acf":[],"_links":{"self":[{"href":"https:\/\/aolait.com\/tr\/wp-json\/wp\/v2\/product\/1258","targetHints":{"allow":["GET"]}}],"collection":[{"href":"https:\/\/aolait.com\/tr\/wp-json\/wp\/v2\/product"}],"about":[{"href":"https:\/\/aolait.com\/tr\/wp-json\/wp\/v2\/types\/product"}],"replies":[{"embeddable":true,"href":"https:\/\/aolait.com\/tr\/wp-json\/wp\/v2\/comments?post=1258"}],"wp:featuredmedia":[{"embeddable":true,"href":"https:\/\/aolait.com\/tr\/wp-json\/wp\/v2\/media\/11965"}],"wp:attachment":[{"href":"https:\/\/aolait.com\/tr\/wp-json\/wp\/v2\/media?parent=1258"}],"wp:term":[{"taxonomy":"product_brand","embeddable":true,"href":"https:\/\/aolait.com\/tr\/wp-json\/wp\/v2\/product_brand?post=1258"},{"taxonomy":"product_cat","embeddable":true,"href":"https:\/\/aolait.com\/tr\/wp-json\/wp\/v2\/product_cat?post=1258"},{"taxonomy":"product_tag","embeddable":true,"href":"https:\/\/aolait.com\/tr\/wp-json\/wp\/v2\/product_tag?post=1258"}],"curies":[{"name":"wp","href":"https:\/\/api.w.org\/{rel}","templated":true}]}}