{"id":12581,"date":"2025-05-20T09:52:31","date_gmt":"2025-05-20T01:52:31","guid":{"rendered":"https:\/\/aolait.com\/?post_type=product&#038;p=12581"},"modified":"2025-10-21T19:03:56","modified_gmt":"2025-10-21T11:03:56","slug":"5x60w-led-washstrobe-double-sided","status":"publish","type":"product","link":"https:\/\/aolait.com\/tr\/urun\/5x60w-led-flasor-cift-tarafli\/","title":{"rendered":"5x60W Led Y\u0131kama+Strobe \u00c7ift tarafl\u0131"},"content":{"rendered":"<p>Voltaj: AC100-240V, 50-60Hz<\/p>\n\n\n\n<p>Led Kayna\u011f\u0131: \u00d6n taraf: 5 adet 60w RGBW 4 in1+<br>                   Arka: 42 adet 3W 3535 Beyaz LED +<br>                   84 adet 0,3W 5050 RGB 3in1 LED<\/p>\n\n\n\n<p>Yak\u0131nla\u015ft\u0131rma A\u00e7\u0131s\u0131: 2,8\u00b0-50\u00b0<\/p>\n\n\n\n<p>Hareket: Pan&amp;tilt sonsuz d\u00f6n\u00fc\u015f<\/p>\n\n\n\n<p>DMX Kanal\u0131: 24\/29\/105CH<\/p>\n\n\n\n<p>Efekt: 5 LED ayr\u0131 ayr\u0131 kontrol edilebilir<\/p>\n\n\n\n<p>Strobe: 18 b\u00f6lge ayr\u0131 ayr\u0131 kontrol edilebilir<\/p>\n\n\n\n<p>Boyut: 506x215x386mm\/15kgs<\/p>","protected":false},"excerpt":{"rendered":"<p>\u00c7ift tarafl\u0131 tasar\u0131ma sahip 5x60W LED Y\u0131kama + Strobe, sahneler, kul\u00fcpler ve etkinlikler i\u00e7in ideal olan g\u00fc\u00e7l\u00fc 360\u00b0 ayd\u0131nlatma sa\u011flar. Profesyonel performanslar i\u00e7in canl\u0131 renk y\u0131kamalar\u0131, yo\u011fun stroblar ve DMX kontrol\u00fc i\u00e7erir. Enerji tasarruflu ve \u00e7ok y\u00f6nl\u00fc!<\/p>","protected":false},"featured_media":12583,"comment_status":"open","ping_status":"closed","template":"","meta":{"_acf_changed":true,"_seopress_robots_primary_cat":"none","_seopress_titles_title":"5x60W Led Wash+Strobe Double sided","_seopress_titles_desc":"5x60W LED Wash + Strobe with dual-sided design delivers powerful 360\u00b0 lighting\u2014ideal for stages, clubs, and events. Features vibrant color washes, intense strobes, and DMX control for professional performances. Energy-efficient & versatile!","_seopress_robots_index":""},"product_brand":[],"product_cat":[28,403],"product_tag":[],"class_list":{"0":"post-12581","1":"product","2":"type-product","3":"status-publish","4":"has-post-thumbnail","6":"product_cat-led-wash-moving-head","7":"product_cat-product","9":"first","10":"instock","11":"shipping-taxable","12":"product-type-simple"},"acf":[],"_links":{"self":[{"href":"https:\/\/aolait.com\/tr\/wp-json\/wp\/v2\/product\/12581","targetHints":{"allow":["GET"]}}],"collection":[{"href":"https:\/\/aolait.com\/tr\/wp-json\/wp\/v2\/product"}],"about":[{"href":"https:\/\/aolait.com\/tr\/wp-json\/wp\/v2\/types\/product"}],"replies":[{"embeddable":true,"href":"https:\/\/aolait.com\/tr\/wp-json\/wp\/v2\/comments?post=12581"}],"wp:featuredmedia":[{"embeddable":true,"href":"https:\/\/aolait.com\/tr\/wp-json\/wp\/v2\/media\/12583"}],"wp:attachment":[{"href":"https:\/\/aolait.com\/tr\/wp-json\/wp\/v2\/media?parent=12581"}],"wp:term":[{"taxonomy":"product_brand","embeddable":true,"href":"https:\/\/aolait.com\/tr\/wp-json\/wp\/v2\/product_brand?post=12581"},{"taxonomy":"product_cat","embeddable":true,"href":"https:\/\/aolait.com\/tr\/wp-json\/wp\/v2\/product_cat?post=12581"},{"taxonomy":"product_tag","embeddable":true,"href":"https:\/\/aolait.com\/tr\/wp-json\/wp\/v2\/product_tag?post=12581"}],"curies":[{"name":"wp","href":"https:\/\/api.w.org\/{rel}","templated":true}]}}