{"id":12595,"date":"2025-05-25T16:47:03","date_gmt":"2025-05-25T08:47:03","guid":{"rendered":"https:\/\/aolait.com\/?post_type=product&#038;p=12595"},"modified":"2025-10-21T19:03:56","modified_gmt":"2025-10-21T11:03:56","slug":"19x40w-led-moving-head-wash-ip65","status":"publish","type":"product","link":"https:\/\/aolait.com\/tr\/urun\/19x40w-led-hareketli-kafa-yikama-ip65\/","title":{"rendered":"19x40W Led Hareketli Kafa Y\u0131kama IP65"},"content":{"rendered":"<p>I\u015f\u0131k kayna\u011f\u0131: 19 \u00d7 40W RGBW LED<\/p>\n\n\n\n<p>DMX Channels:18\/21\/35\/78\/94\/111CH<\/p>\n\n\n\n<p>Hareket: Pan540 \u00b0 \/ E\u011fim 220 \u00b0<\/p>\n\n\n\n<p>Yak\u0131nla\u015ft\u0131rma a\u00e7\u0131s\u0131: 5\u00b0 ila 45\u00b0<\/p>\n\n\n\n<p>Etki\uff1a statik etki makro i\u015flevi ve dinamik etki makro i\u015flevi<\/p>\n\n\n\n<p>IP S\u0131n\u0131f\u0131 \uff1a IP65<\/p>\n\n\n\n<p>Boyut: 562x408x240mm\/23,5kgs<\/p>","protected":false},"excerpt":{"rendered":"<p>Hava ko\u015fullar\u0131na dayan\u0131kl\u0131 armat\u00fcr, 540 \u00b0 pan, 220 \u00b0 e\u011fim ve sessiz so\u011futma, RGBW renk kar\u0131\u015ft\u0131rma ve dmx kontrol\u00fc. A\u00e7\u0131k hava etkinlikleri, festivaller ve mimari ayd\u0131nlatman\u0131n yan\u0131 s\u0131ra sahneler, an\u0131tlar ve zorlu ortamlar i\u00e7in m\u00fckemmeldir.<\/p>","protected":false},"featured_media":13383,"comment_status":"open","ping_status":"closed","template":"","meta":{"_acf_changed":false,"_seopress_robots_primary_cat":"none","_seopress_titles_title":"19x40W Led Moving Head Wash IP65","_seopress_titles_desc":"Weatherproof fixture ,540\u00b0 pan,Tilt 220 \u00b0, and silent cooling ,RGBW color mixing & dmx control. Perfect for outdoor events, festivals, and architectural lighting,as well as for stages, monuments and harsh environments.","_seopress_robots_index":""},"product_brand":[],"product_cat":[28,403],"product_tag":[],"class_list":{"0":"post-12595","1":"product","2":"type-product","3":"status-publish","4":"has-post-thumbnail","6":"product_cat-led-wash-moving-head","7":"product_cat-product","9":"first","10":"instock","11":"shipping-taxable","12":"product-type-simple"},"acf":[],"_links":{"self":[{"href":"https:\/\/aolait.com\/tr\/wp-json\/wp\/v2\/product\/12595","targetHints":{"allow":["GET"]}}],"collection":[{"href":"https:\/\/aolait.com\/tr\/wp-json\/wp\/v2\/product"}],"about":[{"href":"https:\/\/aolait.com\/tr\/wp-json\/wp\/v2\/types\/product"}],"replies":[{"embeddable":true,"href":"https:\/\/aolait.com\/tr\/wp-json\/wp\/v2\/comments?post=12595"}],"wp:featuredmedia":[{"embeddable":true,"href":"https:\/\/aolait.com\/tr\/wp-json\/wp\/v2\/media\/13383"}],"wp:attachment":[{"href":"https:\/\/aolait.com\/tr\/wp-json\/wp\/v2\/media?parent=12595"}],"wp:term":[{"taxonomy":"product_brand","embeddable":true,"href":"https:\/\/aolait.com\/tr\/wp-json\/wp\/v2\/product_brand?post=12595"},{"taxonomy":"product_cat","embeddable":true,"href":"https:\/\/aolait.com\/tr\/wp-json\/wp\/v2\/product_cat?post=12595"},{"taxonomy":"product_tag","embeddable":true,"href":"https:\/\/aolait.com\/tr\/wp-json\/wp\/v2\/product_tag?post=12595"}],"curies":[{"name":"wp","href":"https:\/\/api.w.org\/{rel}","templated":true}]}}