{"id":12613,"date":"2025-05-25T23:16:13","date_gmt":"2025-05-25T15:16:13","guid":{"rendered":"https:\/\/aolait.com\/?post_type=product&#038;p=12613"},"modified":"2025-10-21T19:03:56","modified_gmt":"2025-10-21T11:03:56","slug":"19x40w-led-wash-moving-head-halo","status":"publish","type":"product","link":"https:\/\/aolait.com\/tr\/urun\/19x40w-led-yikama-hareketli-kafa-halo\/","title":{"rendered":"19x40W Led Y\u0131kama Hareketli Ba\u015fl\u0131k Halo"},"content":{"rendered":"<p>LED Kayna\u011f\u0131: 19x40W<\/p>\n\n\n\n<p>Yak\u0131nla\u015ft\u0131rma mele\u011fi: 7\u00b0-45\u00b0<\/p>\n\n\n\n<p>Kontrol Modu: 21\/26\/36\/43\/78\/119<\/p>\n\n\n\n<p>Piksel: Her LED ayr\u0131 ayr\u0131 kontrol edilebilir<\/p>\n\n\n\n<p>Efekt: \u0131\u015f\u0131n, y\u0131kama ve Kaleido efektleri<\/p>\n\n\n\n<p>Halo: G\u00f6z al\u0131c\u0131 etki i\u00e7in LED halka<\/p>\n\n\n\n<p>Boyut: 434<em>260<\/em>577 mm\/15,2kgs<\/p>\n\n\n\n<p><\/p>","protected":false},"excerpt":{"rendered":"<p>Halo halka efektli 19x40W LED Y\u0131kama Hareketli Kafa, dinamik pan\/tilt \u00f6zellikli kompakt hareketli \u0131\u015f\u0131k, sahneler, kul\u00fcpler ve etkinlikler i\u00e7in m\u00fckemmeldir. DMX kontrol\u00fc ve \u00e7arp\u0131c\u0131 \u0131\u015f\u0131n efektleri!<\/p>","protected":false},"featured_media":13382,"comment_status":"open","ping_status":"closed","template":"","meta":{"_acf_changed":false,"_seopress_robots_primary_cat":"none","_seopress_titles_title":"19x40W Led Wash Moving Head Halo","_seopress_titles_desc":"19x40W LED Wash Moving Head with halo ring effect ,compact moving light with dynamic pan\/tilt, perfect for stages, clubs, and events. DMX control & stunning beam effects!","_seopress_robots_index":""},"product_brand":[],"product_cat":[28,403],"product_tag":[],"class_list":{"0":"post-12613","1":"product","2":"type-product","3":"status-publish","4":"has-post-thumbnail","6":"product_cat-led-wash-moving-head","7":"product_cat-product","9":"first","10":"instock","11":"shipping-taxable","12":"product-type-simple"},"acf":[],"_links":{"self":[{"href":"https:\/\/aolait.com\/tr\/wp-json\/wp\/v2\/product\/12613","targetHints":{"allow":["GET"]}}],"collection":[{"href":"https:\/\/aolait.com\/tr\/wp-json\/wp\/v2\/product"}],"about":[{"href":"https:\/\/aolait.com\/tr\/wp-json\/wp\/v2\/types\/product"}],"replies":[{"embeddable":true,"href":"https:\/\/aolait.com\/tr\/wp-json\/wp\/v2\/comments?post=12613"}],"wp:featuredmedia":[{"embeddable":true,"href":"https:\/\/aolait.com\/tr\/wp-json\/wp\/v2\/media\/13382"}],"wp:attachment":[{"href":"https:\/\/aolait.com\/tr\/wp-json\/wp\/v2\/media?parent=12613"}],"wp:term":[{"taxonomy":"product_brand","embeddable":true,"href":"https:\/\/aolait.com\/tr\/wp-json\/wp\/v2\/product_brand?post=12613"},{"taxonomy":"product_cat","embeddable":true,"href":"https:\/\/aolait.com\/tr\/wp-json\/wp\/v2\/product_cat?post=12613"},{"taxonomy":"product_tag","embeddable":true,"href":"https:\/\/aolait.com\/tr\/wp-json\/wp\/v2\/product_tag?post=12613"}],"curies":[{"name":"wp","href":"https:\/\/api.w.org\/{rel}","templated":true}]}}