{"id":12622,"date":"2025-05-25T23:42:27","date_gmt":"2025-05-25T15:42:27","guid":{"rendered":"https:\/\/aolait.com\/?post_type=product&#038;p=12622"},"modified":"2025-10-21T19:03:56","modified_gmt":"2025-10-21T11:03:56","slug":"10x60w-led-moving-bar-pixel","status":"publish","type":"product","link":"https:\/\/aolait.com\/tr\/urun\/10x60w-led-hareketli-cubuk-piksel\/","title":{"rendered":"10x60W Led Hareketli \u00c7ubuk Piksel"},"content":{"rendered":"<p>Led Kayna\u011f\u0131: 10x60W RGBW 4in1 LED+96x1w CW+96x1w WW+96x1W RGB<\/p>\n\n\n\n<p>Yak\u0131nla\u015ft\u0131rma mele\u011fi: 4\u00b0-60\u00b0<\/p>\n\n\n\n<p>Hareket: 270 \u00b0 e\u011fme<\/p>\n\n\n\n<p>Piksel: Her Led piksel Kontroll\u00fc<\/p>\n\n\n\n<p>DMX Kanal\u0131: 17\/27\/99\/108\/168CH<\/p>\n\n\n\n<p>Boyut: 1000x<em>115x<\/em>290 mm\/19,2kgs<\/p>\n\n\n\n<p><\/p>","protected":false},"excerpt":{"rendered":"<p>Bireysel LED adresleme, 270 \u00b0 e\u011fim ile y\u00fcksek g\u00fc\u00e7l\u00fc piksel kontroll\u00fc \u0131\u015f\u0131k \u00e7ubu\u011fu. Geni\u015f zoom mele\u011fi ve DMX kontrol\u00fc Sahneler, kul\u00fcpler ve etkinlikler i\u00e7in m\u00fckemmel!<\/p>","protected":false},"featured_media":12623,"comment_status":"open","ping_status":"closed","template":"","meta":{"_acf_changed":true,"_seopress_robots_primary_cat":"none","_seopress_titles_title":"10x60W LED Moving Bar Pixel","_seopress_titles_desc":"High-power pixel-controlled light bar with individual LED addressing, 270\u00b0 tilt. Wide zoom angel and DMX control.Perfect for stages, clubs and events!","_seopress_robots_index":""},"product_brand":[],"product_cat":[28,403],"product_tag":[],"class_list":{"0":"post-12622","1":"product","2":"type-product","3":"status-publish","4":"has-post-thumbnail","6":"product_cat-led-wash-moving-head","7":"product_cat-product","9":"first","10":"instock","11":"shipping-taxable","12":"product-type-simple"},"acf":[],"_links":{"self":[{"href":"https:\/\/aolait.com\/tr\/wp-json\/wp\/v2\/product\/12622","targetHints":{"allow":["GET"]}}],"collection":[{"href":"https:\/\/aolait.com\/tr\/wp-json\/wp\/v2\/product"}],"about":[{"href":"https:\/\/aolait.com\/tr\/wp-json\/wp\/v2\/types\/product"}],"replies":[{"embeddable":true,"href":"https:\/\/aolait.com\/tr\/wp-json\/wp\/v2\/comments?post=12622"}],"wp:featuredmedia":[{"embeddable":true,"href":"https:\/\/aolait.com\/tr\/wp-json\/wp\/v2\/media\/12623"}],"wp:attachment":[{"href":"https:\/\/aolait.com\/tr\/wp-json\/wp\/v2\/media?parent=12622"}],"wp:term":[{"taxonomy":"product_brand","embeddable":true,"href":"https:\/\/aolait.com\/tr\/wp-json\/wp\/v2\/product_brand?post=12622"},{"taxonomy":"product_cat","embeddable":true,"href":"https:\/\/aolait.com\/tr\/wp-json\/wp\/v2\/product_cat?post=12622"},{"taxonomy":"product_tag","embeddable":true,"href":"https:\/\/aolait.com\/tr\/wp-json\/wp\/v2\/product_tag?post=12622"}],"curies":[{"name":"wp","href":"https:\/\/api.w.org\/{rel}","templated":true}]}}