{"id":12655,"date":"2025-06-11T14:41:35","date_gmt":"2025-06-11T06:41:35","guid":{"rendered":"https:\/\/aolait.com\/?post_type=product&#038;p=12655"},"modified":"2025-12-03T17:38:13","modified_gmt":"2025-12-03T09:38:13","slug":"150w-led-strobe-bar-ip20","status":"publish","type":"product","link":"https:\/\/aolait.com\/tr\/urun\/150w-led-flas-cubugu-ip20\/","title":{"rendered":"150W Led Strobe Bar IP20"},"content":{"rendered":"<p>Led Kayna\u011f\u0131: 240 adet 5730 led 0.5w, 480 adet rgb 0.3W<\/p>\n\n\n\n<p>DMX Kanal\u0131: 4\/16\/168CH<\/p>\n\n\n\n<p>\u00d6zellik: Piksel\/Strobe<\/p>\n\n\n\n<p>Boyut: 100<em>10<\/em>15CM\/2,3kgs<\/p>","protected":false},"excerpt":{"rendered":"<p>Acil durum, g\u00fcvenlik ve end\u00fcstriyel kullan\u0131m i\u00e7in y\u00fcksek yo\u011funluklu fla\u015f ayd\u0131nlatma. Ayarlanabilir makro fla\u015f, geni\u015f a\u00e7\u0131l\u0131 g\u00f6r\u00fcn\u00fcrl\u00fck ve dayan\u0131kl\u0131 tasar\u0131ma sahiptir. Ara\u00e7lar, \u015fantiyeler ve etkinlik ayd\u0131nlatmas\u0131 i\u00e7in idealdir. Enerji tasarruflu ve kurulumu kolay!<\/p>","protected":false},"featured_media":13939,"comment_status":"open","ping_status":"closed","template":"","meta":{"_acf_changed":true,"_seopress_robots_primary_cat":"none","_seopress_titles_title":"150W Led Strobe Bar IP20","_seopress_titles_desc":"High-intensity strobe lighting for emergency, safety, and industrial use. Features adjustable macro strobe , wide-angle visibility, and durable design. Ideal for vehicles, construction sites, and event lighting. Energy-efficient & easy to install!","_seopress_robots_index":""},"product_brand":[],"product_cat":[267,403],"product_tag":[178,174,177,79],"class_list":{"0":"post-12655","1":"product","2":"type-product","3":"status-publish","4":"has-post-thumbnail","6":"product_cat-led-strobe-light","7":"product_cat-product","8":"product_tag-art-net-led-bar-light","9":"product_tag-led-bar-light","10":"product_tag-led-bar-light-pixel-controlled","11":"product_tag-stage-lighting","13":"first","14":"instock","15":"shipping-taxable","16":"product-type-simple"},"acf":[],"_links":{"self":[{"href":"https:\/\/aolait.com\/tr\/wp-json\/wp\/v2\/product\/12655","targetHints":{"allow":["GET"]}}],"collection":[{"href":"https:\/\/aolait.com\/tr\/wp-json\/wp\/v2\/product"}],"about":[{"href":"https:\/\/aolait.com\/tr\/wp-json\/wp\/v2\/types\/product"}],"replies":[{"embeddable":true,"href":"https:\/\/aolait.com\/tr\/wp-json\/wp\/v2\/comments?post=12655"}],"wp:featuredmedia":[{"embeddable":true,"href":"https:\/\/aolait.com\/tr\/wp-json\/wp\/v2\/media\/13939"}],"wp:attachment":[{"href":"https:\/\/aolait.com\/tr\/wp-json\/wp\/v2\/media?parent=12655"}],"wp:term":[{"taxonomy":"product_brand","embeddable":true,"href":"https:\/\/aolait.com\/tr\/wp-json\/wp\/v2\/product_brand?post=12655"},{"taxonomy":"product_cat","embeddable":true,"href":"https:\/\/aolait.com\/tr\/wp-json\/wp\/v2\/product_cat?post=12655"},{"taxonomy":"product_tag","embeddable":true,"href":"https:\/\/aolait.com\/tr\/wp-json\/wp\/v2\/product_tag?post=12655"}],"curies":[{"name":"wp","href":"https:\/\/api.w.org\/{rel}","templated":true}]}}