{"id":12667,"date":"2025-06-11T15:20:22","date_gmt":"2025-06-11T07:20:22","guid":{"rendered":"https:\/\/aolait.com\/?post_type=product&#038;p=12667"},"modified":"2025-10-21T19:03:55","modified_gmt":"2025-10-21T11:03:55","slug":"500w-led-strobe-bar-ip65","status":"publish","type":"product","link":"https:\/\/aolait.com\/tr\/urun\/500w-led-flas-bar-ip65\/","title":{"rendered":"500W Led Strobe Bar Ip65"},"content":{"rendered":"<p>Led Kayna\u011f\u0131: 240 adet 5730led 0.5w, 480 adet rgb 0.3W<\/p>\n\n\n\n<p>DMX Kanal\u0131: 4\/16\/168CH<\/p>\n\n\n\n<p>\u00d6zellik: Piksel\/Strobe<\/p>\n\n\n\n<p>Boyut: 100<em>8<\/em>14cm\/7.8kgs<\/p>","protected":false},"excerpt":{"rendered":"<p>500W g\u00fcc\u00fcnde piksel kontroll\u00fc su ge\u00e7irmez strobe. DMX\/kablosuz kontrol ve \u00e7oklu efektler ile sahneler, kul\u00fcpler ve a\u00e7\u0131k hava etkinlikleri i\u00e7in m\u00fckemmel!<\/p>","protected":false},"featured_media":13055,"comment_status":"open","ping_status":"closed","template":"","meta":{"_acf_changed":false,"_seopress_robots_primary_cat":"none","_seopress_titles_title":"500W Led Strobe Bar Ip65","_seopress_titles_desc":"Pixel-controlled waterproof strobe with 500W punch. Perfect for stages, clubs, and outdoor events with DMX\/wireless control and multi-effects!","_seopress_robots_index":""},"product_brand":[],"product_cat":[267,403],"product_tag":[178,174,177,79],"class_list":{"0":"post-12667","1":"product","2":"type-product","3":"status-publish","4":"has-post-thumbnail","6":"product_cat-led-strobe-light","7":"product_cat-product","8":"product_tag-art-net-led-bar-light","9":"product_tag-led-bar-light","10":"product_tag-led-bar-light-pixel-controlled","11":"product_tag-stage-lighting","13":"first","14":"instock","15":"shipping-taxable","16":"product-type-simple"},"acf":[],"_links":{"self":[{"href":"https:\/\/aolait.com\/tr\/wp-json\/wp\/v2\/product\/12667","targetHints":{"allow":["GET"]}}],"collection":[{"href":"https:\/\/aolait.com\/tr\/wp-json\/wp\/v2\/product"}],"about":[{"href":"https:\/\/aolait.com\/tr\/wp-json\/wp\/v2\/types\/product"}],"replies":[{"embeddable":true,"href":"https:\/\/aolait.com\/tr\/wp-json\/wp\/v2\/comments?post=12667"}],"wp:featuredmedia":[{"embeddable":true,"href":"https:\/\/aolait.com\/tr\/wp-json\/wp\/v2\/media\/13055"}],"wp:attachment":[{"href":"https:\/\/aolait.com\/tr\/wp-json\/wp\/v2\/media?parent=12667"}],"wp:term":[{"taxonomy":"product_brand","embeddable":true,"href":"https:\/\/aolait.com\/tr\/wp-json\/wp\/v2\/product_brand?post=12667"},{"taxonomy":"product_cat","embeddable":true,"href":"https:\/\/aolait.com\/tr\/wp-json\/wp\/v2\/product_cat?post=12667"},{"taxonomy":"product_tag","embeddable":true,"href":"https:\/\/aolait.com\/tr\/wp-json\/wp\/v2\/product_tag?post=12667"}],"curies":[{"name":"wp","href":"https:\/\/api.w.org\/{rel}","templated":true}]}}