{"id":12672,"date":"2025-06-11T15:36:35","date_gmt":"2025-06-11T07:36:35","guid":{"rendered":"https:\/\/aolait.com\/?post_type=product&#038;p=12672"},"modified":"2025-10-21T19:03:55","modified_gmt":"2025-10-21T11:03:55","slug":"600w-led-strobe-rgb","status":"publish","type":"product","link":"https:\/\/aolait.com\/tr\/urun\/600w-led-flas-rgb\/","title":{"rendered":"600W Led Strobe RGB"},"content":{"rendered":"<p>Led Kayna\u011f\u0131: 960 adet led rgb 0.6w<\/p>\n\n\n\n<p>DMX Kanal\u0131:3\/9\/24 ch<\/p>\n\n\n\n<p>\u00d6zellik: Y\u0131kama+Strobe+Efekt<\/p>\n\n\n\n<p>Boyut: 445x<em>215<\/em>x140mm\/5kgs<\/p>","protected":false},"excerpt":{"rendered":"<p>Canl\u0131 renklere ve \u00e7oklu efektlere sahip y\u00fcksek g\u00fc\u00e7l\u00fc RGB strobe. DMX\/kablosuz kontrol ile kul\u00fcpler, konserler ve etkinlikler i\u00e7in m\u00fckemmeldir<\/p>","protected":false},"featured_media":13047,"comment_status":"open","ping_status":"closed","template":"","meta":{"_acf_changed":false,"_seopress_robots_primary_cat":"none","_seopress_titles_title":"600W Led Strobe RGB","_seopress_titles_desc":"High-power RGB strobe with vibrant colors and multi-effects. Perfect for clubs, concerts, and events with DMX\/wireless control","_seopress_robots_index":""},"product_brand":[],"product_cat":[267,403],"product_tag":[79],"class_list":{"0":"post-12672","1":"product","2":"type-product","3":"status-publish","4":"has-post-thumbnail","6":"product_cat-led-strobe-light","7":"product_cat-product","8":"product_tag-stage-lighting","10":"first","11":"instock","12":"shipping-taxable","13":"product-type-simple"},"acf":[],"_links":{"self":[{"href":"https:\/\/aolait.com\/tr\/wp-json\/wp\/v2\/product\/12672","targetHints":{"allow":["GET"]}}],"collection":[{"href":"https:\/\/aolait.com\/tr\/wp-json\/wp\/v2\/product"}],"about":[{"href":"https:\/\/aolait.com\/tr\/wp-json\/wp\/v2\/types\/product"}],"replies":[{"embeddable":true,"href":"https:\/\/aolait.com\/tr\/wp-json\/wp\/v2\/comments?post=12672"}],"wp:featuredmedia":[{"embeddable":true,"href":"https:\/\/aolait.com\/tr\/wp-json\/wp\/v2\/media\/13047"}],"wp:attachment":[{"href":"https:\/\/aolait.com\/tr\/wp-json\/wp\/v2\/media?parent=12672"}],"wp:term":[{"taxonomy":"product_brand","embeddable":true,"href":"https:\/\/aolait.com\/tr\/wp-json\/wp\/v2\/product_brand?post=12672"},{"taxonomy":"product_cat","embeddable":true,"href":"https:\/\/aolait.com\/tr\/wp-json\/wp\/v2\/product_cat?post=12672"},{"taxonomy":"product_tag","embeddable":true,"href":"https:\/\/aolait.com\/tr\/wp-json\/wp\/v2\/product_tag?post=12672"}],"curies":[{"name":"wp","href":"https:\/\/api.w.org\/{rel}","templated":true}]}}