{"id":1303,"date":"2020-11-05T13:51:02","date_gmt":"2020-11-05T05:51:02","guid":{"rendered":"https:\/\/aolait.com\/?post_type=product&#038;p=1303"},"modified":"2025-10-21T19:03:59","modified_gmt":"2025-10-21T11:03:59","slug":"18x18w-led-par-zoom-indoor","status":"publish","type":"product","link":"https:\/\/aolait.com\/tr\/urun\/18x18w-led-par-zoom-ic-mekan\/","title":{"rendered":"18x18W Led Par Zoom \u0130\u00e7 Mekan"},"content":{"rendered":"<p>Voltaj: 100~240V, 50\/60Hz<\/p>\n<p>G\u00fc\u00e7 t\u00fcketimi: 326W<\/p>\n<p>Ayarlanabilir \u0131\u015f\u0131n a\u00e7\u0131s\u0131: 25\u00b0- 75\u00b0<\/p>\n<p>DMX kanallar\u0131: 6 veya 8 se\u00e7ilebilir<\/p>\n<p>Kontrol modu: Ses aktif, Otomatik, DMX ve Master\/slave<\/p>\n<p>Ekran: LED ekran<\/p>\n<p>XLR soketleri: 3-pin XLR G\u0130R\u0130\u015e\/\u00c7IKI\u015e<\/p>\n<p>G\u00fc\u00e7 Soketi: G\u00fc\u00e7 hatt\u0131 giri\u015f\/\u00e7\u0131k\u0131\u015f\u0131<\/p>\n<p>Boyut: 290*270*255mm<\/p>\n<p>N.W: 2.6kgs<\/p>\n<p><iframe src=\"https:\/\/www.youtube.com\/embed\/VnpyJteuB-c\" width=\"560\" height=\"315\" frameborder=\"0\" allowfullscreen=\"allowfullscreen\"><\/iframe><\/p>","protected":false},"excerpt":{"rendered":"<p>AL1818P hafif bir fikst\u00fcr NW 2,6kgs.<\/p>\n<p>25\u00b0-75\u00b0 aras\u0131nda b\u00fcy\u00fck bir y\u0131kama zum a\u00e7\u0131s\u0131 ile<\/p>\n<p>\u0130\u00e7 mekan atmosferini kaplamak i\u00e7in iyi bir se\u00e7im.<\/p>","protected":false},"featured_media":11972,"comment_status":"open","ping_status":"closed","template":"","meta":{"_acf_changed":false,"_seopress_robots_primary_cat":"none","_seopress_titles_title":"","_seopress_titles_desc":"","_seopress_robots_index":""},"product_brand":[],"product_cat":[35,403],"product_tag":[127,128,116,129],"class_list":{"0":"post-1303","1":"product","2":"type-product","3":"status-publish","4":"has-post-thumbnail","6":"product_cat-led-par-light","7":"product_cat-product","8":"product_tag-18x12w-15w-18w-led-par","9":"product_tag-led-par-indoor","10":"product_tag-led-par-with-zoom","11":"product_tag-rgbwauv-led-par","13":"first","14":"instock","15":"shipping-taxable","16":"product-type-simple"},"acf":[],"_links":{"self":[{"href":"https:\/\/aolait.com\/tr\/wp-json\/wp\/v2\/product\/1303","targetHints":{"allow":["GET"]}}],"collection":[{"href":"https:\/\/aolait.com\/tr\/wp-json\/wp\/v2\/product"}],"about":[{"href":"https:\/\/aolait.com\/tr\/wp-json\/wp\/v2\/types\/product"}],"replies":[{"embeddable":true,"href":"https:\/\/aolait.com\/tr\/wp-json\/wp\/v2\/comments?post=1303"}],"wp:featuredmedia":[{"embeddable":true,"href":"https:\/\/aolait.com\/tr\/wp-json\/wp\/v2\/media\/11972"}],"wp:attachment":[{"href":"https:\/\/aolait.com\/tr\/wp-json\/wp\/v2\/media?parent=1303"}],"wp:term":[{"taxonomy":"product_brand","embeddable":true,"href":"https:\/\/aolait.com\/tr\/wp-json\/wp\/v2\/product_brand?post=1303"},{"taxonomy":"product_cat","embeddable":true,"href":"https:\/\/aolait.com\/tr\/wp-json\/wp\/v2\/product_cat?post=1303"},{"taxonomy":"product_tag","embeddable":true,"href":"https:\/\/aolait.com\/tr\/wp-json\/wp\/v2\/product_tag?post=1303"}],"curies":[{"name":"wp","href":"https:\/\/api.w.org\/{rel}","templated":true}]}}