{"id":1320,"date":"2020-11-05T14:31:58","date_gmt":"2020-11-05T06:31:58","guid":{"rendered":"https:\/\/aolait.com\/?post_type=product&#038;p=1320"},"modified":"2025-10-21T19:03:59","modified_gmt":"2025-10-21T11:03:59","slug":"18x18w-led-par-indoor","status":"publish","type":"product","link":"https:\/\/aolait.com\/tr\/urun\/18x18w-led-par-ic-mekan\/","title":{"rendered":"18x18W Led Par \u0130\u00e7 Mekan"},"content":{"rendered":"<p>Gerilim AC100-240V 50\/60Hz<\/p>\n<p>G\u00fc\u00e7: 200W<\/p>\n<p>I\u015f\u0131k Kayna\u011f\u0131: 18PCS 12W LED RGBW 4'\u00fc 1 arada (\u0130ste\u011fe ba\u011fl\u0131 5'i 1 arada 1\/6's\u0131 1 arada)<\/p>\n<p>Kullan\u0131m \u00d6mr\u00fc: 6000-10000 Saat<\/p>\n<p>Renk: \u00c7e\u015fitli parlak renklerle iste\u011fe ba\u011fl\u0131 RGBW kar\u0131\u015f\u0131k (RGBWA veya RGBWA + UV)<\/p>\n<p>Strobe: Ayarlanabilir fla\u015f h\u0131z\u0131<\/p>\n<p>Kontrol modu: Standart DMX 512\/master-salve\/auto<\/p>\n<p>DMX Kanal\u0131: 8 Kanal<\/p>\n<p>So\u011futma Fanl\u0131 So\u011futma<\/p>\n<p>Termal koruma<\/p>\n<p>Malzeme: Al\u00fcminyum ala\u015f\u0131m<\/p>\n<p>\u00c7al\u0131\u015fma s\u0131cakl\u0131\u011f\u0131: -20 \u2103 -40 \u2103<\/p>\n<p>\u00d6zellikler: Y\u00fcksek parlakl\u0131k, uzun \u00f6m\u00fcrl\u00fc \u0131\u015f\u0131k kayna\u011f\u0131, y\u00fcksek g\u00fcvenlik performans\u0131<\/p>\n<p>IP S\u0131n\u0131f\u0131: IP20<\/p>\n<p>Boyut: 330*300*240 mm<\/p>\n<p>Net a\u011f\u0131rl\u0131k: 3,5 KG<\/p>\n<p><iframe src=\"https:\/\/www.youtube.com\/embed\/nUkB4ZY7Gcs\" width=\"560\" height=\"315\" frameborder=\"0\" allowfullscreen=\"allowfullscreen\"><\/iframe><\/p>","protected":false},"excerpt":{"rendered":"<p>AL1018P hafif g\u00f6vdeli, titre\u015fimsiz bir i\u00e7 mekan LED par \u0131\u015f\u0131\u011f\u0131<\/p>\n<p>M\u00fckemmel sonsuz renk kar\u0131\u015f\u0131m\u0131 12W (RGBW), 15W (RGBWA), 18W (RGBWA + UV) iste\u011fe ba\u011fl\u0131d\u0131r.<\/p>\n<p>&nbsp;<\/p>","protected":false},"featured_media":11971,"comment_status":"open","ping_status":"closed","template":"","meta":{"_acf_changed":false,"_seopress_robots_primary_cat":"none","_seopress_titles_title":"","_seopress_titles_desc":"","_seopress_robots_index":""},"product_brand":[],"product_cat":[35,403],"product_tag":[127,128,122,130],"class_list":{"0":"post-1320","1":"product","2":"type-product","3":"status-publish","4":"has-post-thumbnail","6":"product_cat-led-par-light","7":"product_cat-product","8":"product_tag-18x12w-15w-18w-led-par","9":"product_tag-led-par-indoor","10":"product_tag-rgbw-led-par","11":"product_tag-super-brightness-led-par","13":"first","14":"instock","15":"shipping-taxable","16":"product-type-simple"},"acf":[],"_links":{"self":[{"href":"https:\/\/aolait.com\/tr\/wp-json\/wp\/v2\/product\/1320","targetHints":{"allow":["GET"]}}],"collection":[{"href":"https:\/\/aolait.com\/tr\/wp-json\/wp\/v2\/product"}],"about":[{"href":"https:\/\/aolait.com\/tr\/wp-json\/wp\/v2\/types\/product"}],"replies":[{"embeddable":true,"href":"https:\/\/aolait.com\/tr\/wp-json\/wp\/v2\/comments?post=1320"}],"wp:featuredmedia":[{"embeddable":true,"href":"https:\/\/aolait.com\/tr\/wp-json\/wp\/v2\/media\/11971"}],"wp:attachment":[{"href":"https:\/\/aolait.com\/tr\/wp-json\/wp\/v2\/media?parent=1320"}],"wp:term":[{"taxonomy":"product_brand","embeddable":true,"href":"https:\/\/aolait.com\/tr\/wp-json\/wp\/v2\/product_brand?post=1320"},{"taxonomy":"product_cat","embeddable":true,"href":"https:\/\/aolait.com\/tr\/wp-json\/wp\/v2\/product_cat?post=1320"},{"taxonomy":"product_tag","embeddable":true,"href":"https:\/\/aolait.com\/tr\/wp-json\/wp\/v2\/product_tag?post=1320"}],"curies":[{"name":"wp","href":"https:\/\/api.w.org\/{rel}","templated":true}]}}