{"id":1397,"date":"2026-04-03T14:46:21","date_gmt":"2026-04-03T06:46:21","guid":{"rendered":"https:\/\/aolait.com\/?post_type=product&#038;p=1397"},"modified":"2026-04-04T11:23:33","modified_gmt":"2026-04-04T03:23:33","slug":"18x10w-led-slim-par-waterproof","status":"publish","type":"product","link":"https:\/\/aolait.com\/tr\/urun\/18x10w-led-ince-par-su-gecirmez\/","title":{"rendered":"18x12W Led Slim Par RGBW"},"content":{"rendered":"<p>Led Kayna\u011f\u0131: 18x12w RGBW 4'\u00fc 1 arada<br \/>\nYak\u0131nla\u015ft\u0131rma a\u00e7\u0131s\u0131: 25\/45 derece iste\u011fe ba\u011fl\u0131<br \/>\nDMX Kanal\u0131: 4\/8CH<br \/>\nIP20<\/p>","protected":false},"excerpt":{"rendered":"<p>AL1018SP is a 18\u00d712W LED Slim Par RGBW with optional 25\u00b0\/45\u00b0 zoom, multiple DMX modes, and compact indoor design for professional stage, theater, and event lighting.<\/p>","protected":false},"featured_media":14518,"comment_status":"open","ping_status":"closed","template":"","meta":{"_acf_changed":false,"_seopress_robots_primary_cat":"none","_seopress_titles_title":"18x12W Led Slim Par RGBW","_seopress_titles_desc":"AL1018SP is a 18\u00d712W LED Slim Par RGBW with optional 25\u00b0\/45\u00b0 zoom, multiple DMX modes, and compact indoor design for professional stage, theater, and event lighting.","_seopress_robots_index":""},"product_brand":[],"product_cat":[35,403],"product_tag":[115,134,122,124],"class_list":{"0":"post-1397","1":"product","2":"type-product","3":"status-publish","4":"has-post-thumbnail","6":"product_cat-led-par-light","7":"product_cat-product","8":"product_tag-led-par-waterproof","9":"product_tag-led-slim-par-light-outdoor","10":"product_tag-rgbw-led-par","11":"product_tag-slim-par-waterproof","13":"first","14":"instock","15":"shipping-taxable","16":"product-type-simple"},"acf":[],"_links":{"self":[{"href":"https:\/\/aolait.com\/tr\/wp-json\/wp\/v2\/product\/1397","targetHints":{"allow":["GET"]}}],"collection":[{"href":"https:\/\/aolait.com\/tr\/wp-json\/wp\/v2\/product"}],"about":[{"href":"https:\/\/aolait.com\/tr\/wp-json\/wp\/v2\/types\/product"}],"replies":[{"embeddable":true,"href":"https:\/\/aolait.com\/tr\/wp-json\/wp\/v2\/comments?post=1397"}],"wp:featuredmedia":[{"embeddable":true,"href":"https:\/\/aolait.com\/tr\/wp-json\/wp\/v2\/media\/14518"}],"wp:attachment":[{"href":"https:\/\/aolait.com\/tr\/wp-json\/wp\/v2\/media?parent=1397"}],"wp:term":[{"taxonomy":"product_brand","embeddable":true,"href":"https:\/\/aolait.com\/tr\/wp-json\/wp\/v2\/product_brand?post=1397"},{"taxonomy":"product_cat","embeddable":true,"href":"https:\/\/aolait.com\/tr\/wp-json\/wp\/v2\/product_cat?post=1397"},{"taxonomy":"product_tag","embeddable":true,"href":"https:\/\/aolait.com\/tr\/wp-json\/wp\/v2\/product_tag?post=1397"}],"curies":[{"name":"wp","href":"https:\/\/api.w.org\/{rel}","templated":true}]}}