{"id":1403,"date":"2020-11-05T17:19:33","date_gmt":"2020-11-05T09:19:33","guid":{"rendered":"https:\/\/aolait.com\/?post_type=product&#038;p=1403"},"modified":"2025-10-21T19:03:59","modified_gmt":"2025-10-21T11:03:59","slug":"7x10w-led-slim-par-waterproof","status":"publish","type":"product","link":"https:\/\/aolait.com\/tr\/urun\/7x10w-led-ince-par-su-gecirmez\/","title":{"rendered":"7x10W Led \u0130nce Par Su Ge\u00e7irmez"},"content":{"rendered":"<p>Gerilim AC100 -240V 50\/60Hz<\/p>\n<p>G\u00fc\u00e7: 100W<\/p>\n<p>I\u015f\u0131k kayna\u011f\u0131: 7 adet 10W y\u00fcksek parlakl\u0131kta Led RGBW 4'\u00fc 1 arada \/ RGBWA 5'i 1 arada \/ RGBWA + UV 6's\u0131 1 arada (\u0130ste\u011fe ba\u011fl\u0131)<\/p>\n<p>A\u00e7\u0131: 25\u00b0 veya 45\u00b0<\/p>\n<p>Renk: Sonsuz renk kar\u0131\u015f\u0131m\u0131<\/p>\n<p>Kontrol kanal\u0131: 8CH<\/p>\n<p>Kontrol modu: DMX512, master\/slave modu, Ses kontrol\u00fc<\/p>\n<p>IP65<\/p>\n<p>Boyut: 280*140*310mm<\/p>\n<p>N.W: 5kgs<\/p>","protected":false},"excerpt":{"rendered":"<p>AL1007SP, en yeni mini su ge\u00e7irmez ince par serilerinden biridir.<\/p>\n<p>S\u0131k\u0131 bir su ge\u00e7irmez g\u00f6vde tasar\u0131m\u0131, 7PCS y\u00fcksek parlakl\u0131kta RGBW LED'ler, sonsuz renk kar\u0131\u015f\u0131m\u0131 ile.<\/p>\n<p>Herhangi bir a\u00e7\u0131k hava g\u00f6sterisi, etkinlik ve etkinlik partisi i\u00e7in \u00e7ok iyi y\u0131kama i\u015flevi talebi.<\/p>","protected":false},"featured_media":11977,"comment_status":"open","ping_status":"closed","template":"","meta":{"_acf_changed":false,"_seopress_robots_primary_cat":"none","_seopress_titles_title":"","_seopress_titles_desc":"","_seopress_robots_index":""},"product_brand":[],"product_cat":[35,403],"product_tag":[115,134,122,124],"class_list":{"0":"post-1403","1":"product","2":"type-product","3":"status-publish","4":"has-post-thumbnail","6":"product_cat-led-par-light","7":"product_cat-product","8":"product_tag-led-par-waterproof","9":"product_tag-led-slim-par-light-outdoor","10":"product_tag-rgbw-led-par","11":"product_tag-slim-par-waterproof","13":"first","14":"instock","15":"shipping-taxable","16":"product-type-simple"},"acf":[],"_links":{"self":[{"href":"https:\/\/aolait.com\/tr\/wp-json\/wp\/v2\/product\/1403","targetHints":{"allow":["GET"]}}],"collection":[{"href":"https:\/\/aolait.com\/tr\/wp-json\/wp\/v2\/product"}],"about":[{"href":"https:\/\/aolait.com\/tr\/wp-json\/wp\/v2\/types\/product"}],"replies":[{"embeddable":true,"href":"https:\/\/aolait.com\/tr\/wp-json\/wp\/v2\/comments?post=1403"}],"wp:featuredmedia":[{"embeddable":true,"href":"https:\/\/aolait.com\/tr\/wp-json\/wp\/v2\/media\/11977"}],"wp:attachment":[{"href":"https:\/\/aolait.com\/tr\/wp-json\/wp\/v2\/media?parent=1403"}],"wp:term":[{"taxonomy":"product_brand","embeddable":true,"href":"https:\/\/aolait.com\/tr\/wp-json\/wp\/v2\/product_brand?post=1403"},{"taxonomy":"product_cat","embeddable":true,"href":"https:\/\/aolait.com\/tr\/wp-json\/wp\/v2\/product_cat?post=1403"},{"taxonomy":"product_tag","embeddable":true,"href":"https:\/\/aolait.com\/tr\/wp-json\/wp\/v2\/product_tag?post=1403"}],"curies":[{"name":"wp","href":"https:\/\/api.w.org\/{rel}","templated":true}]}}