{"id":1484,"date":"2020-11-06T10:53:33","date_gmt":"2020-11-06T02:53:33","guid":{"rendered":"https:\/\/aolait.com\/?post_type=product&#038;p=1484"},"modified":"2025-12-08T13:50:30","modified_gmt":"2025-12-08T05:50:30","slug":"54x3w-led-par-indoor","status":"publish","type":"product","link":"https:\/\/aolait.com\/tr\/urun\/54x3w-led-par-ic-mekan\/","title":{"rendered":"54x3W Led Par \u0130\u00e7 Mekan"},"content":{"rendered":"<p>Gerilim AC90V-260V 50\/60Hz<\/p>\n<p>G\u00fc\u00e7 t\u00fcketimi: 200W@220V<\/p>\n<p>I\u015f\u0131k Kayna\u011f\u0131: 54X3W Led<\/p>\n<p>60-100K saat LED \u00f6mr\u00fc, d\u00fc\u015f\u00fck g\u00fc\u00e7 t\u00fcketimi<\/p>\n<p>Strobe: 1-14\/sn, h\u0131z ayarlanabilir<\/p>\n<p>RGB renk kar\u0131\u015f\u0131m\u0131 \/ S\u0131cak \/ So\u011fuk Beyaz<\/p>\n<p>LED Ekran<\/p>\n<p>A\u00e7\u0131 \uff1a 25 \u2103<\/p>\n<p>Kontrol:DMX 512 8 Kanal\/Otomatik \u00c7al\u0131\u015ft\u0131rma \/Master-Slave<\/p>\n<p>Muhafaza Al\u00fcminyum g\u00f6vde<\/p>\n<p>IP20<\/p>\n<p>Boyut: 330*300*240mm<\/p>\n<p>N.W: 2.8kgs<\/p>\n<p><iframe src=\"https:\/\/www.youtube.com\/embed\/NjSRoKWOKgo\" width=\"560\" height=\"315\" frameborder=\"0\" allowfullscreen=\"allowfullscreen\"><\/iframe><\/p>","protected":false},"excerpt":{"rendered":"<p>AL354P, sonsuz RGB renk kar\u0131\u015f\u0131m\u0131.<\/p>\n<p>Sessiz \u0131s\u0131 da\u011f\u0131l\u0131m\u0131, kullan\u0131m \u00f6mr\u00fc ve stabilite sa\u011flar; S\u00fcper parlak g\u00fc\u00e7 LED ampul; Benzersiz ayd\u0131nlatma sistemi tasar\u0131m\u0131, e\u015fit renk noktas\u0131; Titre\u015fimsiz<\/p>\n<p>D\u00fc\u015f\u00fck g\u00fcr\u00fclt\u00fc, stadyum, TV istasyonu i\u00e7in en iyi se\u00e7enek.<\/p>\n<p>&nbsp;<\/p>","protected":false},"featured_media":14084,"comment_status":"open","ping_status":"closed","template":"","meta":{"_acf_changed":true,"_seopress_robots_primary_cat":"none","_seopress_titles_title":"","_seopress_titles_desc":"","_seopress_robots_index":""},"product_brand":[],"product_cat":[35,403],"product_tag":[135,128,137],"class_list":{"0":"post-1484","1":"product","2":"type-product","3":"status-publish","4":"has-post-thumbnail","6":"product_cat-led-par-light","7":"product_cat-product","8":"product_tag-54x3w-led-par","9":"product_tag-led-par-indoor","10":"product_tag-led-par-rgb","12":"first","13":"instock","14":"shipping-taxable","15":"product-type-simple"},"acf":[],"_links":{"self":[{"href":"https:\/\/aolait.com\/tr\/wp-json\/wp\/v2\/product\/1484","targetHints":{"allow":["GET"]}}],"collection":[{"href":"https:\/\/aolait.com\/tr\/wp-json\/wp\/v2\/product"}],"about":[{"href":"https:\/\/aolait.com\/tr\/wp-json\/wp\/v2\/types\/product"}],"replies":[{"embeddable":true,"href":"https:\/\/aolait.com\/tr\/wp-json\/wp\/v2\/comments?post=1484"}],"wp:featuredmedia":[{"embeddable":true,"href":"https:\/\/aolait.com\/tr\/wp-json\/wp\/v2\/media\/14084"}],"wp:attachment":[{"href":"https:\/\/aolait.com\/tr\/wp-json\/wp\/v2\/media?parent=1484"}],"wp:term":[{"taxonomy":"product_brand","embeddable":true,"href":"https:\/\/aolait.com\/tr\/wp-json\/wp\/v2\/product_brand?post=1484"},{"taxonomy":"product_cat","embeddable":true,"href":"https:\/\/aolait.com\/tr\/wp-json\/wp\/v2\/product_cat?post=1484"},{"taxonomy":"product_tag","embeddable":true,"href":"https:\/\/aolait.com\/tr\/wp-json\/wp\/v2\/product_tag?post=1484"}],"curies":[{"name":"wp","href":"https:\/\/api.w.org\/{rel}","templated":true}]}}