{"id":1512,"date":"2020-11-06T14:20:35","date_gmt":"2020-11-06T06:20:35","guid":{"rendered":"https:\/\/aolait.com\/?post_type=product&#038;p=1512"},"modified":"2025-10-21T19:03:59","modified_gmt":"2025-10-21T11:03:59","slug":"200w-300w-cob-rgbw-warm-cold-white-with-zoom","status":"publish","type":"product","link":"https:\/\/aolait.com\/tr\/urun\/200w-300w-kocanli-rgbw-sicak-soguk-beyaz-zoomlu\/","title":{"rendered":"Zoom ile 200W\/300W COB RGBW\/S\u0131cak\/So\u011fuk beyaz"},"content":{"rendered":"<p>Gerilim AC100-230V 50-60HZ<\/p>\n<p>Nominal g\u00fc\u00e7: 200W \/ 300W<\/p>\n<p>I\u015f\u0131k kayna\u011f\u0131: ithal 200W \/ 300W<\/p>\n<p>Optik malzemeler: lens + reflekt\u00f6r<\/p>\n<p>Renk s\u0131cakl\u0131\u011f\u0131: 3200K \/ 5600K\/RGBW 4in1<\/p>\n<p>Lamba \u00f6mr\u00fc: 50000 saat<\/p>\n<p>Do\u011frusal karartma: 0-100%<\/p>\n<p>Y\u00fcksek h\u0131zl\u0131 strobe: ba\u011f\u0131ms\u0131z elektronik strobe, 1-25HZ<\/p>\n<p>Yak\u0131nla\u015ft\u0131rma a\u00e7\u0131s\u0131: 15 \u00b0 -60 \u00b0<\/p>\n<p>Kontrol: DMX512, 3 damarl\u0131 sinyal kablosu<\/p>\n<p>\u00c7al\u0131\u015fma ortam\u0131:: -20 \u2103 -50 \u2103<\/p>\n<p>Boyut: 394*393*245mm<\/p>\n<p><iframe src=\"https:\/\/www.youtube.com\/embed\/3d_1N5g7KNw\" width=\"560\" height=\"315\" frameborder=\"0\" allowfullscreen=\"allowfullscreen\"><\/iframe><\/p>","protected":false},"excerpt":{"rendered":"<p>AL200CZ hafif bir g\u00f6vde, y\u00fcksek parlakl\u0131kta 200\/300w Led ve 15-60\u00b0 b\u00fcy\u00fck zoom ile donat\u0131lm\u0131\u015ft\u0131r.<\/p>\n<p>I\u015f\u0131k kayna\u011f\u0131: 200W \/ 300W 3200K \/ 5600K<\/p>\n<p>200W \/ 300W RGBW 4'\u00fc 1 arada (iste\u011fe ba\u011fl\u0131)<\/p>","protected":false},"featured_media":11982,"comment_status":"open","ping_status":"closed","template":"","meta":{"_acf_changed":false,"_seopress_robots_primary_cat":"none","_seopress_titles_title":"","_seopress_titles_desc":"","_seopress_robots_index":""},"product_brand":[],"product_cat":[35,403],"product_tag":[142,140,144,143],"class_list":{"0":"post-1512","1":"product","2":"type-product","3":"status-publish","4":"has-post-thumbnail","6":"product_cat-led-par-light","7":"product_cat-product","8":"product_tag-led-cob-par-indoor","9":"product_tag-led-cob-par-rgbw","10":"product_tag-led-cob-par-warm-cold-white","11":"product_tag-led-cob-par-zoom","13":"first","14":"instock","15":"shipping-taxable","16":"product-type-simple"},"acf":[],"_links":{"self":[{"href":"https:\/\/aolait.com\/tr\/wp-json\/wp\/v2\/product\/1512","targetHints":{"allow":["GET"]}}],"collection":[{"href":"https:\/\/aolait.com\/tr\/wp-json\/wp\/v2\/product"}],"about":[{"href":"https:\/\/aolait.com\/tr\/wp-json\/wp\/v2\/types\/product"}],"replies":[{"embeddable":true,"href":"https:\/\/aolait.com\/tr\/wp-json\/wp\/v2\/comments?post=1512"}],"wp:featuredmedia":[{"embeddable":true,"href":"https:\/\/aolait.com\/tr\/wp-json\/wp\/v2\/media\/11982"}],"wp:attachment":[{"href":"https:\/\/aolait.com\/tr\/wp-json\/wp\/v2\/media?parent=1512"}],"wp:term":[{"taxonomy":"product_brand","embeddable":true,"href":"https:\/\/aolait.com\/tr\/wp-json\/wp\/v2\/product_brand?post=1512"},{"taxonomy":"product_cat","embeddable":true,"href":"https:\/\/aolait.com\/tr\/wp-json\/wp\/v2\/product_cat?post=1512"},{"taxonomy":"product_tag","embeddable":true,"href":"https:\/\/aolait.com\/tr\/wp-json\/wp\/v2\/product_tag?post=1512"}],"curies":[{"name":"wp","href":"https:\/\/api.w.org\/{rel}","templated":true}]}}