{"id":1517,"date":"2020-11-06T15:03:19","date_gmt":"2020-11-06T07:03:19","guid":{"rendered":"https:\/\/aolait.com\/?post_type=product&#038;p=1517"},"modified":"2025-10-21T19:03:59","modified_gmt":"2025-10-21T11:03:59","slug":"6-head-laser-moving-head-bar","status":"publish","type":"product","link":"https:\/\/aolait.com\/tr\/urun\/6-kafali-lazer-hareketli-kafa-cubugu\/","title":{"rendered":"6 Ba\u015fl\u0131kl\u0131 Lazer Hareketli Ba\u015fl\u0131k \u00c7ubu\u011fu"},"content":{"rendered":"<p>Gerilim AC100-240V 50\/60HZ<\/p>\n<p>G\u00fc\u00e7: 180W<\/p>\n<p>I\u015f\u0131k Kayna\u011f\u0131: K\u0131rm\u0131z\u0131-500mW*2+ Ye\u015fil-100mW*2+ Mavi-500mW*2<\/p>\n<p>Green-100mW* \/Red-500mW*6\/Blue-500mW*6<\/p>\n<p>Taray\u0131c\u0131 sistemi: Step motor<\/p>\n<p>Hareket: Y ekseni d\u00f6n\u00fc\u015f a\u00e7\u0131s\u0131: 0-240\u00b0, Z ekseni d\u00f6n\u00fc\u015f a\u00e7\u0131s\u0131: 0-140\u00b0<\/p>\n<p>Kontrol modu: Standart DMX 512\/master-salve\/sound\/auto<\/p>\n<p>DMX Kanallar\u0131: 11\/23\/30 Kanallar<\/p>\n<p>So\u011futma sistemi: Cebri hava so\u011futma sistemi<\/p>\n<p>\u00c7al\u0131\u015fma s\u0131cakl\u0131\u011f\u0131: 0\u2103-35\u2103<\/p>\n<p>IP S\u0131n\u0131f\u0131: IP20<\/p>\n<p>Boyut: 1005*465*325 mm<\/p>\n<p>Net a\u011f\u0131rl\u0131k: 9,5 KG<\/p>\n<p><iframe src=\"https:\/\/www.youtube.com\/embed\/0NoVgREvc0A\" width=\"560\" height=\"315\" frameborder=\"0\" allowfullscreen=\"allowfullscreen\"><\/iframe><\/p>","protected":false},"excerpt":{"rendered":"<p>AL0006L lazer hareketli kafa \u00e7ubu\u011fu. Y ekseni d\u00f6n\u00fc\u015f a\u00e7\u0131s\u0131: 0-240\u00b0 Z ekseni d\u00f6n\u00fc\u015f a\u00e7\u0131s\u0131: 0-140\u00b0<\/p>\n<p>Benzersiz efekt, etkinlikler i\u00e7in g\u00f6rsel etki, her t\u00fcrl\u00fc i\u00e7 ve d\u0131\u015f mekan g\u00f6sterileri i\u00e7in uygundur,<\/p>","protected":false},"featured_media":11886,"comment_status":"open","ping_status":"closed","template":"","meta":{"_acf_changed":false,"_seopress_robots_primary_cat":"none","_seopress_titles_title":"","_seopress_titles_desc":"","_seopress_robots_index":""},"product_brand":[],"product_cat":[28,403],"product_tag":[148,146,147,145],"class_list":{"0":"post-1517","1":"product","2":"type-product","3":"status-publish","4":"has-post-thumbnail","6":"product_cat-led-wash-moving-head","7":"product_cat-product","8":"product_tag-laser-disco-lights","9":"product_tag-laser-moving-head","10":"product_tag-rgb-laser-moving-head","11":"product_tag-stage-lighting-laser","13":"first","14":"instock","15":"shipping-taxable","16":"product-type-simple"},"acf":[],"_links":{"self":[{"href":"https:\/\/aolait.com\/tr\/wp-json\/wp\/v2\/product\/1517","targetHints":{"allow":["GET"]}}],"collection":[{"href":"https:\/\/aolait.com\/tr\/wp-json\/wp\/v2\/product"}],"about":[{"href":"https:\/\/aolait.com\/tr\/wp-json\/wp\/v2\/types\/product"}],"replies":[{"embeddable":true,"href":"https:\/\/aolait.com\/tr\/wp-json\/wp\/v2\/comments?post=1517"}],"wp:featuredmedia":[{"embeddable":true,"href":"https:\/\/aolait.com\/tr\/wp-json\/wp\/v2\/media\/11886"}],"wp:attachment":[{"href":"https:\/\/aolait.com\/tr\/wp-json\/wp\/v2\/media?parent=1517"}],"wp:term":[{"taxonomy":"product_brand","embeddable":true,"href":"https:\/\/aolait.com\/tr\/wp-json\/wp\/v2\/product_brand?post=1517"},{"taxonomy":"product_cat","embeddable":true,"href":"https:\/\/aolait.com\/tr\/wp-json\/wp\/v2\/product_cat?post=1517"},{"taxonomy":"product_tag","embeddable":true,"href":"https:\/\/aolait.com\/tr\/wp-json\/wp\/v2\/product_tag?post=1517"}],"curies":[{"name":"wp","href":"https:\/\/api.w.org\/{rel}","templated":true}]}}