{"id":1522,"date":"2020-11-06T15:20:36","date_gmt":"2020-11-06T07:20:36","guid":{"rendered":"https:\/\/aolait.com\/?post_type=product&#038;p=1522"},"modified":"2025-10-21T19:03:59","modified_gmt":"2025-10-21T11:03:59","slug":"300w-led-follow-spot","status":"publish","type":"product","link":"https:\/\/aolait.com\/tr\/urun\/300w-led-takip-spotu\/","title":{"rendered":"300W Led Takip Spotu"},"content":{"rendered":"<p>Gerilim AC100-240V 50\/60Hz<\/p>\n<p>G\u00fc\u00e7: 550W<\/p>\n<p>I\u015f\u0131k Kayna\u011f\u0131: 300W Beyaz lamba LED<\/p>\n<p>Renk S\u0131cakl\u0131\u011f\u0131: 7500K<\/p>\n<p>Renk plakas\u0131: 1 Renk tekerle\u011fi, 5 renk + a\u00e7\u0131k<\/p>\n<p>S\u0131cakl\u0131k ayarlanabilir: 5800K\/4600K\/3200K<\/p>\n<p>\u0130ris: 5-100% do\u011frusal \u0130ris<\/p>\n<p>Odaklama: manuel odaklama<\/p>\n<p>Etkili projeksiyon mesafesi: 300 metre<\/p>\n<p>Dimmer: 0-100% do\u011frusal karartma<\/p>\n<p>Kontrol modelleri: Standart DMX512\/kontrol paneli\/alt kontrol fader<\/p>\n<p>\u00c7al\u0131\u015fma s\u0131cakl\u0131\u011f\u0131: -20 \u2103 -40 \u2103<\/p>\n<p>IP S\u0131n\u0131f\u0131: IP20<\/p>\n<p>Boyut: 560*280*220 mm<\/p>\n<p>Net a\u011f\u0131rl\u0131k: 14 KG (braketsiz)<\/p>\n<p><iframe src=\"https:\/\/www.youtube.com\/embed\/LO6HP4sqevY\" width=\"560\" height=\"315\" frameborder=\"0\" allowfullscreen=\"allowfullscreen\"><\/iframe><\/p>","protected":false},"excerpt":{"rendered":"<p>AL300FS. Bu yeni bir takip spot \u0131\u015f\u0131\u011f\u0131 teknolojisidir. 300W y\u00fcksek g\u00fc\u00e7l\u00fc Led beyaz lamba kayna\u011f\u0131 ile donat\u0131lm\u0131\u015f olup, sahnede s\u00fcper etki yarat\u0131r.<\/p>\n<p>Boyut olarak daha kompakt ve daha hafiftir ve sahneye \u00e7ok fazla parlakl\u0131k verir, b\u00f6ylece geleneksel 2500W dis-charge lamba takip noktas\u0131 i\u00e7in m\u00fckemmel bir alternatiftir.<\/p>","protected":false},"featured_media":11894,"comment_status":"open","ping_status":"closed","template":"","meta":{"_acf_changed":false,"_seopress_robots_primary_cat":"none","_seopress_titles_title":"","_seopress_titles_desc":"","_seopress_robots_index":""},"product_brand":[],"product_cat":[41,403],"product_tag":[150,149],"class_list":{"0":"post-1522","1":"product","2":"type-product","3":"status-publish","4":"has-post-thumbnail","6":"product_cat-led-studio-light","7":"product_cat-product","8":"product_tag-300w-led-follow-spot","9":"product_tag-led-follow-spot","11":"first","12":"instock","13":"shipping-taxable","14":"product-type-simple"},"acf":[],"_links":{"self":[{"href":"https:\/\/aolait.com\/tr\/wp-json\/wp\/v2\/product\/1522","targetHints":{"allow":["GET"]}}],"collection":[{"href":"https:\/\/aolait.com\/tr\/wp-json\/wp\/v2\/product"}],"about":[{"href":"https:\/\/aolait.com\/tr\/wp-json\/wp\/v2\/types\/product"}],"replies":[{"embeddable":true,"href":"https:\/\/aolait.com\/tr\/wp-json\/wp\/v2\/comments?post=1522"}],"wp:featuredmedia":[{"embeddable":true,"href":"https:\/\/aolait.com\/tr\/wp-json\/wp\/v2\/media\/11894"}],"wp:attachment":[{"href":"https:\/\/aolait.com\/tr\/wp-json\/wp\/v2\/media?parent=1522"}],"wp:term":[{"taxonomy":"product_brand","embeddable":true,"href":"https:\/\/aolait.com\/tr\/wp-json\/wp\/v2\/product_brand?post=1522"},{"taxonomy":"product_cat","embeddable":true,"href":"https:\/\/aolait.com\/tr\/wp-json\/wp\/v2\/product_cat?post=1522"},{"taxonomy":"product_tag","embeddable":true,"href":"https:\/\/aolait.com\/tr\/wp-json\/wp\/v2\/product_tag?post=1522"}],"curies":[{"name":"wp","href":"https:\/\/api.w.org\/{rel}","templated":true}]}}