{"id":1525,"date":"2020-11-06T15:44:59","date_gmt":"2020-11-06T07:44:59","guid":{"rendered":"https:\/\/aolait.com\/?post_type=product&#038;p=1525"},"modified":"2025-10-21T19:03:59","modified_gmt":"2025-10-21T11:03:59","slug":"400w-led-follow-spot","status":"publish","type":"product","link":"https:\/\/aolait.com\/tr\/urun\/400w-led-takip-spotu\/","title":{"rendered":"400W Led Takip Spotu"},"content":{"rendered":"<p>AC100-240V\uff0c50\/60Hz<\/p>\n<p>G\u00fc\u00e7 \uff1a 500W<\/p>\n<p>Led Kayna\u011f\u0131\uff1a400W y\u00fcksek parlakl\u0131kta beyaz LED<\/p>\n<p>Yak\u0131nla\u015ft\u0131rma\uff1aManuel yak\u0131nla\u015ft\u0131rma, a\u00e7\u0131 3-8,5\u00b0<\/p>\n<p>Dimmer\uff1a0-100% do\u011frusal dimmer ayar\u0131.<\/p>\n<p>\u0130ris\uff1aElektrikli \u0130ris, 5%-100% \u0130ris ayar\u0131<\/p>\n<p>Renk S\u0131cakl\u0131\u011f\u0131 \uff1a 3200K, 4300K, 5000K, 5600K, 6500K (iste\u011fe ba\u011fl\u0131)<\/p>\n<p>Boyut: 890*313*230mm<\/p>\n<p>N.W: 23kgs<\/p>\n<p><iframe src=\"https:\/\/www.youtube.com\/embed\/GGUDDqjfrDo\" width=\"560\" height=\"315\" frameborder=\"0\" allowfullscreen=\"allowfullscreen\"><\/iframe><\/p>","protected":false},"excerpt":{"rendered":"<p>AL400FS, yeni takip spotu \u0131\u015f\u0131\u011f\u0131 teknolojisi. manuel yak\u0131nla\u015ft\u0131rma, a\u00e7\u0131 3-8,5\u00b0<\/p>\n<p>Renk s\u0131cakl\u0131\u011f\u0131 3200K, 4300K, 5000K, 5600K, 6500K (iste\u011fe ba\u011fl\u0131)<\/p>","protected":false},"featured_media":11893,"comment_status":"open","ping_status":"closed","template":"","meta":{"_acf_changed":false,"_seopress_robots_primary_cat":"none","_seopress_titles_title":"","_seopress_titles_desc":"","_seopress_robots_index":""},"product_brand":[],"product_cat":[41,403],"product_tag":[202,149,151],"class_list":{"0":"post-1525","1":"product","2":"type-product","3":"status-publish","4":"has-post-thumbnail","6":"product_cat-led-studio-light","7":"product_cat-product","8":"product_tag-400w-led-follow-spot","9":"product_tag-led-follow-spot","10":"product_tag-super-brightness-led-400w","12":"first","13":"instock","14":"shipping-taxable","15":"product-type-simple"},"acf":[],"_links":{"self":[{"href":"https:\/\/aolait.com\/tr\/wp-json\/wp\/v2\/product\/1525","targetHints":{"allow":["GET"]}}],"collection":[{"href":"https:\/\/aolait.com\/tr\/wp-json\/wp\/v2\/product"}],"about":[{"href":"https:\/\/aolait.com\/tr\/wp-json\/wp\/v2\/types\/product"}],"replies":[{"embeddable":true,"href":"https:\/\/aolait.com\/tr\/wp-json\/wp\/v2\/comments?post=1525"}],"wp:featuredmedia":[{"embeddable":true,"href":"https:\/\/aolait.com\/tr\/wp-json\/wp\/v2\/media\/11893"}],"wp:attachment":[{"href":"https:\/\/aolait.com\/tr\/wp-json\/wp\/v2\/media?parent=1525"}],"wp:term":[{"taxonomy":"product_brand","embeddable":true,"href":"https:\/\/aolait.com\/tr\/wp-json\/wp\/v2\/product_brand?post=1525"},{"taxonomy":"product_cat","embeddable":true,"href":"https:\/\/aolait.com\/tr\/wp-json\/wp\/v2\/product_cat?post=1525"},{"taxonomy":"product_tag","embeddable":true,"href":"https:\/\/aolait.com\/tr\/wp-json\/wp\/v2\/product_tag?post=1525"}],"curies":[{"name":"wp","href":"https:\/\/api.w.org\/{rel}","templated":true}]}}