{"id":1557,"date":"2020-11-06T17:39:22","date_gmt":"2020-11-06T09:39:22","guid":{"rendered":"https:\/\/aolait.com\/?post_type=product&#038;p=1557"},"modified":"2025-12-04T15:11:53","modified_gmt":"2025-12-04T07:11:53","slug":"44x12w-rgbw-4in1-led-wash-waterproof-light","status":"publish","type":"product","link":"https:\/\/aolait.com\/tr\/urun\/44x12w-rgbw-4in1-led-yikama-su-gecirmez-isik\/","title":{"rendered":"44x12W RGBW 4IN1 LED Y\u0131kama Su Ge\u00e7irmez I\u015f\u0131k"},"content":{"rendered":"<p>Gerilim: AC90-240V, 50\/60HZ<\/p>\n<p>G\u00fc\u00e7 T\u00fcketimi: 600W<\/p>\n<p>I\u015f\u0131k Kayna\u011f\u0131: 44 adet y\u00fcksek g\u00fc\u00e7l\u00fc 10W RGBW 4IN1 LED<\/p>\n<p>\u00d6m\u00fcr: yakla\u015f\u0131k 100.000 saat<\/p>\n<p>Renk: RGBW<\/p>\n<p>Strobe: 1-20 kez\/saniye<\/p>\n<p>I\u015f\u0131n A\u00e7\u0131s\u0131: 45\u00b0, (25\u00b0 opsiyonel)<\/p>\n<p>Dimmer: 0-100% do\u011frusal karartma<\/p>\n<p>Kontrol Modu: DMX512, Master-Slave, Otomatik<\/p>\n<p>Dmx Kanal\u0131: 4\/6\/9 DMX kanallar\u0131<\/p>\n<p>G\u00f6vde: D\u00f6k\u00fcm al\u00fcminyum, toz boyal\u0131 kaplama<\/p>\n<p>IP S\u0131n\u0131f\u0131: IP65<\/p>\n<p>Boyut: 490*250*270mm<\/p>\n<p>N.W: 10kgs<\/p>\n<p><iframe src=\"https:\/\/www.youtube.com\/embed\/bY363BMFCZI\" width=\"560\" height=\"315\" frameborder=\"0\" allowfullscreen=\"allowfullscreen\"><\/iframe><\/p>","protected":false},"excerpt":{"rendered":"<p>AL4410PW, IP s\u0131n\u0131f\u0131 65 olan y\u00fcksek yo\u011funluklu bir g\u00f6vdeye sahiptir.<\/p>\n<p>44 ADET 4'\u00fc 1 arada LED, Sonsuz RGBW renk kar\u0131\u015f\u0131m\u0131, dahili makro efekti.<\/p>\n<p>I\u015f\u0131n a\u00e7\u0131s\u0131 45\u00b0, opsiyonel 25\u00b0, d\u0131\u015f mimari ayd\u0131nlatma i\u00e7in profesyonel olarak do\u011fmu\u015f bir \u00fcr\u00fcnd\u00fcr.<\/p>","protected":false},"featured_media":13966,"comment_status":"open","ping_status":"closed","template":"","meta":{"_acf_changed":true,"_seopress_robots_primary_cat":"none","_seopress_titles_title":"","_seopress_titles_desc":"","_seopress_robots_index":""},"product_brand":[],"product_cat":[35,403],"product_tag":[164,165,167,166],"class_list":{"0":"post-1557","1":"product","2":"type-product","3":"status-publish","4":"has-post-thumbnail","6":"product_cat-led-par-light","7":"product_cat-product","8":"product_tag-44x12w-rgbw-led-wash","9":"product_tag-architectural-lighting","10":"product_tag-rgbw-led-wash-stage-light","11":"product_tag-super-brightness-led-washer","13":"first","14":"instock","15":"shipping-taxable","16":"product-type-simple"},"acf":[],"_links":{"self":[{"href":"https:\/\/aolait.com\/tr\/wp-json\/wp\/v2\/product\/1557","targetHints":{"allow":["GET"]}}],"collection":[{"href":"https:\/\/aolait.com\/tr\/wp-json\/wp\/v2\/product"}],"about":[{"href":"https:\/\/aolait.com\/tr\/wp-json\/wp\/v2\/types\/product"}],"replies":[{"embeddable":true,"href":"https:\/\/aolait.com\/tr\/wp-json\/wp\/v2\/comments?post=1557"}],"wp:featuredmedia":[{"embeddable":true,"href":"https:\/\/aolait.com\/tr\/wp-json\/wp\/v2\/media\/13966"}],"wp:attachment":[{"href":"https:\/\/aolait.com\/tr\/wp-json\/wp\/v2\/media?parent=1557"}],"wp:term":[{"taxonomy":"product_brand","embeddable":true,"href":"https:\/\/aolait.com\/tr\/wp-json\/wp\/v2\/product_brand?post=1557"},{"taxonomy":"product_cat","embeddable":true,"href":"https:\/\/aolait.com\/tr\/wp-json\/wp\/v2\/product_cat?post=1557"},{"taxonomy":"product_tag","embeddable":true,"href":"https:\/\/aolait.com\/tr\/wp-json\/wp\/v2\/product_tag?post=1557"}],"curies":[{"name":"wp","href":"https:\/\/api.w.org\/{rel}","templated":true}]}}