{"id":1580,"date":"2020-11-09T10:12:16","date_gmt":"2020-11-09T02:12:16","guid":{"rendered":"https:\/\/aolait.com\/?post_type=product&#038;p=1580"},"modified":"2025-10-23T17:56:08","modified_gmt":"2025-10-23T09:56:08","slug":"60x10w-rgbw-4in1-led-wash-waterproof-light","status":"publish","type":"product","link":"https:\/\/aolait.com\/tr\/urun\/60x10w-rgbw-4in1-led-yikama-su-gecirmez-isik\/","title":{"rendered":"60x10W RGBW 4IN1 LED Y\u0131kama Su Ge\u00e7irmez I\u015f\u0131k"},"content":{"rendered":"<p>Gerilim AC100-240V 50\/60Hz<\/p>\n<p>G\u00fc\u00e7: 600W<\/p>\n<p>I\u015f\u0131k Kayna\u011f\u0131: 60PCS 10W RGBW 4'\u00fc 1 arada LED<\/p>\n<p>Kullan\u0131m \u00d6mr\u00fc: 50000H<\/p>\n<p>81500 LUX @ 1M, 12400 LUX @ 3M, 5020 LUX @ 5M<\/p>\n<p>I\u015f\u0131n a\u00e7\u0131s\u0131: 35\u00b0<\/p>\n<p>Strobe: 1-20 kez\/saniye<\/p>\n<p>Kontrol modu: Standart DMX 512\/master-salve\/auto<\/p>\n<p>DMX Kanal\u0131: 6\/8\/10 Kanallar<\/p>\n<p>Cebri hava so\u011futma sistemi<\/p>\n<p>Al\u00fcminyum d\u00f6k\u00fcm g\u00f6vde<\/p>\n<p>Su ge\u00e7irmez XLR 3PIN Konnekt\u00f6r giri\u015f\/\u00e7\u0131k\u0131\u015f\u0131<\/p>\n<p>IP S\u0131n\u0131f\u0131: IP65<\/p>\n<p>Boyut: 560*130*330 mm<\/p>\n<p>Net a\u011f\u0131rl\u0131k: 15,5 KG<\/p>\n<p><iframe src=\"https:\/\/www.youtube.com\/embed\/wYwpqHHKS8U\" width=\"560\" height=\"315\" frameborder=\"0\" allowfullscreen=\"allowfullscreen\"><\/iframe><\/p>","protected":false},"excerpt":{"rendered":"<p>AL6610PW Led y\u0131kama lambas\u0131, 60*10W adet LED ile.<\/p>\n<p>RGBW renk kar\u0131\u015ft\u0131rma.<\/p>\n<p>IP65 su ge\u00e7irmez, i\u00e7 veya d\u0131\u015f mekan g\u00f6sterileri ve mimari ayd\u0131nlatma i\u00e7in m\u00fckemmeldir.<\/p>","protected":false},"featured_media":13445,"comment_status":"open","ping_status":"closed","template":"","meta":{"_acf_changed":false,"_seopress_robots_primary_cat":"none","_seopress_titles_title":"","_seopress_titles_desc":"","_seopress_robots_index":""},"product_brand":[],"product_cat":[35,403],"product_tag":[168,165,167,166],"class_list":{"0":"post-1580","1":"product","2":"type-product","3":"status-publish","4":"has-post-thumbnail","6":"product_cat-led-par-light","7":"product_cat-product","8":"product_tag-60x12w-rgbw-led-wash","9":"product_tag-architectural-lighting","10":"product_tag-rgbw-led-wash-stage-light","11":"product_tag-super-brightness-led-washer","13":"first","14":"instock","15":"shipping-taxable","16":"product-type-simple"},"acf":[],"_links":{"self":[{"href":"https:\/\/aolait.com\/tr\/wp-json\/wp\/v2\/product\/1580","targetHints":{"allow":["GET"]}}],"collection":[{"href":"https:\/\/aolait.com\/tr\/wp-json\/wp\/v2\/product"}],"about":[{"href":"https:\/\/aolait.com\/tr\/wp-json\/wp\/v2\/types\/product"}],"replies":[{"embeddable":true,"href":"https:\/\/aolait.com\/tr\/wp-json\/wp\/v2\/comments?post=1580"}],"wp:featuredmedia":[{"embeddable":true,"href":"https:\/\/aolait.com\/tr\/wp-json\/wp\/v2\/media\/13445"}],"wp:attachment":[{"href":"https:\/\/aolait.com\/tr\/wp-json\/wp\/v2\/media?parent=1580"}],"wp:term":[{"taxonomy":"product_brand","embeddable":true,"href":"https:\/\/aolait.com\/tr\/wp-json\/wp\/v2\/product_brand?post=1580"},{"taxonomy":"product_cat","embeddable":true,"href":"https:\/\/aolait.com\/tr\/wp-json\/wp\/v2\/product_cat?post=1580"},{"taxonomy":"product_tag","embeddable":true,"href":"https:\/\/aolait.com\/tr\/wp-json\/wp\/v2\/product_tag?post=1580"}],"curies":[{"name":"wp","href":"https:\/\/api.w.org\/{rel}","templated":true}]}}