{"id":1587,"date":"2020-11-10T11:34:07","date_gmt":"2020-11-10T03:34:07","guid":{"rendered":"https:\/\/aolait.com\/?post_type=product&#038;p=1587"},"modified":"2025-10-21T19:03:58","modified_gmt":"2025-10-21T11:03:58","slug":"led-wall-washer-indoor","status":"publish","type":"product","link":"https:\/\/aolait.com\/tr\/urun\/led-duvar-yikayici-ic-mekan\/","title":{"rendered":"18x15W Led Duvar Y\u0131kay\u0131c\u0131 Piksel IP20 \u0130\u00e7 Mekan"},"content":{"rendered":"<h3 data-start=\"1208\" data-end=\"1237\">Sahne arka planlar\u0131, mimari ayd\u0131nlatma, etkinlik dekorasyonu ve piksel haritalama i\u00e7in m\u00fckemmeldir. Piksel kontrol\u00fc ve DMX hassasiyeti ile y\u00fcksek g\u00fc\u00e7l\u00fc i\u00e7 mekan LED duvar y\u0131kay\u0131c\u0131.<\/h3>\n<ul data-start=\"1239\" data-end=\"2137\">\n<li class=\"\" data-start=\"2034\" data-end=\"2137\">\n<h2 class=\"\" data-start=\"128\" data-end=\"159\">\ud83d\udee0\ufe0f Teknik \u00d6zellikler<\/h2>\n<div class=\"_tableContainer_16hzy_1\">\n<div class=\"_tableWrapper_16hzy_14 group flex w-fit flex-col-reverse\" tabindex=\"-1\">\n<table class=\"w-fit min-w-(--thread-content-width)\" data-start=\"161\" data-end=\"1500\">\n<thead data-start=\"161\" data-end=\"239\">\n<tr data-start=\"161\" data-end=\"239\">\n<th data-start=\"161\" data-end=\"186\" data-col-size=\"sm\"><strong data-start=\"163\" data-end=\"180\">\u015eartname<\/strong><\/th>\n<th data-start=\"186\" data-end=\"239\" data-col-size=\"sm\"><strong data-start=\"188\" data-end=\"197\">De\u011fer<\/strong><\/th>\n<\/tr>\n<\/thead>\n<tbody data-start=\"319\" data-end=\"1500\">\n<tr data-start=\"319\" data-end=\"397\">\n<td data-start=\"319\" data-end=\"344\" data-col-size=\"sm\"><strong data-start=\"321\" data-end=\"336\">Nominal G\u00fc\u00e7<\/strong><\/td>\n<td data-col-size=\"sm\" data-start=\"344\" data-end=\"397\">300W<\/td>\n<\/tr>\n<tr data-start=\"398\" data-end=\"476\">\n<td data-start=\"398\" data-end=\"423\" data-col-size=\"sm\"><strong data-start=\"400\" data-end=\"411\">Gerilim<\/strong><\/td>\n<td data-col-size=\"sm\" data-start=\"423\" data-end=\"476\">AC100-240V, 50\/60Hz<\/td>\n<\/tr>\n<tr data-start=\"477\" data-end=\"555\">\n<td data-start=\"477\" data-end=\"502\" data-col-size=\"sm\"><strong data-start=\"479\" data-end=\"491\">LED Tipi<\/strong><\/td>\n<td data-col-size=\"sm\" data-start=\"502\" data-end=\"555\">18x 15W 4'\u00fc 1 arada RGBW Y\u00fcksek Parlakl\u0131kta LED'ler<\/td>\n<\/tr>\n<tr data-start=\"556\" data-end=\"634\">\n<td data-start=\"556\" data-end=\"581\" data-col-size=\"sm\"><strong data-start=\"558\" data-end=\"572\">I\u015f\u0131n A\u00e7\u0131s\u0131<\/strong><\/td>\n<td data-col-size=\"sm\" data-start=\"581\" data-end=\"634\">Opsiyonel 25\u00b0 \/ 40\u00b0<\/td>\n<\/tr>\n<tr data-start=\"635\" data-end=\"712\">\n<td data-start=\"635\" data-end=\"660\" data-col-size=\"sm\"><strong data-start=\"637\" data-end=\"648\">Karartma<\/strong><\/td>\n<td data-col-size=\"sm\" data-start=\"660\" data-end=\"712\">0-100% D\u00fczg\u00fcn Karartma (1KHz'de PWM)<\/td>\n<\/tr>\n<tr data-start=\"713\" data-end=\"791\">\n<td data-start=\"713\" data-end=\"738\" data-col-size=\"sm\"><strong data-start=\"715\" data-end=\"736\">Kontrol Protokolleri<\/strong><\/td>\n<td data-col-size=\"sm\" data-start=\"738\" data-end=\"791\">DMX512 \/ Master-Slave<\/td>\n<\/tr>\n<tr data-start=\"792\" data-end=\"870\">\n<td data-start=\"792\" data-end=\"817\" data-col-size=\"sm\"><strong data-start=\"794\" data-end=\"811\">Kanal Modlar\u0131<\/strong><\/td>\n<td data-col-size=\"sm\" data-start=\"817\" data-end=\"870\">CH6, CH9, CH29, CH77<\/td>\n<\/tr>\n<tr data-start=\"871\" data-end=\"948\">\n<td data-start=\"871\" data-end=\"896\" data-col-size=\"sm\"><strong data-start=\"873\" data-end=\"890\">Piksel Kontrol\u00fc<\/strong><\/td>\n<td data-col-size=\"sm\" data-start=\"896\" data-end=\"948\">Tek Nokta, Tek LED Kontrol\u00fc<\/td>\n<\/tr>\n<tr data-start=\"949\" data-end=\"1027\">\n<td data-start=\"949\" data-end=\"974\" data-col-size=\"sm\"><strong data-start=\"951\" data-end=\"972\">Elektrik G\u00fcc\u00fc<\/strong><\/td>\n<td data-col-size=\"sm\" data-start=\"974\" data-end=\"1027\">1.5KV<\/td>\n<\/tr>\n<tr data-start=\"1028\" data-end=\"1106\">\n<td data-start=\"1028\" data-end=\"1053\" data-col-size=\"sm\"><strong data-start=\"1030\" data-end=\"1053\">\u00c7al\u0131\u015fma S\u0131cakl\u0131\u011f\u0131<\/strong><\/td>\n<td data-start=\"1053\" data-end=\"1106\" data-col-size=\"sm\">-20\u00b0C ila 40\u00b0C<\/td>\n<\/tr>\n<tr data-start=\"1107\" data-end=\"1185\">\n<td data-start=\"1107\" data-end=\"1132\" data-col-size=\"sm\"><strong data-start=\"1109\" data-end=\"1130\">Koruma Derecesi<\/strong><\/td>\n<td data-col-size=\"sm\" data-start=\"1132\" data-end=\"1185\">IP20 (Sadece \u0130\u00e7 Mekan Kullan\u0131m\u0131)<\/td>\n<\/tr>\n<tr data-start=\"1186\" data-end=\"1263\">\n<td data-start=\"1186\" data-end=\"1211\" data-col-size=\"sm\"><strong data-start=\"1188\" data-end=\"1208\">Muhafaza Malzemesi<\/strong><\/td>\n<td data-col-size=\"sm\" data-start=\"1211\" data-end=\"1263\">Siyah Toz Kaplamal\u0131 Al\u00fcminyum Ala\u015f\u0131m<\/td>\n<\/tr>\n<tr data-start=\"1264\" data-end=\"1342\">\n<td data-start=\"1264\" data-end=\"1289\" data-col-size=\"sm\"><strong data-start=\"1266\" data-end=\"1280\">Boyutlar<\/strong><\/td>\n<td data-col-size=\"sm\" data-start=\"1289\" data-end=\"1342\">1000 \u00d7 88 \u00d7 170 mm<\/td>\n<\/tr>\n<tr data-start=\"1343\" data-end=\"1421\">\n<td data-start=\"1343\" data-end=\"1368\" data-col-size=\"sm\"><strong data-start=\"1345\" data-end=\"1359\">Net A\u011f\u0131rl\u0131k<\/strong><\/td>\n<td data-col-size=\"sm\" data-start=\"1368\" data-end=\"1421\">5,5 kg<\/td>\n<\/tr>\n<tr data-start=\"1422\" data-end=\"1500\">\n<td data-start=\"1422\" data-end=\"1447\" data-col-size=\"sm\"><strong data-start=\"1424\" data-end=\"1447\">Karton Boyutu (4 adet)<\/strong><\/td>\n<td data-col-size=\"sm\" data-start=\"1447\" data-end=\"1500\">106 \u00d7 28 \u00d7 41 cm - G.W. 24kg<\/td>\n<\/tr>\n<\/tbody>\n<\/table>\n<\/div>\n<\/div>\n<\/li>\n<\/ul>\n<h2 class=\"\" data-start=\"1208\" data-end=\"1237\"><strong data-start=\"1214\" data-end=\"1237\">\ud83d\udca1\u00d6ne \u00c7\u0131kan \u0130\u015flevler<\/strong><\/h2>\n<ul data-start=\"1239\" data-end=\"2137\">\n<li class=\"\" data-start=\"1239\" data-end=\"1391\">\n<p class=\"\" data-start=\"1241\" data-end=\"1391\"><strong data-start=\"1241\" data-end=\"1274\">Y\u00fcksek Performansl\u0131 RGBW \u00c7\u0131k\u0131\u015f\u0131:<\/strong><br data-start=\"1274\" data-end=\"1277\" \/>\u0130le donat\u0131lm\u0131\u015ft\u0131r <strong data-start=\"1293\" data-end=\"1323\">18PCS 15W 4'\u00fc 1 arada RGBW LED'ler<\/strong>Bu armat\u00fcr \u00e7arp\u0131c\u0131 parlakl\u0131k ve p\u00fcr\u00fczs\u00fcz renk kar\u0131\u015f\u0131m\u0131 sunar.<\/p>\n<\/li>\n<li class=\"\" data-start=\"1393\" data-end=\"1540\">\n<p class=\"\" data-start=\"1395\" data-end=\"1540\"><strong data-start=\"1395\" data-end=\"1422\">Piksel Piksel Kontrol:<\/strong><br data-start=\"1422\" data-end=\"1425\" \/>Her bir LED <strong data-start=\"1439\" data-end=\"1468\">bireysel olarak kontrol edilebilir<\/strong>geli\u015fmi\u015f piksel e\u015fleme, dinamik takipler ve gradyan efektleri sa\u011flar.<\/p>\n<\/li>\n<li class=\"\" data-start=\"1542\" data-end=\"1639\">\n<p class=\"\" data-start=\"1544\" data-end=\"1639\"><strong data-start=\"1544\" data-end=\"1569\">\u00c7oklu I\u015f\u0131n A\u00e7\u0131lar\u0131:<\/strong><br data-start=\"1569\" data-end=\"1572\" \/>Opsiyonel <strong data-start=\"1583\" data-end=\"1609\">25\u00b0 veya 40\u00b0 \u0131\u015f\u0131n a\u00e7\u0131lar\u0131<\/strong> odaklanm\u0131\u015f veya geni\u015f kapsama alan\u0131 i\u00e7in.<\/p>\n<\/li>\n<li class=\"\" data-start=\"1641\" data-end=\"1787\">\n<p class=\"\" data-start=\"1643\" data-end=\"1787\"><strong data-start=\"1643\" data-end=\"1674\">Geli\u015fmi\u015f DMX Uyumlulu\u011fu:<\/strong><br data-start=\"1674\" data-end=\"1677\" \/>Aralar\u0131ndan se\u00e7im yap\u0131n <strong data-start=\"1691\" data-end=\"1717\">6\/9\/29\/77 DMX kanallar\u0131<\/strong>Standart DMX512 protokol\u00fc ve master-slave i\u015flemi ile uyumludur.<\/p>\n<\/li>\n<li class=\"\" data-start=\"1789\" data-end=\"1913\">\n<p class=\"\" data-start=\"1791\" data-end=\"1913\"><strong data-start=\"1791\" data-end=\"1816\">Profesyonel Karartma:<\/strong><br data-start=\"1816\" data-end=\"1819\" \/>P\u00fcr\u00fczs\u00fcz <strong data-start=\"1828\" data-end=\"1858\">1KHz PWM karartma frekans\u0131<\/strong>Kamera uygulamalar\u0131 ve sessiz \u00e7al\u0131\u015fma i\u00e7in m\u00fckemmeldir.<\/p>\n<\/li>\n<li class=\"\" data-start=\"1915\" data-end=\"2032\">\n<p class=\"\" data-start=\"1917\" data-end=\"2032\"><strong data-start=\"1917\" data-end=\"1940\">Sa\u011flam ve Kompakt:<\/strong><br data-start=\"1940\" data-end=\"1943\" \/>\u0130\u00e7 mekan s\u0131n\u0131f\u0131 <strong data-start=\"1958\" data-end=\"1980\">IP20 al\u00fcminyum g\u00f6vde<\/strong>kal\u0131c\u0131 kurulumlar veya mobil kurulumlar i\u00e7in optimize edilmi\u015ftir.<\/p>\n<\/li>\n<li class=\"\" data-start=\"2034\" data-end=\"2137\">\n<p class=\"\" data-start=\"2036\" data-end=\"2137\"><strong data-start=\"2036\" data-end=\"2062\">S\u0131cakl\u0131\u011fa Dayan\u0131kl\u0131:<\/strong><br data-start=\"2062\" data-end=\"2065\" \/>Her alanda g\u00fcvenilir performans <strong data-start=\"2095\" data-end=\"2110\">-20 \u2103 ila 40 \u2103<\/strong> ortam s\u0131cakl\u0131\u011f\u0131 aral\u0131\u011f\u0131.<\/p>\n<\/li>\n<\/ul>\n<h2 class=\"\" data-start=\"3542\" data-end=\"3573\">\ud83c\udfaf <strong data-start=\"3548\" data-end=\"3573\">Uygulama Senaryolar\u0131<\/strong><\/h2>\n<ul data-start=\"3575\" data-end=\"4059\">\n<li class=\"\" data-start=\"3575\" data-end=\"3667\">\n<p class=\"\" data-start=\"3577\" data-end=\"3667\"><strong data-start=\"3577\" data-end=\"3601\">Sahne Y\u0131kama Ayd\u0131nlatmas\u0131:<\/strong><br data-start=\"3601\" data-end=\"3604\" \/>Piksel odakl\u0131 efektlerle s\u00fcr\u00fckleyici sahne atmosferleri olu\u015fturun.<\/p>\n<\/li>\n<li class=\"\" data-start=\"3669\" data-end=\"3767\">\n<p class=\"\" data-start=\"3671\" data-end=\"3767\"><strong data-start=\"3671\" data-end=\"3702\">Tiyatro ve St\u00fcdyo Fonlar\u0131:<\/strong><br data-start=\"3702\" data-end=\"3705\" \/>Sahne duvarlar\u0131 ve perdeler i\u00e7in tutarl\u0131 ve yumu\u015fak renk y\u0131kama.<\/p>\n<\/li>\n<li class=\"\" data-start=\"3769\" data-end=\"3870\">\n<p class=\"\" data-start=\"3771\" data-end=\"3870\"><strong data-start=\"3771\" data-end=\"3797\">Etkinlik &amp; D\u00fc\u011f\u00fcn Dekoru:<\/strong><br data-start=\"3797\" data-end=\"3800\" \/>Ortam y\u0131kamas\u0131 veya ritim senkronize renk ak\u0131\u015f\u0131 i\u00e7in duvarlar\u0131 ve makaslar\u0131 hizalay\u0131n.<\/p>\n<\/li>\n<li class=\"\" data-start=\"3872\" data-end=\"3965\">\n<p class=\"\" data-start=\"3874\" data-end=\"3965\"><strong data-start=\"3874\" data-end=\"3896\">Gece Kul\u00fcpleri &amp; Barlar:<\/strong><br data-start=\"3896\" data-end=\"3899\" \/>Duvarlara, DJ kabinlerine veya dans pistlerine dinamik do\u011frusal efektler ekleyin.<\/p>\n<\/li>\n<li class=\"\" data-start=\"3967\" data-end=\"4059\">\n<p class=\"\" data-start=\"3969\" data-end=\"4059\"><strong data-start=\"3969\" data-end=\"3994\">Mimari Aksan:<\/strong><br data-start=\"3994\" data-end=\"3997\" \/>Dikey y\u00fczeyleri, koridorlar\u0131 veya i\u00e7 mekan yap\u0131lar\u0131n\u0131 vurgulay\u0131n.<\/p>\n<\/li>\n<\/ul>\n<h2 class=\"\" data-start=\"3290\" data-end=\"3317\">\ud83d\udce6 <strong data-start=\"3296\" data-end=\"3317\">Paketleme Se\u00e7enekleri<\/strong><\/h2>\n<ul data-start=\"3319\" data-end=\"3535\">\n<li class=\"\" data-start=\"3319\" data-end=\"3427\">\n<p class=\"\" data-start=\"3321\" data-end=\"3427\"><strong data-start=\"3321\" data-end=\"3342\">Standart Paket:<\/strong><br data-start=\"3342\" data-end=\"3345\" \/>Karton ba\u015f\u0131na 4 adet<br data-start=\"3365\" data-end=\"3368\" \/>Karton Boyutu: <strong data-start=\"3383\" data-end=\"3399\">106\u00d728\u00d741 cm<\/strong><br data-start=\"3399\" data-end=\"3402\" \/>Br\u00fct A\u011f\u0131rl\u0131k: <strong data-start=\"3418\" data-end=\"3427\">24 kg<\/strong><\/p>\n<\/li>\n<\/ul>\n<p><iframe src=\"https:\/\/www.youtube.com\/embed\/GBLlm7Np-Ng\" width=\"560\" height=\"315\" frameborder=\"0\" allowfullscreen=\"allowfullscreen\"><\/iframe><\/p>\n\n\n<p><\/p>","protected":false},"excerpt":{"rendered":"<p>18x15W 4'\u00fc 1 arada RGBW y\u00fcksek parlakl\u0131kta LED'lere, ayr\u0131 piksel kontrol\u00fcne ve iste\u011fe ba\u011fl\u0131 25\u00b0\/40\u00b0 \u0131\u015f\u0131n a\u00e7\u0131lar\u0131na sahip i\u00e7 mekan 1 metrelik LED duvar y\u0131kay\u0131c\u0131. DMX512 ve master-slave modunu destekler. Konserler, tiyatrolar ve kul\u00fcp kurulumlar\u0131 i\u00e7in idealdir.<\/p>","protected":false},"featured_media":13279,"comment_status":"open","ping_status":"closed","template":"","meta":{"_acf_changed":false,"_seopress_robots_primary_cat":"none","_seopress_titles_title":"18x15W LED Wall Washer Pixel \u2013 IP20 Indoor Linear Fixture","_seopress_titles_desc":"","_seopress_robots_index":""},"product_brand":[],"product_cat":[266,403],"product_tag":[171,173,172,166],"class_list":{"0":"post-1587","1":"product","2":"type-product","3":"status-publish","4":"has-post-thumbnail","6":"product_cat-led-bar-light","7":"product_cat-product","8":"product_tag-18x15w-rgbw-wall-washer","9":"product_tag-led-wall-beam-wash","10":"product_tag-led-wall-wash-bar-light","11":"product_tag-super-brightness-led-washer","13":"first","14":"instock","15":"shipping-taxable","16":"product-type-simple"},"acf":[],"_links":{"self":[{"href":"https:\/\/aolait.com\/tr\/wp-json\/wp\/v2\/product\/1587","targetHints":{"allow":["GET"]}}],"collection":[{"href":"https:\/\/aolait.com\/tr\/wp-json\/wp\/v2\/product"}],"about":[{"href":"https:\/\/aolait.com\/tr\/wp-json\/wp\/v2\/types\/product"}],"replies":[{"embeddable":true,"href":"https:\/\/aolait.com\/tr\/wp-json\/wp\/v2\/comments?post=1587"}],"wp:featuredmedia":[{"embeddable":true,"href":"https:\/\/aolait.com\/tr\/wp-json\/wp\/v2\/media\/13279"}],"wp:attachment":[{"href":"https:\/\/aolait.com\/tr\/wp-json\/wp\/v2\/media?parent=1587"}],"wp:term":[{"taxonomy":"product_brand","embeddable":true,"href":"https:\/\/aolait.com\/tr\/wp-json\/wp\/v2\/product_brand?post=1587"},{"taxonomy":"product_cat","embeddable":true,"href":"https:\/\/aolait.com\/tr\/wp-json\/wp\/v2\/product_cat?post=1587"},{"taxonomy":"product_tag","embeddable":true,"href":"https:\/\/aolait.com\/tr\/wp-json\/wp\/v2\/product_tag?post=1587"}],"curies":[{"name":"wp","href":"https:\/\/api.w.org\/{rel}","templated":true}]}}