{"id":1594,"date":"2020-11-09T11:22:42","date_gmt":"2020-11-09T03:22:42","guid":{"rendered":"https:\/\/aolait.com\/?post_type=product&#038;p=1594"},"modified":"2025-10-21T19:03:59","modified_gmt":"2025-10-21T11:03:59","slug":"led-stripe-bar-40","status":"publish","type":"product","link":"https:\/\/aolait.com\/tr\/urun\/led-serit-cubuk-40\/","title":{"rendered":"Led \u015eerit Bar 40"},"content":{"rendered":"<p>Gerilim: 24V DC<\/p>\n<p>G\u00fc\u00e7: 13w<\/p>\n<p>I\u015f\u0131k kayna\u011f\u0131: 40 adet ultra y\u00fcksek parlakl\u0131kta SMD5050 lamba boncu\u011fu<\/p>\n<p>G\u00f6r\u00fc\u015f a\u00e7\u0131s\u0131: 120\u00b0<\/p>\n<p>Parlakl\u0131k: bir metre 20LUX<\/p>\n<p>Renk: RGB<\/p>\n<p>Piksel matrisi: 40*1<\/p>\n<p>Kontrol program\u0131: DMX, Art-Net<\/p>\n<p>Art-Net kanal\u0131: 120<\/p>\n<p>Boyut: 1000*35*100mm<\/p>\n<p>N.W: 1.6kgs<\/p>\n<p><iframe src=\"https:\/\/www.youtube.com\/embed\/c5DWaJZo8bE\" width=\"560\" height=\"315\" frameborder=\"0\" allowfullscreen=\"allowfullscreen\"><\/iframe><\/p>","protected":false},"excerpt":{"rendered":"<p>AL4000LB, Aolait'in en yeni led bar \u0131\u015f\u0131klar\u0131ndan biridir.<\/p>\n<p>Uluslararas\u0131 standart DMX-Art-net \u00e7ift protokol\u00fc ile donat\u0131lm\u0131\u015ft\u0131r. Her kontrol kutusu 16 Led \u0131\u015f\u0131k \u00e7ubu\u011funu kontrol edebilir. 40\u00d71 matris kontrol\u00fc, piksel kontrol\u00fc.<\/p>\n<p>CAT-5 a\u011f ba\u011flant\u0131 noktas\u0131 \u00e7\u0131k\u0131\u015f\u0131\/giri\u015fi, ekleme tipi muhafaza.<\/p>","protected":false},"featured_media":12025,"comment_status":"open","ping_status":"closed","template":"","meta":{"_acf_changed":false,"_seopress_robots_primary_cat":"none","_seopress_titles_title":"","_seopress_titles_desc":"","_seopress_robots_index":""},"product_brand":[],"product_cat":[266,403],"product_tag":[178,174,177,79],"class_list":{"0":"post-1594","1":"product","2":"type-product","3":"status-publish","4":"has-post-thumbnail","6":"product_cat-led-bar-light","7":"product_cat-product","8":"product_tag-art-net-led-bar-light","9":"product_tag-led-bar-light","10":"product_tag-led-bar-light-pixel-controlled","11":"product_tag-stage-lighting","13":"first","14":"instock","15":"shipping-taxable","16":"product-type-simple"},"acf":[],"_links":{"self":[{"href":"https:\/\/aolait.com\/tr\/wp-json\/wp\/v2\/product\/1594","targetHints":{"allow":["GET"]}}],"collection":[{"href":"https:\/\/aolait.com\/tr\/wp-json\/wp\/v2\/product"}],"about":[{"href":"https:\/\/aolait.com\/tr\/wp-json\/wp\/v2\/types\/product"}],"replies":[{"embeddable":true,"href":"https:\/\/aolait.com\/tr\/wp-json\/wp\/v2\/comments?post=1594"}],"wp:featuredmedia":[{"embeddable":true,"href":"https:\/\/aolait.com\/tr\/wp-json\/wp\/v2\/media\/12025"}],"wp:attachment":[{"href":"https:\/\/aolait.com\/tr\/wp-json\/wp\/v2\/media?parent=1594"}],"wp:term":[{"taxonomy":"product_brand","embeddable":true,"href":"https:\/\/aolait.com\/tr\/wp-json\/wp\/v2\/product_brand?post=1594"},{"taxonomy":"product_cat","embeddable":true,"href":"https:\/\/aolait.com\/tr\/wp-json\/wp\/v2\/product_cat?post=1594"},{"taxonomy":"product_tag","embeddable":true,"href":"https:\/\/aolait.com\/tr\/wp-json\/wp\/v2\/product_tag?post=1594"}],"curies":[{"name":"wp","href":"https:\/\/api.w.org\/{rel}","templated":true}]}}