{"id":1638,"date":"2020-11-10T11:27:43","date_gmt":"2020-11-10T03:27:43","guid":{"rendered":"https:\/\/aolait.com\/?post_type=product&#038;p=1638"},"modified":"2025-10-21T19:03:58","modified_gmt":"2025-10-21T11:03:58","slug":"100w-led-fresnel","status":"publish","type":"product","link":"https:\/\/aolait.com\/tr\/urun\/100w-led-fresnel\/","title":{"rendered":"100W LED Fresnel"},"content":{"rendered":"<p>Gerilim AC100-240V 50\/60HZ<\/p>\n<p>G\u00fc\u00e7: 130W<\/p>\n<p>I\u015f\u0131k Kayna\u011f\u0131: Tek WW veya CW (100W), 100W (2in1, 4in1) iste\u011fe ba\u011fl\u0131<\/p>\n<p>Kullan\u0131m \u00d6mr\u00fc: 50000 Saat<\/p>\n<p>Renk \u0130\u015fleme Endeksi (CRI): Ra\u226590<\/p>\n<p>I\u015f\u0131n a\u00e7\u0131s\u0131: 15\u00b0-50\u00b0<\/p>\n<p>Dimmer: 0-100% do\u011frusal karartma<\/p>\n<p>Kontrol modu: Standart DMX 512\/master-slave\/sound\/auto<\/p>\n<p>DMX Kanal\u0131: 1\/2CH (Tek renk), 2\/5CH (2in1), 4\/8CH (4in1)<\/p>\n<p>I\u015f\u0131k bariyeri: D\u00f6rt yaprakl\u0131 (ihtiya\u00e7 i\u00e7in tedarik)<\/p>\n<p>\u00c7al\u0131\u015fma s\u0131cakl\u0131\u011f\u0131: -20 \u2103 ~ 40 \u2103<\/p>\n<p>IP S\u0131n\u0131f\u0131: IP20<\/p>\n<p>Boyut: 365*320*320 mm<\/p>\n<p>Net a\u011f\u0131rl\u0131k: 5,39 KG<\/p>","protected":false},"excerpt":{"rendered":"<p>AL100LF manuel zoomlu bir Led freseldir. A\u00e7\u0131: 15\u00b0-50\u00b0<\/p>\n<p>Led kayna\u011f\u0131 iste\u011fe ba\u011fl\u0131 tek s\u0131cak beyaz veya so\u011fuk beyaz veya 2in1 s\u0131cak ve so\u011fuk beyaz veya RGBW.<\/p>","protected":false},"featured_media":11888,"comment_status":"open","ping_status":"closed","template":"","meta":{"_acf_changed":false,"_seopress_robots_primary_cat":"none","_seopress_titles_title":"","_seopress_titles_desc":"","_seopress_robots_index":""},"product_brand":[],"product_cat":[41,403],"product_tag":[183,44,185,184],"class_list":{"0":"post-1638","1":"product","2":"type-product","3":"status-publish","4":"has-post-thumbnail","6":"product_cat-led-studio-light","7":"product_cat-product","8":"product_tag-2in1-led-fresnel","9":"product_tag-led-fresnel","10":"product_tag-led-fresnel-with-zoom","11":"product_tag-rgbw-led-fresnel","13":"first","14":"instock","15":"shipping-taxable","16":"product-type-simple"},"acf":[],"_links":{"self":[{"href":"https:\/\/aolait.com\/tr\/wp-json\/wp\/v2\/product\/1638","targetHints":{"allow":["GET"]}}],"collection":[{"href":"https:\/\/aolait.com\/tr\/wp-json\/wp\/v2\/product"}],"about":[{"href":"https:\/\/aolait.com\/tr\/wp-json\/wp\/v2\/types\/product"}],"replies":[{"embeddable":true,"href":"https:\/\/aolait.com\/tr\/wp-json\/wp\/v2\/comments?post=1638"}],"wp:featuredmedia":[{"embeddable":true,"href":"https:\/\/aolait.com\/tr\/wp-json\/wp\/v2\/media\/11888"}],"wp:attachment":[{"href":"https:\/\/aolait.com\/tr\/wp-json\/wp\/v2\/media?parent=1638"}],"wp:term":[{"taxonomy":"product_brand","embeddable":true,"href":"https:\/\/aolait.com\/tr\/wp-json\/wp\/v2\/product_brand?post=1638"},{"taxonomy":"product_cat","embeddable":true,"href":"https:\/\/aolait.com\/tr\/wp-json\/wp\/v2\/product_cat?post=1638"},{"taxonomy":"product_tag","embeddable":true,"href":"https:\/\/aolait.com\/tr\/wp-json\/wp\/v2\/product_tag?post=1638"}],"curies":[{"name":"wp","href":"https:\/\/api.w.org\/{rel}","templated":true}]}}