{"id":2216,"date":"2021-01-06T10:10:28","date_gmt":"2021-01-06T02:10:28","guid":{"rendered":"https:\/\/aolait.com\/?post_type=product&#038;p=2216"},"modified":"2025-12-08T09:32:43","modified_gmt":"2025-12-08T01:32:43","slug":"4x18w-led-battery-par","status":"publish","type":"product","link":"https:\/\/aolait.com\/tr\/urun\/4x18w-led-aku-par\/","title":{"rendered":"B4C 4x18W Led Ak\u00fc Par"},"content":{"rendered":"<p>Gerilim: AC100-240V, 50-60Hz<\/p>\n<p>G\u00fc\u00e7: 75W<\/p>\n<p>I\u015f\u0131k Kayna\u011f\u0131: 4 * 18W Y\u00fcksek Parlakl\u0131kta LED Boncuklar (6's\u0131 1 arada)<\/p>\n<p>Renk: 16,7 milyon renk de\u011fi\u015fimi<\/p>\n<p>Kullan\u0131m \u00d6mr\u00fc: 50000 Saat<\/p>\n<p>Kanal: 6\/10CH<\/p>\n<p>Kontrol: DMX512\/2.4G kablosuz DMX512\/WIFI Uygulama kontrol\u00fc\uff08IOS VE Andriod\uff09\/IR uzaktan kumanda\/masterslave\/auto\/sound<\/p>\n<p>Len a\u00e7\u0131s\u0131: 15\u00b0\/40\u00b0<\/p>\n<p>Dimmer: 0-100% 16Bit do\u011frusal karartma titre\u015fimsiz<\/p>\n<p>Kablosuz DMX &amp; IR uzaktan kumanda<\/p>\n<p>Pil: ithal 18650 lityum pil *12 3 telli 4 ve 4*2400=9600 kapasite<\/p>\n<p>\u015earj s\u00fcresi: 5 saatte tam \u015farj<\/p>\n<p>De\u015farj s\u00fcresi: RGBWAUV 4,5 saat boyunca tamamen parlak ve 20 saate kadar monokromatiktir. Kendinden tahrikli mod 9 saat<\/p>\n<p>Strobe: 0-20 kez\/saniye<\/p>\n<p>IP S\u0131n\u0131f\u0131: IP22<\/p>\n<p>Boyut: 19,5*19*25,5cm<\/p>\n<p>N.W: 2.4kgs<\/p>\n<p><iframe src=\"https:\/\/www.youtube.com\/embed\/07leEOpFm4I\" width=\"560\" height=\"315\" frameborder=\"0\" allowfullscreen=\"allowfullscreen\"><\/iframe><\/p>","protected":false},"excerpt":{"rendered":"<p>ALB4C sadece tek el boyutunda kablosuz led par, 4PCS 18W RGBWA + UV LED'leri donat\u0131r.<\/p>\n<p>Aolait \u00f6zel uygulama kapasiteli pil, tam renkli i\u015flevi yakla\u015f\u0131k 4,5 saat, otomatik \u00e7al\u0131\u015ft\u0131rmay\u0131 en az 9 saat tutabilir.<\/p>","protected":false},"featured_media":14082,"comment_status":"open","ping_status":"closed","template":"","meta":{"_acf_changed":false,"_seopress_robots_primary_cat":"none","_seopress_titles_title":"","_seopress_titles_desc":"","_seopress_robots_index":""},"product_brand":[],"product_cat":[220,403],"product_tag":[210,208,211,209],"class_list":{"0":"post-2216","1":"product","2":"type-product","3":"status-publish","4":"has-post-thumbnail","6":"product_cat-led-battery-uplight","7":"product_cat-product","8":"product_tag-4x18w-wireless-led-battery-par","9":"product_tag-led-battery-par","10":"product_tag-rgbwauv-led-wireless-par","11":"product_tag-wireless-led-par","13":"first","14":"instock","15":"shipping-taxable","16":"product-type-simple"},"acf":[],"_links":{"self":[{"href":"https:\/\/aolait.com\/tr\/wp-json\/wp\/v2\/product\/2216","targetHints":{"allow":["GET"]}}],"collection":[{"href":"https:\/\/aolait.com\/tr\/wp-json\/wp\/v2\/product"}],"about":[{"href":"https:\/\/aolait.com\/tr\/wp-json\/wp\/v2\/types\/product"}],"replies":[{"embeddable":true,"href":"https:\/\/aolait.com\/tr\/wp-json\/wp\/v2\/comments?post=2216"}],"wp:featuredmedia":[{"embeddable":true,"href":"https:\/\/aolait.com\/tr\/wp-json\/wp\/v2\/media\/14082"}],"wp:attachment":[{"href":"https:\/\/aolait.com\/tr\/wp-json\/wp\/v2\/media?parent=2216"}],"wp:term":[{"taxonomy":"product_brand","embeddable":true,"href":"https:\/\/aolait.com\/tr\/wp-json\/wp\/v2\/product_brand?post=2216"},{"taxonomy":"product_cat","embeddable":true,"href":"https:\/\/aolait.com\/tr\/wp-json\/wp\/v2\/product_cat?post=2216"},{"taxonomy":"product_tag","embeddable":true,"href":"https:\/\/aolait.com\/tr\/wp-json\/wp\/v2\/product_tag?post=2216"}],"curies":[{"name":"wp","href":"https:\/\/api.w.org\/{rel}","templated":true}]}}