{"id":2487,"date":"2021-04-13T15:44:59","date_gmt":"2021-04-13T07:44:59","guid":{"rendered":"https:\/\/aolait.com\/?post_type=product&#038;p=2487"},"modified":"2025-10-21T19:03:58","modified_gmt":"2025-10-21T11:03:58","slug":"4006b-moving-head-wash","status":"publish","type":"product","link":"https:\/\/aolait.com\/tr\/urun\/4006b-hareketli-kafa-yikama\/","title":{"rendered":"6X40W Led Blader Hareketli Kafa Y\u0131kama I\u015f\u0131\u011f\u0131"},"content":{"rendered":"<p>Parametre<\/p>\n<p>Giri\u015f voltaj\u0131: AC90-AC240 50-60HZ<br \/>\nLed Kayna\u011f\u0131: 6X40w y\u00fcksek parlakl\u0131kta RGBW 4'\u00fc 1 arada<br \/>\nHer led piksel kontroll\u00fc<br \/>\nYak\u0131nla\u015ft\u0131rma a\u00e7\u0131s\u0131: I\u015f\u0131n derecesi: 5\u00b0-35\u00b0<br \/>\nI\u015f\u0131k kayna\u011f\u0131 \u00f6mr\u00fc: 50.000 saat<br \/>\nKarartma: 0-100% do\u011frusal karartma<br \/>\nG\u00fc\u00e7 t\u00fcketimi: 260W<br \/>\nE\u011fme Hareketi: 220\u00b0+16 bit p\u00fcr\u00fczs\u00fcz, y\u00fcksek hassasiyetli d\u00f6n\u00fc\u015f<br \/>\nStrobe: 1-25 kez\/sn<br \/>\nKontrol sinyali: DMX512, master-slave, ses kontrol\u00fc veya kendinden tahrikli<br \/>\nprogram<br \/>\nKontrol kanal\u0131: 18\/32CH<br \/>\n\u00dcr\u00fcn boyutu: 51*10*30cm<br \/>\net A\u011f\u0131rl\u0131k 9,3 GS<\/p>","protected":false},"excerpt":{"rendered":"<p>Blader, onu yepyeni bir \u00e7ok \u0131\u015f\u0131nl\u0131 efekt \u0131\u015f\u0131\u011f\u0131na d\u00f6n\u00fc\u015ft\u00fcren \u00f6zelliklere sahip geli\u015fmi\u015f bir hareketli LED \u00e7ubuktur. 40W g\u00fc\u00e7 de\u011ferine sahip alt\u0131 adet yepyeni g\u00fc\u00e7l\u00fc OSRAM Ostar RGBW LED'e sahiptir.<br \/>\nSadece 5\u00b0'lik minimum \u0131\u015f\u0131n a\u00e7\u0131s\u0131na sahip motorlu bir optik zoom ile donat\u0131lm\u0131\u015ft\u0131r. Ola\u011fan\u00fcst\u00fc lensleri sayesinde Blader, havaya paralel \u0131\u015f\u0131k \u0131\u015f\u0131nlar\u0131 g\u00f6ndererek alt\u0131 adet \u00e7ok dar, yo\u011fun \u0131\u015f\u0131k huzmesi \u00fcretebilmektedir. Kar\u015f\u0131la\u015ft\u0131r\u0131labilir hi\u00e7bir LED bar benzer bir etki yaratamaz.<br \/>\nYak\u0131nla\u015ft\u0131rma a\u00e7\u0131s\u0131 5-35 derece aras\u0131ndad\u0131r, 7 kat yak\u0131nla\u015ft\u0131rma etkisi ile \u00e7ok iyi y\u0131kama i\u015flevi de \u00fcretir.<\/p>","protected":false},"featured_media":12161,"comment_status":"open","ping_status":"closed","template":"","meta":{"_acf_changed":false,"_seopress_robots_primary_cat":"none","_seopress_titles_title":"","_seopress_titles_desc":"","_seopress_robots_index":""},"product_brand":[],"product_cat":[28,403],"product_tag":[241,239,240,38],"class_list":{"0":"post-2487","1":"product","2":"type-product","3":"status-publish","4":"has-post-thumbnail","6":"product_cat-led-wash-moving-head","7":"product_cat-product","8":"product_tag-clay-paky-sharbar","9":"product_tag-led-bar-moving-head","10":"product_tag-led-blader","11":"product_tag-led-wash-moving-head","13":"first","14":"instock","15":"shipping-taxable","16":"product-type-simple"},"acf":[],"_links":{"self":[{"href":"https:\/\/aolait.com\/tr\/wp-json\/wp\/v2\/product\/2487","targetHints":{"allow":["GET"]}}],"collection":[{"href":"https:\/\/aolait.com\/tr\/wp-json\/wp\/v2\/product"}],"about":[{"href":"https:\/\/aolait.com\/tr\/wp-json\/wp\/v2\/types\/product"}],"replies":[{"embeddable":true,"href":"https:\/\/aolait.com\/tr\/wp-json\/wp\/v2\/comments?post=2487"}],"wp:featuredmedia":[{"embeddable":true,"href":"https:\/\/aolait.com\/tr\/wp-json\/wp\/v2\/media\/12161"}],"wp:attachment":[{"href":"https:\/\/aolait.com\/tr\/wp-json\/wp\/v2\/media?parent=2487"}],"wp:term":[{"taxonomy":"product_brand","embeddable":true,"href":"https:\/\/aolait.com\/tr\/wp-json\/wp\/v2\/product_brand?post=2487"},{"taxonomy":"product_cat","embeddable":true,"href":"https:\/\/aolait.com\/tr\/wp-json\/wp\/v2\/product_cat?post=2487"},{"taxonomy":"product_tag","embeddable":true,"href":"https:\/\/aolait.com\/tr\/wp-json\/wp\/v2\/product_tag?post=2487"}],"curies":[{"name":"wp","href":"https:\/\/api.w.org\/{rel}","templated":true}]}}