{"id":477,"date":"2020-10-28T15:53:50","date_gmt":"2020-10-28T07:53:50","guid":{"rendered":"https:\/\/aolait.com\/?post_type=product&#038;p=477"},"modified":"2025-10-21T19:04:00","modified_gmt":"2025-10-21T11:04:00","slug":"12x40w-led-moving-head-zoom","status":"publish","type":"product","link":"https:\/\/aolait.com\/tr\/urun\/12x40w-led-hareketli-kafa-zoom\/","title":{"rendered":"12X40W Led Hareketli Kafa Yak\u0131nla\u015ft\u0131rma"},"content":{"rendered":"<p>Gerilim: AC 100~240V, 50\/60Hz<\/p>\n<p>G\u00fc\u00e7 t\u00fcketimi: 550W<\/p>\n<p>Led Kayna\u011f\u0131: 12x40W Osram RGBW LED RGBW 4'\u00fc 1 arada<\/p>\n<p>L\u00fcks: 84700lm<\/p>\n<p>Yak\u0131nla\u015ft\u0131rma: Do\u011frusal yak\u0131nla\u015ft\u0131rma 8\u00b0~60\u00b0<\/p>\n<p>Dimmer: 0~100% yumu\u015fak dimmer<\/p>\n<p>Kontroll\u00fc: DMX 512 kontroll\u00fc\/Master-slave<\/p>\n<p>DMX kanallar\u0131: 8\/17\/21\/55\/61CH<\/p>\n<p>Yaz\u0131l\u0131m y\u00fckseltme: DMX ba\u011flant\u0131s\u0131 \u00fczerinden<\/p>\n<p>Kayd\u0131rma 540\u00b0, 16 bit \u00e7\u00f6z\u00fcn\u00fcrl\u00fck, E\u011fme 270\u00b0, 16 bit \u00e7\u00f6z\u00fcn\u00fcrl\u00fck<\/p>\n<p>Otomatik d\u00fczeltme: Yanl\u0131\u015f yerle\u015ftirildi\u011finde Pan&amp;Tilt otomatik d\u00fczeltme<\/p>\n<p>Ekran: LCD ekran<\/p>\n<p>Powercon giri\u015f ve \u00e7\u0131k\u0131\u015f\u0131 3 pin ve 5 pin i\u00e7in sinyal giri\u015f ve \u00e7\u0131k\u0131\u015f\u0131<\/p>\n<p>Halka kontroll\u00fc, piksel kontroll\u00fc, dahili makro grafik efekti.<\/p>\n<p>Piksel kontroll\u00fc, serbest e\u015fleme deseni \u00e7e\u015fitli efektlerin olu\u015fturulmas\u0131na olanak tan\u0131r.<\/p>\n<p>IP s\u0131n\u0131f\u0131: IP20<\/p>\n<p><iframe src=\"https:\/\/www.youtube.com\/embed\/cAIggB2k48E\" width=\"560\" height=\"315\" frameborder=\"0\" allowfullscreen=\"allowfullscreen\"><\/iframe><\/p>","protected":false},"excerpt":{"rendered":"<p>12x40w S\u00fcper parlak led y\u0131kama hareketli kafa<\/p>\n<p>12PCS 40W RGBW LED, Lux: 84700lm Sonsuz renk kar\u0131\u015f\u0131m\u0131<\/p>\n<p>Piksel ve Yerle\u015fik makro grafik efekti<\/p>\n<p>\u015eok edici etki, g\u00fc\u00e7l\u00fc \u00e7al\u0131\u015fma fonksiyonu, her \u015feyin basit olmas\u0131na izin verin<\/p>","protected":false},"featured_media":13357,"comment_status":"open","ping_status":"closed","template":"","meta":{"_acf_changed":true,"_seopress_robots_primary_cat":"none","_seopress_titles_title":"","_seopress_titles_desc":"","_seopress_robots_index":""},"product_brand":[],"product_cat":[28,403],"product_tag":[32,33,23,34],"class_list":{"0":"post-477","1":"product","2":"type-product","3":"status-publish","4":"has-post-thumbnail","6":"product_cat-led-wash-moving-head","7":"product_cat-product","8":"product_tag-12x40w-led-wash-moving-head-with-zoom","9":"product_tag-church-lighting","10":"product_tag-concert-lighting","11":"product_tag-super-wash-zoom","13":"first","14":"instock","15":"downloadable","16":"shipping-taxable","17":"product-type-simple"},"acf":[],"_links":{"self":[{"href":"https:\/\/aolait.com\/tr\/wp-json\/wp\/v2\/product\/477","targetHints":{"allow":["GET"]}}],"collection":[{"href":"https:\/\/aolait.com\/tr\/wp-json\/wp\/v2\/product"}],"about":[{"href":"https:\/\/aolait.com\/tr\/wp-json\/wp\/v2\/types\/product"}],"replies":[{"embeddable":true,"href":"https:\/\/aolait.com\/tr\/wp-json\/wp\/v2\/comments?post=477"}],"wp:featuredmedia":[{"embeddable":true,"href":"https:\/\/aolait.com\/tr\/wp-json\/wp\/v2\/media\/13357"}],"wp:attachment":[{"href":"https:\/\/aolait.com\/tr\/wp-json\/wp\/v2\/media?parent=477"}],"wp:term":[{"taxonomy":"product_brand","embeddable":true,"href":"https:\/\/aolait.com\/tr\/wp-json\/wp\/v2\/product_brand?post=477"},{"taxonomy":"product_cat","embeddable":true,"href":"https:\/\/aolait.com\/tr\/wp-json\/wp\/v2\/product_cat?post=477"},{"taxonomy":"product_tag","embeddable":true,"href":"https:\/\/aolait.com\/tr\/wp-json\/wp\/v2\/product_tag?post=477"}],"curies":[{"name":"wp","href":"https:\/\/api.w.org\/{rel}","templated":true}]}}