{"id":4833,"date":"2023-09-05T17:17:31","date_gmt":"2023-09-05T09:17:31","guid":{"rendered":"https:\/\/aolait.com\/?post_type=product&#038;p=4833"},"modified":"2025-10-21T19:03:58","modified_gmt":"2025-10-21T11:03:58","slug":"230w-beam-movig-head-light-7r-sharpy","status":"publish","type":"product","link":"https:\/\/aolait.com\/tr\/urun\/230w-isin-hareketli-kafa-lambasi-7r-sharpy\/","title":{"rendered":"230W Mini I\u015f\u0131n Hareketli Ba\u015fl\u0131k"},"content":{"rendered":"<p>Teknik Parametreler:<\/p>\n<p>Voltaj: 110-230V<\/p>\n<p>G\u00fc\u00e7: 300W<\/p>\n<p>Lamba \uff1a 230w ampul<\/p>\n<p>Balast: elektronik balast (380V giri\u015f)<\/p>\n<p>Renk \u00e7ark\u0131: 14 renk+a\u00e7\u0131k, g\u00f6kku\u015fa\u011f\u0131 efekti, do\u011frusal renk kar\u0131\u015ft\u0131rma<\/p>\n<p>Gobo \u00e7ark\u0131: 14 gobo + a\u00e7\u0131k, gobo ak\u0131\u015f efekti, gobo sallama efekti<\/p>\n<p>Prizmalar: 8+16+24 (iste\u011fe ba\u011fl\u0131 8+16) prizma etkisi, b\u00fcy\u00fctme etkisi<\/p>\n<p>Strobe: 1-10 kez\/saniye, dahili makro fonksiyonu<\/p>\n<p>Dimmer: 0-100 do\u011frusal dimmer<\/p>\n<p>Hareket: Kayd\u0131rma 540\u00b0. 270\u00b0 e\u011fme. 8\/16 bit \u00e7\u00f6z\u00fcm. Yanl\u0131\u015f yerle\u015ftirildi\u011finde otomatik hata d\u00fczeltme.<\/p>\n<p>Kontrol: DMX512 kontrol\u00fc, 16 Kanal\/Ses aktif<\/p>\n<p>\u00d6l\u00e7\u00fcmler: Boyut: 50*34*36 Net a\u011f\u0131rl\u0131k: 11kgs.<\/p>\n<p>&nbsp;<\/p>\n<p><iframe title=\"Aolait Mini Beam 230W Hareketli Ba\u015fl\u0131k\" width=\"800\" height=\"450\" src=\"https:\/\/www.youtube.com\/embed\/SlAl2lnvQZI?feature=oembed\" frameborder=\"0\" allow=\"accelerometer; autoplay; clipboard-write; encrypted-media; gyroscope; picture-in-picture; web-share\" referrerpolicy=\"strict-origin-when-cross-origin\" allowfullscreen><\/iframe><\/p>","protected":false},"excerpt":{"rendered":"<p>Mini Beam 230W Hareketli Ba\u015fl\u0131k \u0131\u015f\u0131\u011f\u0131, ultra s\u0131k\u0131\u015ft\u0131r\u0131lm\u0131\u015f boyutta ancak g\u00fc\u00e7l\u00fc \u00e7\u0131k\u0131\u015fta. Honeycombe prizmalar\u0131 ile sahnede harika bir etki yarat\u0131r.<\/p>","protected":false},"featured_media":13315,"comment_status":"open","ping_status":"closed","template":"","meta":{"_acf_changed":true,"_seopress_robots_primary_cat":"none","_seopress_titles_title":"","_seopress_titles_desc":"Mini Beam 230W Moving Head, with ultra compacted size but powerful in output. With honeycombe prisms, it created wonderful effect to the stage.","_seopress_robots_index":""},"product_brand":[],"product_cat":[26,403],"product_tag":[57,22],"class_list":{"0":"post-4833","1":"product","2":"type-product","3":"status-publish","4":"has-post-thumbnail","6":"product_cat-lamp-moving-head","7":"product_cat-product","8":"product_tag-beam-moving-head","9":"product_tag-lamp-moving-head","11":"first","12":"instock","13":"downloadable","14":"virtual","15":"product-type-simple"},"acf":[],"_links":{"self":[{"href":"https:\/\/aolait.com\/tr\/wp-json\/wp\/v2\/product\/4833","targetHints":{"allow":["GET"]}}],"collection":[{"href":"https:\/\/aolait.com\/tr\/wp-json\/wp\/v2\/product"}],"about":[{"href":"https:\/\/aolait.com\/tr\/wp-json\/wp\/v2\/types\/product"}],"replies":[{"embeddable":true,"href":"https:\/\/aolait.com\/tr\/wp-json\/wp\/v2\/comments?post=4833"}],"wp:featuredmedia":[{"embeddable":true,"href":"https:\/\/aolait.com\/tr\/wp-json\/wp\/v2\/media\/13315"}],"wp:attachment":[{"href":"https:\/\/aolait.com\/tr\/wp-json\/wp\/v2\/media?parent=4833"}],"wp:term":[{"taxonomy":"product_brand","embeddable":true,"href":"https:\/\/aolait.com\/tr\/wp-json\/wp\/v2\/product_brand?post=4833"},{"taxonomy":"product_cat","embeddable":true,"href":"https:\/\/aolait.com\/tr\/wp-json\/wp\/v2\/product_cat?post=4833"},{"taxonomy":"product_tag","embeddable":true,"href":"https:\/\/aolait.com\/tr\/wp-json\/wp\/v2\/product_tag?post=4833"}],"curies":[{"name":"wp","href":"https:\/\/api.w.org\/{rel}","templated":true}]}}