{"id":492,"date":"2020-10-28T17:16:21","date_gmt":"2020-10-28T09:16:21","guid":{"rendered":"https:\/\/aolait.com\/?post_type=product&#038;p=492"},"modified":"2025-10-21T19:04:00","modified_gmt":"2025-10-21T11:04:00","slug":"12x30w-led-moving-head-dot-bar","status":"publish","type":"product","link":"https:\/\/aolait.com\/tr\/urun\/12x30w-led-hareketli-kafa-nokta-cubugu\/","title":{"rendered":"12x30W Led Hareketli Kafa Nokta \u00c7ubu\u011fu"},"content":{"rendered":"<p><iframe src=\"https:\/\/www.youtube.com\/embed\/XjEUihD7SfA\" width=\"560\" height=\"315\" frameborder=\"0\" allowfullscreen=\"allowfullscreen\"><\/iframe><\/p>","protected":false},"excerpt":{"rendered":"<p>AL3012B, her biri Led piksel denetleyicisi olan 12 ADET y\u00fcksek parlakl\u0131kta 30W LED ile donat\u0131lm\u0131\u015ft\u0131r.<\/p>\n<p>12 ADET y\u00fcksek kaliteli 30W Led sayesinde uzun kullan\u0131m \u00f6mr\u00fc, olduk\u00e7a g\u00fc\u00e7l\u00fc bir \u0131\u015f\u0131n efekti ve RGBW sonsuz renk kar\u0131\u015f\u0131m\u0131.<\/p>\n<p>Ayr\u0131ca, en yeni tasar\u0131m \u0131\u015f\u0131k g\u00f6vdesi ile yerle\u015fik makro efekti, e\u011flence mekan\u0131n\u0131n sabit kurumu i\u00e7in iyi bir se\u00e7imdir.<\/p>","protected":false},"featured_media":11885,"comment_status":"open","ping_status":"closed","template":"","meta":{"_acf_changed":true,"_seopress_robots_primary_cat":"none","_seopress_titles_title":"12x30W LED Moving Head Dot Bar Light | RGBW DMX Pixel-Control Beam Bar \u2013 Aolait","_seopress_titles_desc":"Shop Aolait\u2019s AL3012B \u2013 a 12x30W LED moving head dot bar with pixel control, ultra-narrow 3\u00b0 beam, DMX512, and fast strobe for stage and DJ lighting. Ideal for concerts, clubs, and productions.","_seopress_robots_index":""},"product_brand":[],"product_cat":[28,403],"product_tag":[39,37,40,38],"class_list":{"0":"post-492","1":"product","2":"type-product","3":"status-publish","4":"has-post-thumbnail","6":"product_cat-led-wash-moving-head","7":"product_cat-product","8":"product_tag-beam-wash-lights","9":"product_tag-led-beam-moving-head","10":"product_tag-led-dot-bar","11":"product_tag-led-wash-moving-head","13":"first","14":"instock","15":"shipping-taxable","16":"product-type-simple"},"acf":[],"_links":{"self":[{"href":"https:\/\/aolait.com\/tr\/wp-json\/wp\/v2\/product\/492","targetHints":{"allow":["GET"]}}],"collection":[{"href":"https:\/\/aolait.com\/tr\/wp-json\/wp\/v2\/product"}],"about":[{"href":"https:\/\/aolait.com\/tr\/wp-json\/wp\/v2\/types\/product"}],"replies":[{"embeddable":true,"href":"https:\/\/aolait.com\/tr\/wp-json\/wp\/v2\/comments?post=492"}],"wp:featuredmedia":[{"embeddable":true,"href":"https:\/\/aolait.com\/tr\/wp-json\/wp\/v2\/media\/11885"}],"wp:attachment":[{"href":"https:\/\/aolait.com\/tr\/wp-json\/wp\/v2\/media?parent=492"}],"wp:term":[{"taxonomy":"product_brand","embeddable":true,"href":"https:\/\/aolait.com\/tr\/wp-json\/wp\/v2\/product_brand?post=492"},{"taxonomy":"product_cat","embeddable":true,"href":"https:\/\/aolait.com\/tr\/wp-json\/wp\/v2\/product_cat?post=492"},{"taxonomy":"product_tag","embeddable":true,"href":"https:\/\/aolait.com\/tr\/wp-json\/wp\/v2\/product_tag?post=492"}],"curies":[{"name":"wp","href":"https:\/\/api.w.org\/{rel}","templated":true}]}}