{"id":791,"date":"2020-11-02T11:41:58","date_gmt":"2020-11-02T03:41:58","guid":{"rendered":"https:\/\/aolait.com\/?post_type=product&#038;p=791"},"modified":"2025-12-08T09:05:49","modified_gmt":"2025-12-08T01:05:49","slug":"250w-led-beam-spot-wash-3-in-1","status":"publish","type":"product","link":"https:\/\/aolait.com\/tr\/urun\/250w-led-isin-spot-yikama-3u-1-arada\/","title":{"rendered":"250W Led I\u015f\u0131n Spot Y\u0131kama 3'\u00fc 1 arada"},"content":{"rendered":"<p><iframe src=\"https:\/\/www.youtube.com\/embed\/jt3DetdaSjo\" width=\"560\" height=\"315\" frameborder=\"0\" allowfullscreen=\"allowfullscreen\"><\/iframe><\/p>","protected":false},"excerpt":{"rendered":"<p class=\"\" data-start=\"4854\" data-end=\"5001\">Aolait AL250RX, motorlu yak\u0131nla\u015ft\u0131rma ve tam DMX\/RDM deste\u011fi ile \u0131\u015f\u0131n, spot ve y\u0131kama efektlerini harmanlayan profesyonel bir 3'\u00fc 1 arada 250W LED hareketli kafad\u0131r.<\/p>\n<h2 class=\"\" data-start=\"5003\" data-end=\"5020\"><\/h2>\n<h2 class=\"\" data-start=\"5003\" data-end=\"5020\"><\/h2>","protected":false},"featured_media":14065,"comment_status":"open","ping_status":"closed","template":"","meta":{"_acf_changed":false,"_seopress_robots_primary_cat":"none","_seopress_titles_title":"250W LED Beam Spot Wash 3-in-1 Moving Head Light \u2013 Aolait AL250RX","_seopress_titles_desc":"Discover the Aolait AL250RX \u2013 a compact 250W LED beam spot wash 3-in-1 moving head light with DMX, RDM, motorized zoom, dual gobo wheels, and stunning prism effects. Ideal for stages, DJs, weddings, and rentals.","_seopress_robots_index":""},"product_brand":[],"product_cat":[27,403],"product_tag":[78,47,76,77],"class_list":{"0":"post-791","1":"product","2":"type-product","3":"status-publish","4":"has-post-thumbnail","6":"product_cat-led-spot-moving-head","7":"product_cat-product","8":"product_tag-250w-led-moving-head","9":"product_tag-beam-spot-wash","10":"product_tag-disco-lighting","11":"product_tag-dj-lighting","13":"first","14":"instock","15":"downloadable","16":"virtual","17":"product-type-simple"},"acf":[],"_links":{"self":[{"href":"https:\/\/aolait.com\/tr\/wp-json\/wp\/v2\/product\/791","targetHints":{"allow":["GET"]}}],"collection":[{"href":"https:\/\/aolait.com\/tr\/wp-json\/wp\/v2\/product"}],"about":[{"href":"https:\/\/aolait.com\/tr\/wp-json\/wp\/v2\/types\/product"}],"replies":[{"embeddable":true,"href":"https:\/\/aolait.com\/tr\/wp-json\/wp\/v2\/comments?post=791"}],"wp:featuredmedia":[{"embeddable":true,"href":"https:\/\/aolait.com\/tr\/wp-json\/wp\/v2\/media\/14065"}],"wp:attachment":[{"href":"https:\/\/aolait.com\/tr\/wp-json\/wp\/v2\/media?parent=791"}],"wp:term":[{"taxonomy":"product_brand","embeddable":true,"href":"https:\/\/aolait.com\/tr\/wp-json\/wp\/v2\/product_brand?post=791"},{"taxonomy":"product_cat","embeddable":true,"href":"https:\/\/aolait.com\/tr\/wp-json\/wp\/v2\/product_cat?post=791"},{"taxonomy":"product_tag","embeddable":true,"href":"https:\/\/aolait.com\/tr\/wp-json\/wp\/v2\/product_tag?post=791"}],"curies":[{"name":"wp","href":"https:\/\/api.w.org\/{rel}","templated":true}]}}