{"id":847,"date":"2020-11-03T10:34:11","date_gmt":"2020-11-03T02:34:11","guid":{"rendered":"https:\/\/aolait.com\/?post_type=product&#038;p=847"},"modified":"2025-12-03T17:09:35","modified_gmt":"2025-12-03T09:09:35","slug":"36x12w-led-moving-head-zoom","status":"publish","type":"product","link":"https:\/\/aolait.com\/tr\/urun\/36x12w-led-hareketli-kafa-zoom\/","title":{"rendered":"36x12W Led Hareketli Kafa Yak\u0131nla\u015ft\u0131rma"},"content":{"rendered":"<p>Gerilim AC100-240V 50\/60Hz<\/p>\n<p>G\u00fc\u00e7: 400W<\/p>\n<p>I\u015f\u0131k Kayna\u011f\u0131: 36 adet 10W y\u00fcksek parlakl\u0131kta RGBW 4'\u00fc 1 arada LED (5in1 veya 6in1 mevcuttur)<\/p>\n<p>Kullan\u0131m \u00d6mr\u00fc: 100000 Saat<\/p>\n<p>Renk: RGBW kar\u0131\u015f\u0131k (RGBWA veya RGBWA+UV) iste\u011fe ba\u011fl\u0131<\/p>\n<p>Odak: ultra yumu\u015fak odak ayar\u0131<\/p>\n<p>I\u015f\u0131n a\u00e7\u0131s\u0131: 15\u00b0<\/p>\n<p>Strobe: 1-10 kez\/saniye veya rastgele<\/p>\n<p>Dimmer: 0-100% do\u011frusal karartma<\/p>\n<p>Hareket: Pan 540\u00b0, 16 bit \u00e7\u00f6z\u00fcn\u00fcrl\u00fck Tilt 270\u00b0, 16 bit \u00e7\u00f6z\u00fcn\u00fcrl\u00fck<\/p>\n<p>Kontrol modu: Standart DMX 512\/master-salve\/sound\/auto<\/p>\n<p>DMX Kanal\u0131: 12\/16 Kanal<\/p>\n<p>Ekran: LCD ekran, dokunmatik ekran<\/p>\n<p>IP S\u0131n\u0131f\u0131: IP20<\/p>\n<p>Boyut: 425*295*390 mm<\/p>\n<p>Net a\u011f\u0131rl\u0131k: 10 KG<\/p>\n<p><iframe src=\"https:\/\/www.youtube.com\/embed\/qTiSE_3dw2w\" width=\"560\" height=\"315\" frameborder=\"0\" allowfullscreen=\"allowfullscreen\"><\/iframe><\/p>","protected":false},"excerpt":{"rendered":"<p>36*12W Led Y\u0131kama Zoomlu Hareketli Ba\u015fl\u0131k<\/p>\n<p>Klasik bir sahne ayd\u0131nlatma ekipman\u0131<\/p>\n<p>RGBW yedi renge kar\u0131\u015ft\u0131rma, iste\u011fe ba\u011fl\u0131 renk<\/p>\n<p>Kesinlikle t\u00fcm beklentilerinizi kar\u015f\u0131l\u0131yor.<\/p>","protected":false},"featured_media":13917,"comment_status":"open","ping_status":"closed","template":"","meta":{"_acf_changed":true,"_seopress_robots_primary_cat":"none","_seopress_titles_title":"","_seopress_titles_desc":"","_seopress_robots_index":""},"product_brand":[],"product_cat":[28,403],"product_tag":[89,38,90],"class_list":{"0":"post-847","1":"product","2":"type-product","3":"status-publish","4":"has-post-thumbnail","6":"product_cat-led-wash-moving-head","7":"product_cat-product","8":"product_tag-36x12w-led-wash","9":"product_tag-led-wash-moving-head","10":"product_tag-led-wash-zoom","12":"first","13":"instock","14":"downloadable","15":"shipping-taxable","16":"product-type-simple"},"acf":[],"_links":{"self":[{"href":"https:\/\/aolait.com\/tr\/wp-json\/wp\/v2\/product\/847","targetHints":{"allow":["GET"]}}],"collection":[{"href":"https:\/\/aolait.com\/tr\/wp-json\/wp\/v2\/product"}],"about":[{"href":"https:\/\/aolait.com\/tr\/wp-json\/wp\/v2\/types\/product"}],"replies":[{"embeddable":true,"href":"https:\/\/aolait.com\/tr\/wp-json\/wp\/v2\/comments?post=847"}],"wp:featuredmedia":[{"embeddable":true,"href":"https:\/\/aolait.com\/tr\/wp-json\/wp\/v2\/media\/13917"}],"wp:attachment":[{"href":"https:\/\/aolait.com\/tr\/wp-json\/wp\/v2\/media?parent=847"}],"wp:term":[{"taxonomy":"product_brand","embeddable":true,"href":"https:\/\/aolait.com\/tr\/wp-json\/wp\/v2\/product_brand?post=847"},{"taxonomy":"product_cat","embeddable":true,"href":"https:\/\/aolait.com\/tr\/wp-json\/wp\/v2\/product_cat?post=847"},{"taxonomy":"product_tag","embeddable":true,"href":"https:\/\/aolait.com\/tr\/wp-json\/wp\/v2\/product_tag?post=847"}],"curies":[{"name":"wp","href":"https:\/\/api.w.org\/{rel}","templated":true}]}}